{"id":837,"date":"2024-06-08T10:06:52","date_gmt":"2024-06-08T15:06:52","guid":{"rendered":"https:\/\/juanchitoys.com\/?post_type=product&#038;p=837"},"modified":"2025-06-13T09:39:30","modified_gmt":"2025-06-13T14:39:30","slug":"ken-ryuguji-king-of-arts","status":"publish","type":"product","link":"https:\/\/juanchitoys.com\/index.php\/producto\/ken-ryuguji-king-of-arts\/","title":{"rendered":"KEN RYUGUJI KING OF ARTS"},"content":{"rendered":"<p>\u00a1DE LA EXITOSA SERIE DE ANIME TOKYO REVENGERS LLEGA UNA NUEVA FIGURA DE KEN RYUGUJI! \u00a1POSTADA MIENTRAS EST\u00c1 ARRODILLADO EN EL SUELO CON EL PU\u00d1O, ESTA FIGURA ALTAMENTE DETALLADA ES UNA QUE NO QUERR\u00c1S PERDERTE! \u00a1PIDE EL TUYO HOY!<\/p>\n<p>FICHA TECNICA:<br \/>\n*LICENCIA: TOKYO REVENGERS<br \/>\n*L\u00cdNEA DEL PRODUCTO: KING OF ARTIST<br \/>\n*FABRICANTE: BANDAI SPIRITS &#8211; BANPRESTO<br \/>\n*ESPECIFICACIONES: PINTADA, EST\u00c1TICA Y FABRICADA EN PVC Y ABS.<br \/>\n*ALTURA 14 CM<br \/>\n*ORIGEN JAPON<\/p>\n","protected":false},"excerpt":{"rendered":"<p>\u00a1DE LA EXITOSA SERIE DE ANIME TOKYO REVENGERS LLEGA UNA NUEVA FIGURA DE KEN RYUGUJI! \u00a1POSTADA MIENTRAS EST\u00c1 ARRODILLADO EN EL SUELO CON EL PU\u00d1O, ESTA FIGURA ALTAMENTE DETALLADA ES UNA QUE NO QUERR\u00c1S PERDERTE! \u00a1PIDE EL TUYO HOY!<\/p>\n","protected":false},"featured_media":838,"comment_status":"open","ping_status":"closed","template":"","meta":[],"product_brand":[],"product_cat":[84,29],"product_tag":[35],"class_list":{"0":"post-837","1":"product","2":"type-product","3":"status-publish","4":"has-post-thumbnail","6":"product_cat-ofertas","7":"product_cat-tokyo-revengers","8":"product_tag-bandai","10":"first","11":"outofstock","12":"sale","13":"shipping-taxable","14":"purchasable","15":"product-type-simple"},"_links":{"self":[{"href":"https:\/\/juanchitoys.com\/index.php\/wp-json\/wp\/v2\/product\/837","targetHints":{"allow":["GET"]}}],"collection":[{"href":"https:\/\/juanchitoys.com\/index.php\/wp-json\/wp\/v2\/product"}],"about":[{"href":"https:\/\/juanchitoys.com\/index.php\/wp-json\/wp\/v2\/types\/product"}],"replies":[{"embeddable":true,"href":"https:\/\/juanchitoys.com\/index.php\/wp-json\/wp\/v2\/comments?post=837"}],"wp:featuredmedia":[{"embeddable":true,"href":"https:\/\/juanchitoys.com\/index.php\/wp-json\/wp\/v2\/media\/838"}],"wp:attachment":[{"href":"https:\/\/juanchitoys.com\/index.php\/wp-json\/wp\/v2\/media?parent=837"}],"wp:term":[{"taxonomy":"product_brand","embeddable":true,"href":"https:\/\/juanchitoys.com\/index.php\/wp-json\/wp\/v2\/product_brand?post=837"},{"taxonomy":"product_cat","embeddable":true,"href":"https:\/\/juanchitoys.com\/index.php\/wp-json\/wp\/v2\/product_cat?post=837"},{"taxonomy":"product_tag","embeddable":true,"href":"https:\/\/juanchitoys.com\/index.php\/wp-json\/wp\/v2\/product_tag?post=837"}],"curies":[{"name":"wp","href":"https:\/\/api.w.org\/{rel}","templated":true}]}}