{"id":828,"date":"2024-06-08T10:01:39","date_gmt":"2024-06-08T15:01:39","guid":{"rendered":"https:\/\/juanchitoys.com\/?post_type=product&#038;p=828"},"modified":"2025-01-23T16:57:38","modified_gmt":"2025-01-23T21:57:38","slug":"kazutora-hanemiya","status":"publish","type":"product","link":"https:\/\/juanchitoys.com\/index.php\/producto\/kazutora-hanemiya\/","title":{"rendered":"KAZUTORA HANEMIYA"},"content":{"rendered":"<p>\u00daNETE A LA PANDILLA M\u00c1S PELIGROSA DE TOKYO CON ESTA ESPECTACULAR ESTATUILLA QUE BANPRESTO Y BANDAI NAMCO TRAEN PARA TI. DE LA EXITOSA PRODUCCI\u00d3N TOKYO REVENGERS, LLEGA A NOSOTROS UNO DE LOS PERSONAJES M\u00c1S S\u00c1DICOS E INESTABLES DE LA SERIE, UNO DE LOS FUNDADORES DE LA TOKYO MANJI: KAZUTORA HANEMIYA.<\/p>\n<p>EN ESTA ESTREMECEDORA AVENTURA HANEMIYA DESTACA POR SER UNO DE LOS PERSONAJES M\u00c1S INESTABLES Y VIOLENTOS DE LA SERIE, INCLUSO LLEGANDO A SER UN PODEROSO ANTAGONISTA EN UN MOMENTO DADO.<\/p>\n<p>LA ESTATUILLA RETRATA A HANEMIYA A LA PERFECCI\u00d3N, REPRODUCIENDO A DETALLE SUS INCONFUNDIBLES RASGOS FACIALES, AS\u00cd COMO EL MAGN\u00cdFICO TATUAJE QUE LUCE AL LADO DERECHO DE SU CUELLO.<\/p>\n<p>FICHA TECNICA:<br \/>\n*ALTURA 17 CM<br \/>\n*MARCA BANDAI<br \/>\n*NO ARTICULABLE<br \/>\n*MATERIAL PVC<br \/>\n*ORIGEN JAPON<\/p>\n","protected":false},"excerpt":{"rendered":"<p>\u00daNETE A LA PANDILLA M\u00c1S PELIGROSA DE TOKYO CON ESTA ESPECTACULAR ESTATUILLA QUE BANPRESTO Y BANDAI NAMCO TRAEN PARA TI. DE LA EXITOSA PRODUCCI\u00d3N TOKYO REVENGERS, LLEGA A NOSOTROS UNO DE LOS PERSONAJES M\u00c1S S\u00c1DICOS E INESTABLES DE LA SERIE, UNO DE LOS FUNDADORES DE LA TOKYO MANJI: KAZUTORA HANEMIYA.<\/p>\n","protected":false},"featured_media":831,"comment_status":"open","ping_status":"closed","template":"","meta":[],"product_brand":[],"product_cat":[29],"product_tag":[52],"class_list":{"0":"post-828","1":"product","2":"type-product","3":"status-publish","4":"has-post-thumbnail","6":"product_cat-tokyo-revengers","7":"product_tag-banpresto","9":"first","10":"instock","11":"sale","12":"shipping-taxable","13":"purchasable","14":"product-type-simple"},"_links":{"self":[{"href":"https:\/\/juanchitoys.com\/index.php\/wp-json\/wp\/v2\/product\/828","targetHints":{"allow":["GET"]}}],"collection":[{"href":"https:\/\/juanchitoys.com\/index.php\/wp-json\/wp\/v2\/product"}],"about":[{"href":"https:\/\/juanchitoys.com\/index.php\/wp-json\/wp\/v2\/types\/product"}],"replies":[{"embeddable":true,"href":"https:\/\/juanchitoys.com\/index.php\/wp-json\/wp\/v2\/comments?post=828"}],"wp:featuredmedia":[{"embeddable":true,"href":"https:\/\/juanchitoys.com\/index.php\/wp-json\/wp\/v2\/media\/831"}],"wp:attachment":[{"href":"https:\/\/juanchitoys.com\/index.php\/wp-json\/wp\/v2\/media?parent=828"}],"wp:term":[{"taxonomy":"product_brand","embeddable":true,"href":"https:\/\/juanchitoys.com\/index.php\/wp-json\/wp\/v2\/product_brand?post=828"},{"taxonomy":"product_cat","embeddable":true,"href":"https:\/\/juanchitoys.com\/index.php\/wp-json\/wp\/v2\/product_cat?post=828"},{"taxonomy":"product_tag","embeddable":true,"href":"https:\/\/juanchitoys.com\/index.php\/wp-json\/wp\/v2\/product_tag?post=828"}],"curies":[{"name":"wp","href":"https:\/\/api.w.org\/{rel}","templated":true}]}}