{"id":824,"date":"2024-06-08T09:59:24","date_gmt":"2024-06-08T14:59:24","guid":{"rendered":"https:\/\/juanchitoys.com\/?post_type=product&#038;p=824"},"modified":"2025-01-23T16:57:56","modified_gmt":"2025-01-23T21:57:56","slug":"hakkai-shiba-round-1","status":"publish","type":"product","link":"https:\/\/juanchitoys.com\/index.php\/producto\/hakkai-shiba-round-1\/","title":{"rendered":"HAKKAI SHIBA ROUND 1"},"content":{"rendered":"<p>HAKKAI SHIBA SE MUESTRA LA CALIDAD DE SEGA , SE DESTACA EN CADA CENT\u00cdMETRO DE ESTA FIGURA. YA SEA QUE EST\u00c9S FAMILIARIZADO CON EL MANGA O EL ANIME,<br \/>\nESTA PIEZA CAPTURA LA ESENCIA DEL PERSONAJE Y LA ATM\u00d3SFERA \u00daNICA DE TOKYO REVENGERS.<\/p>\n<p>SUM\u00c9RGETE EN EL MUNDO VIBRANTE DE TOKYO REVENGERS CON ESTA ESPECTACULAR FIGURA DE HAKKAI SHIBA. LA ATENCI\u00d3N A LOS DETALLES ES ASOMBROSA, DESDE SU ATUENDO CARACTER\u00cdSTICO HASTA SU EXPRESI\u00d3N QUE REFLEJA LA INTENSIDAD DE LA SERIE.<br \/>\nESTA VERSI\u00d3N LIMITADA ES UNA JOYA PARA LOS VERDADEROS FAN\u00c1TICOS Y COLECCIONISTAS.<\/p>\n<p>FICHA TECNICA:<br \/>\n*ALTURA 17 CM<br \/>\n*FABRICANTE SEGA<br \/>\n*FIGURA NO ARTICULABLE<br \/>\n*ORIGEN JAPON<\/p>\n","protected":false},"excerpt":{"rendered":"<p>HAKKAI SHIBA SE MUESTRA LA CALIDAD DE SEGA , SE DESTACA EN CADA CENT\u00cdMETRO DE ESTA FIGURA. YA SEA QUE EST\u00c9S FAMILIARIZADO CON EL MANGA O EL ANIME,<br \/>\nESTA PIEZA CAPTURA LA ESENCIA DEL PERSONAJE Y LA ATM\u00d3SFERA \u00daNICA DE TOKYO REVENGERS.<\/p>\n","protected":false},"featured_media":827,"comment_status":"open","ping_status":"closed","template":"","meta":[],"product_brand":[],"product_cat":[29],"product_tag":[45],"class_list":{"0":"post-824","1":"product","2":"type-product","3":"status-publish","4":"has-post-thumbnail","6":"product_cat-tokyo-revengers","7":"product_tag-sega","9":"first","10":"instock","11":"sale","12":"shipping-taxable","13":"purchasable","14":"product-type-simple"},"_links":{"self":[{"href":"https:\/\/juanchitoys.com\/index.php\/wp-json\/wp\/v2\/product\/824","targetHints":{"allow":["GET"]}}],"collection":[{"href":"https:\/\/juanchitoys.com\/index.php\/wp-json\/wp\/v2\/product"}],"about":[{"href":"https:\/\/juanchitoys.com\/index.php\/wp-json\/wp\/v2\/types\/product"}],"replies":[{"embeddable":true,"href":"https:\/\/juanchitoys.com\/index.php\/wp-json\/wp\/v2\/comments?post=824"}],"wp:featuredmedia":[{"embeddable":true,"href":"https:\/\/juanchitoys.com\/index.php\/wp-json\/wp\/v2\/media\/827"}],"wp:attachment":[{"href":"https:\/\/juanchitoys.com\/index.php\/wp-json\/wp\/v2\/media?parent=824"}],"wp:term":[{"taxonomy":"product_brand","embeddable":true,"href":"https:\/\/juanchitoys.com\/index.php\/wp-json\/wp\/v2\/product_brand?post=824"},{"taxonomy":"product_cat","embeddable":true,"href":"https:\/\/juanchitoys.com\/index.php\/wp-json\/wp\/v2\/product_cat?post=824"},{"taxonomy":"product_tag","embeddable":true,"href":"https:\/\/juanchitoys.com\/index.php\/wp-json\/wp\/v2\/product_tag?post=824"}],"curies":[{"name":"wp","href":"https:\/\/api.w.org\/{rel}","templated":true}]}}