{"id":760,"date":"2024-06-08T09:33:44","date_gmt":"2024-06-08T14:33:44","guid":{"rendered":"https:\/\/juanchitoys.com\/?post_type=product&#038;p=760"},"modified":"2025-01-23T19:05:47","modified_gmt":"2025-01-24T00:05:47","slug":"ram-celestial-banpresto","status":"publish","type":"product","link":"https:\/\/juanchitoys.com\/index.php\/producto\/ram-celestial-banpresto\/","title":{"rendered":"RAM CELESTIAL BANPRESTO"},"content":{"rendered":"<p>DELEITA TUS SENTIDOS CON LAS BELL\u00cdSIMAS FIGURAS DE LA COLECCI\u00d3N CELESTIAL VIVI QUE BANPRESTO Y BANDAI TRAEN PARA TI.<\/p>\n<p>CELESTIAL VIVI ES UNA L\u00cdNEA COLECCIONABLE EN LA QUE BANPRESTO NOS PRESENTA A LAS CHICAS M\u00c1S HERMOSAS DEL MUNDO DEL ANIME GOZANDO SUS VACACIONES EN ALGUNA PLAYA MIENTRAS LUCEN SUS TRAJES DE BA\u00d1O. EN ESTA OCASI\u00d3N LA HERMOSA KANADE HAYAMI (THE IDOLMASTER CINDERELLA GIRLS) LUCE UN REVELADOR BIKINI, EL CUAL SE ENCUENTRA MINUCIOSAMENTE DETALLADO, MOSTRANDO UNA TEXTURA QUE ASEMEJA A UN ENCAJE EN AMBAS PRENDAS.<\/p>\n<p>EL ROSTRO DE HAYAMI SE ENCUENTRA EXCELENTEMENTE BIEN REALIZADO, RESPETANDO A LA PERFECCI\u00d3N LAS FINAS FACCIONES DEL PERSONAJE.<\/p>\n<p>FICHA TECNICA:<br \/>\n*ALTURA 18 CM<br \/>\n*MATERIAL PVC<br \/>\n*BASADO EN EL ANIME RE: ZERO STARTING LIFE IN ANOTHER WORLD<br \/>\n*MUY DETALLADO<br \/>\n*NO ARTICULADO<br \/>\n*ORIGEN JAPON<\/p>\n","protected":false},"excerpt":{"rendered":"<p>DELEITA TUS SENTIDOS CON LAS BELL\u00cdSIMAS FIGURAS DE LA COLECCI\u00d3N CELESTIAL VIVI QUE BANPRESTO Y BANDAI TRAEN PARA TI.<\/p>\n","protected":false},"featured_media":762,"comment_status":"open","ping_status":"closed","template":"","meta":[],"product_brand":[],"product_cat":[26],"product_tag":[52],"class_list":{"0":"post-760","1":"product","2":"type-product","3":"status-publish","4":"has-post-thumbnail","6":"product_cat-re-zero","7":"product_tag-banpresto","9":"first","10":"instock","11":"shipping-taxable","12":"purchasable","13":"product-type-simple"},"_links":{"self":[{"href":"https:\/\/juanchitoys.com\/index.php\/wp-json\/wp\/v2\/product\/760","targetHints":{"allow":["GET"]}}],"collection":[{"href":"https:\/\/juanchitoys.com\/index.php\/wp-json\/wp\/v2\/product"}],"about":[{"href":"https:\/\/juanchitoys.com\/index.php\/wp-json\/wp\/v2\/types\/product"}],"replies":[{"embeddable":true,"href":"https:\/\/juanchitoys.com\/index.php\/wp-json\/wp\/v2\/comments?post=760"}],"wp:featuredmedia":[{"embeddable":true,"href":"https:\/\/juanchitoys.com\/index.php\/wp-json\/wp\/v2\/media\/762"}],"wp:attachment":[{"href":"https:\/\/juanchitoys.com\/index.php\/wp-json\/wp\/v2\/media?parent=760"}],"wp:term":[{"taxonomy":"product_brand","embeddable":true,"href":"https:\/\/juanchitoys.com\/index.php\/wp-json\/wp\/v2\/product_brand?post=760"},{"taxonomy":"product_cat","embeddable":true,"href":"https:\/\/juanchitoys.com\/index.php\/wp-json\/wp\/v2\/product_cat?post=760"},{"taxonomy":"product_tag","embeddable":true,"href":"https:\/\/juanchitoys.com\/index.php\/wp-json\/wp\/v2\/product_tag?post=760"}],"curies":[{"name":"wp","href":"https:\/\/api.w.org\/{rel}","templated":true}]}}