{"id":3853,"date":"2026-01-13T15:54:24","date_gmt":"2026-01-13T20:54:24","guid":{"rendered":"https:\/\/juanchitoys.com\/?post_type=product&#038;p=3853"},"modified":"2026-01-13T16:16:43","modified_gmt":"2026-01-13T21:16:43","slug":"kuromi-sofvimates-bandai","status":"publish","type":"product","link":"https:\/\/juanchitoys.com\/index.php\/producto\/kuromi-sofvimates-bandai\/","title":{"rendered":"KUROMI SOFVIMATES BANDAI"},"content":{"rendered":"<h3>FIGURA KUROMI \u2013 SOFVIMATES \u2013 BANPRESTO \u2013 SANRIO CHARACTERS<\/h3>\n<p>LA FIGURA KUROMI \u2013 SOFVIMATES ES UNA FIGURA COLECCIONABLE OFICIAL DEL UNIVERSO SANRIO, PRODUCIDA POR BANPRESTO Y DISTRIBUIDA POR BANDAI SPIRITS COMO PARTE DE LA L\u00cdNEA SOFVIMATES. ESTA COLECCI\u00d3N EST\u00c1 DISE\u00d1ADA PARA OFRECER PIEZAS CON UN ESTILO ADORABLE Y ACOGEDOR, CAPTURANDO LA PERSONALIDAD TRAVIESA Y ENCANTADORA DE KUROMI, UNO DE LOS PERSONAJES M\u00c1S QUERIDOS DEL UNIVERSO SANRIO Y CONOCIDA POR SER LA VERSI\u00d3N \u201cPUNK\u201d Y REBELDE FRENTE A MY MELODY.<\/p>\n<h3>CARACTER\u00cdSTICAS DEL PERSONAJE:<\/h3>\n<p>PERSONAJE: KUROMI \u2013 SANRIO CHARACTERS<\/p>\n<p>SERIE: SANRIO &#8220;HELLO KITTY &amp; FRIENDS&#8221;<\/p>\n<p>MARCA \/ FABRICANTE: BANPRESTO<\/p>\n<p>COLECCI\u00d3N: SOFVIMATES<\/p>\n<p>ALTURA APROXIMADA: 17 CM<\/p>\n<p>MATERIAL: PVC Y VINILO SUAVE DE ALTA CALIDAD<\/p>\n<p>POSE: EXPRESIVA Y ADORABLE \u2014 DESDE VERSI\u00d3N RELAX SENTADA HASTA POSE DE PIE TRADICIONAL<\/p>\n<p>INCLUYE: BASE DE SOPORTE PARA EXHIBICI\u00d3N<\/p>\n<p>LICENCIA: OFICIAL SANRIO<\/p>\n","protected":false},"excerpt":{"rendered":"<p>LA FIGURA KUROMI \u2013 SOFVIMATES ES UNA FIGURA COLECCIONABLE OFICIAL DEL UNIVERSO SANRIO, PRODUCIDA POR BANPRESTO Y DISTRIBUIDA POR BANDAI SPIRITS COMO PARTE DE LA L\u00cdNEA SOFVIMATES. ESTA COLECCI\u00d3N EST\u00c1 DISE\u00d1ADA PARA OFRECER PIEZAS CON UN ESTILO ADORABLE Y ACOGEDOR, CAPTURANDO LA PERSONALIDAD TRAVIESA Y ENCANTADORA DE KUROMI, UNO DE LOS PERSONAJES M\u00c1S QUERIDOS DEL UNIVERSO SANRIO Y CONOCIDA POR SER LA VERSI\u00d3N \u201cPUNK\u201d Y REBELDE FRENTE A MY MELODY.<\/p>\n","protected":false},"featured_media":3854,"comment_status":"open","ping_status":"closed","template":"","meta":[],"product_brand":[],"product_cat":[89,121],"product_tag":[35,93],"class_list":{"0":"post-3853","1":"product","2":"type-product","3":"status-publish","4":"has-post-thumbnail","6":"product_cat-novedades","7":"product_cat-sanrio","8":"product_tag-bandai","9":"product_tag-sofvimates","11":"first","12":"instock","13":"shipping-taxable","14":"purchasable","15":"product-type-simple"},"_links":{"self":[{"href":"https:\/\/juanchitoys.com\/index.php\/wp-json\/wp\/v2\/product\/3853","targetHints":{"allow":["GET"]}}],"collection":[{"href":"https:\/\/juanchitoys.com\/index.php\/wp-json\/wp\/v2\/product"}],"about":[{"href":"https:\/\/juanchitoys.com\/index.php\/wp-json\/wp\/v2\/types\/product"}],"replies":[{"embeddable":true,"href":"https:\/\/juanchitoys.com\/index.php\/wp-json\/wp\/v2\/comments?post=3853"}],"wp:featuredmedia":[{"embeddable":true,"href":"https:\/\/juanchitoys.com\/index.php\/wp-json\/wp\/v2\/media\/3854"}],"wp:attachment":[{"href":"https:\/\/juanchitoys.com\/index.php\/wp-json\/wp\/v2\/media?parent=3853"}],"wp:term":[{"taxonomy":"product_brand","embeddable":true,"href":"https:\/\/juanchitoys.com\/index.php\/wp-json\/wp\/v2\/product_brand?post=3853"},{"taxonomy":"product_cat","embeddable":true,"href":"https:\/\/juanchitoys.com\/index.php\/wp-json\/wp\/v2\/product_cat?post=3853"},{"taxonomy":"product_tag","embeddable":true,"href":"https:\/\/juanchitoys.com\/index.php\/wp-json\/wp\/v2\/product_tag?post=3853"}],"curies":[{"name":"wp","href":"https:\/\/api.w.org\/{rel}","templated":true}]}}