{"id":3798,"date":"2026-01-12T15:37:46","date_gmt":"2026-01-12T20:37:46","guid":{"rendered":"https:\/\/juanchitoys.com\/?post_type=product&#038;p=3798"},"modified":"2026-01-12T15:37:47","modified_gmt":"2026-01-12T20:37:47","slug":"magneto-sega","status":"publish","type":"product","link":"https:\/\/juanchitoys.com\/index.php\/producto\/magneto-sega\/","title":{"rendered":"MAGNETO SEGA"},"content":{"rendered":"<h3>FIGURA MAGNETO \u2013 ACT\/CUT PREMIUM \u2013 SEGA \u2013 BANPRESTO \u2013 MARVEL<\/h3>\n<p>LA FIGURA MAGNETO \u2013 ACT\/CUT PREMIUM ES UNA FIGURA COLECCIONABLE OFICIAL DEL UNIVERSO MARVEL COMICS, PRODUCIDA POR SEGA DENTRO DE LA GAMA ACT\/CUT PREMIUM DE BANPRESTO (PARTE DE BANDAI SPIRITS). REPRESENTA AL LEGENDARIO MAGNETO (MAX EISENHARDT \/ ERIK LEHNSHERR), UNO DE LOS MUTANTES M\u00c1S PODEROSOS Y COMPLEJOS DE LOS X-MEN, CON UNA POSE DIN\u00c1MICA Y LLENA DE ENERG\u00cdA MAGN\u00c9TICA QUE TRANSMITE SU DOMINIO DEL MAGNETISMO DE FORMA IMPACTANTE.<\/p>\n<h3>CARACTER\u00cdSTICAS DEL PERSONAJE:<\/h3>\n<p>PERSONAJE: MAGNETO \u2013 VILLANO \/ ANTIH\u00c9ROE DEL UNIVERSO X-MEN<\/p>\n<p>MARCA \/ FABRICANTE: SEGA \/ BANPRESTO<\/p>\n<p>COLECCI\u00d3N: ACT\/CUT PREMIUM<\/p>\n<p>ALTURA APROXIMADA: 16 CM<\/p>\n<p>MATERIAL: PVC Y ABS DE ALTA CALIDAD<\/p>\n<p>POSE: DIN\u00c1MICA CON CAPA ONDEANTE Y EFECTO DE MAGNETISMO<\/p>\n<p>LICENCIA: OFICIAL MARVEL COMICS \/ X-MEN<\/p>\n<p>IDEAL PARA: FANS DE X-MEN, COLECCIONISTAS MARVEL Y FIGURAS GEEKS<\/p>\n","protected":false},"excerpt":{"rendered":"<p>LA FIGURA MAGNETO \u2013 ACT\/CUT PREMIUM ES UNA FIGURA COLECCIONABLE OFICIAL DEL UNIVERSO MARVEL COMICS, PRODUCIDA POR SEGA DENTRO DE LA GAMA ACT\/CUT PREMIUM DE BANPRESTO (PARTE DE BANDAI SPIRITS). REPRESENTA AL LEGENDARIO MAGNETO (MAX EISENHARDT \/ ERIK LEHNSHERR), UNO DE LOS MUTANTES M\u00c1S PODEROSOS Y COMPLEJOS DE LOS X-MEN, CON UNA POSE DIN\u00c1MICA Y LLENA DE ENERG\u00cdA MAGN\u00c9TICA QUE TRANSMITE SU DOMINIO DEL MAGNETISMO DE FORMA IMPACTANTE.<\/p>\n","protected":false},"featured_media":3799,"comment_status":"open","ping_status":"closed","template":"","meta":[],"product_brand":[],"product_cat":[60,89],"product_tag":[45],"class_list":{"0":"post-3798","1":"product","2":"type-product","3":"status-publish","4":"has-post-thumbnail","6":"product_cat-peliculas","7":"product_cat-novedades","8":"product_tag-sega","10":"first","11":"instock","12":"shipping-taxable","13":"purchasable","14":"product-type-simple"},"_links":{"self":[{"href":"https:\/\/juanchitoys.com\/index.php\/wp-json\/wp\/v2\/product\/3798","targetHints":{"allow":["GET"]}}],"collection":[{"href":"https:\/\/juanchitoys.com\/index.php\/wp-json\/wp\/v2\/product"}],"about":[{"href":"https:\/\/juanchitoys.com\/index.php\/wp-json\/wp\/v2\/types\/product"}],"replies":[{"embeddable":true,"href":"https:\/\/juanchitoys.com\/index.php\/wp-json\/wp\/v2\/comments?post=3798"}],"wp:featuredmedia":[{"embeddable":true,"href":"https:\/\/juanchitoys.com\/index.php\/wp-json\/wp\/v2\/media\/3799"}],"wp:attachment":[{"href":"https:\/\/juanchitoys.com\/index.php\/wp-json\/wp\/v2\/media?parent=3798"}],"wp:term":[{"taxonomy":"product_brand","embeddable":true,"href":"https:\/\/juanchitoys.com\/index.php\/wp-json\/wp\/v2\/product_brand?post=3798"},{"taxonomy":"product_cat","embeddable":true,"href":"https:\/\/juanchitoys.com\/index.php\/wp-json\/wp\/v2\/product_cat?post=3798"},{"taxonomy":"product_tag","embeddable":true,"href":"https:\/\/juanchitoys.com\/index.php\/wp-json\/wp\/v2\/product_tag?post=3798"}],"curies":[{"name":"wp","href":"https:\/\/api.w.org\/{rel}","templated":true}]}}