{"id":3738,"date":"2026-01-12T13:31:19","date_gmt":"2026-01-12T18:31:19","guid":{"rendered":"https:\/\/juanchitoys.com\/?post_type=product&#038;p=3738"},"modified":"2026-01-12T13:31:19","modified_gmt":"2026-01-12T18:31:19","slug":"sasuke-uchiha-grandista-manga-dimensions-bandai","status":"publish","type":"product","link":"https:\/\/juanchitoys.com\/index.php\/producto\/sasuke-uchiha-grandista-manga-dimensions-bandai\/","title":{"rendered":"SASUKE UCHIHA GRANDISTA MANGA DIMENSIONS BANDAI"},"content":{"rendered":"<h3>FIGURA SASUKE UCHIHA \u2013 GRANDISTA MANGA DIMENSIONS \u2013 BANPRESTO (BANDAI SPIRITS) \u2013 NARUTO SHIPPUDEN<\/h3>\n<p>LA FIGURA SASUKE UCHIHA \u2013 GRANDISTA MANGA DIMENSIONS ES UNA FIGURA COLECCIONABLE OFICIAL DEL ANIME NARUTO SHIPPUDEN ,ESTA FIGURA CAPTURA A SASUKE UCHIHA CON SU ATUENDO CL\u00c1SICO DE NARUTO SHIPPUDEN Y UNA EXPRESI\u00d3N INTENSA QUE REFLEJA SU DETERMINACI\u00d3N. EL ESTILO MANGA DIMENSIONS UTILIZA PINTURA SOMBREADAS TIPO C\u00d3MIC PARA LOGRAR UN EFECTO ART\u00cdSTICO TRIDIMENSIONAL QUE RESALTA EN VITRINAS Y COLECCIONES TEM\u00c1TICAS.<\/p>\n<p>PERFECTA PARA FANS Y COLECCIONISTAS DE FIGURAS DE ANIME, ESTA PIEZA OFRECE UNA PRESENCIA VISUAL IMPONENTE GRACIAS A SU TAMA\u00d1O Y DISE\u00d1O DETALLADO, CONVIRTI\u00c9NDOSE EN UN ELEMENTO DESTACADO EN CUALQUIER EXHIBICI\u00d3N DE NARUTO.<\/p>\n<h3>CARACTER\u00cdSTICAS:<\/h3>\n<p>PERSONAJE: SASUKE UCHIHA<\/p>\n<p>SERIE: NARUTO SHIPPUDEN<\/p>\n<p>MARCA \/ FABRICANTE: BANDAI SPIRITS (BANPRESTO)<\/p>\n<p>COLECCI\u00d3N: GRANDISTA MANGA DIMENSIONS<\/p>\n<p>ALTURA: 27\u00a0 CM<\/p>\n<p>MATERIAL: PVC Y ABS DE ALTA CALIDAD<\/p>\n<p>POSE: SERIA Y DECIDIDA, FIEL A LA PERSONALIDAD DEL PERSONAJE<\/p>\n<p>INCLUYE: BASE NEGRA DE SOPORTE PARA EXPOSICI\u00d3N<\/p>\n<p>LICENCIA: OFICIAL NARUTO \/ NARUTO SHIPPUDEN<\/p>\n<p>&nbsp;<\/p>\n","protected":false},"excerpt":{"rendered":"<p>LA FIGURA SASUKE UCHIHA \u2013 GRANDISTA MANGA DIMENSIONS ES UNA FIGURA COLECCIONABLE OFICIAL DEL ANIME NARUTO SHIPPUDEN ,ESTA FIGURA CAPTURA A SASUKE UCHIHA CON SU ATUENDO CL\u00c1SICO DE NARUTO SHIPPUDEN Y UNA EXPRESI\u00d3N INTENSA QUE REFLEJA SU DETERMINACI\u00d3N. EL ESTILO MANGA DIMENSIONS UTILIZA PINTURA SOMBREADAS TIPO C\u00d3MIC PARA LOGRAR UN EFECTO ART\u00cdSTICO TRIDIMENSIONAL QUE RESALTA EN VITRINAS Y COLECCIONES TEM\u00c1TICAS.<\/p>\n","protected":false},"featured_media":3741,"comment_status":"open","ping_status":"closed","template":"","meta":[],"product_brand":[],"product_cat":[31,89],"product_tag":[35,56],"class_list":{"0":"post-3738","1":"product","2":"type-product","3":"status-publish","4":"has-post-thumbnail","6":"product_cat-naruto","7":"product_cat-novedades","8":"product_tag-bandai","9":"product_tag-grandista","11":"first","12":"instock","13":"shipping-taxable","14":"purchasable","15":"product-type-simple"},"_links":{"self":[{"href":"https:\/\/juanchitoys.com\/index.php\/wp-json\/wp\/v2\/product\/3738","targetHints":{"allow":["GET"]}}],"collection":[{"href":"https:\/\/juanchitoys.com\/index.php\/wp-json\/wp\/v2\/product"}],"about":[{"href":"https:\/\/juanchitoys.com\/index.php\/wp-json\/wp\/v2\/types\/product"}],"replies":[{"embeddable":true,"href":"https:\/\/juanchitoys.com\/index.php\/wp-json\/wp\/v2\/comments?post=3738"}],"wp:featuredmedia":[{"embeddable":true,"href":"https:\/\/juanchitoys.com\/index.php\/wp-json\/wp\/v2\/media\/3741"}],"wp:attachment":[{"href":"https:\/\/juanchitoys.com\/index.php\/wp-json\/wp\/v2\/media?parent=3738"}],"wp:term":[{"taxonomy":"product_brand","embeddable":true,"href":"https:\/\/juanchitoys.com\/index.php\/wp-json\/wp\/v2\/product_brand?post=3738"},{"taxonomy":"product_cat","embeddable":true,"href":"https:\/\/juanchitoys.com\/index.php\/wp-json\/wp\/v2\/product_cat?post=3738"},{"taxonomy":"product_tag","embeddable":true,"href":"https:\/\/juanchitoys.com\/index.php\/wp-json\/wp\/v2\/product_tag?post=3738"}],"curies":[{"name":"wp","href":"https:\/\/api.w.org\/{rel}","templated":true}]}}