{"id":365,"date":"2024-06-06T14:28:51","date_gmt":"2024-06-06T19:28:51","guid":{"rendered":"https:\/\/juanchitoys.com\/?post_type=product&#038;p=365"},"modified":"2025-01-23T17:43:52","modified_gmt":"2025-01-23T22:43:52","slug":"sakonji-urokodaki","status":"publish","type":"product","link":"https:\/\/juanchitoys.com\/index.php\/producto\/sakonji-urokodaki\/","title":{"rendered":"SAKONJI UROKODAKI"},"content":{"rendered":"<p>BANPRESTO LANZO LA FIGURA UROKODAKI ,SE REALIZO A DETALLE Y PRECISI\u00d3N EL DISE\u00d1O DEL PERSONAJE, CON UNA PINTURA Y ACABADO DE EXCELENTE CALIDAD QUE RECREA LOS DETALLES DEL TRAJE Y LA EXPRESI\u00d3N DE SAKONJI UROKODAKI. EL COLOR PREDOMINANTE DE LA FIGURA ES MULTICOLOR, REFLEJANDO LOS TONOS DEL KIMONO Y EL CABELLO DEL PERSONAJE.<\/p>\n<p>FICHA TECNICA:<br \/>\n* MARCA BANPRESTO<br \/>\n* MATERIAL: PVC<br \/>\n* TAMA\u00d1O 16 CM DE ALTO<br \/>\n* ORIGEN JAPON<\/p>\n","protected":false},"excerpt":{"rendered":"<p>BANPRESTO LANZO LA FIGURA UROKODAKI ,SE REALIZO A DETALLE Y PRECISI\u00d3N EL DISE\u00d1O DEL PERSONAJE, CON UNA PINTURA Y ACABADO DE EXCELENTE CALIDAD<\/p>\n","protected":false},"featured_media":368,"comment_status":"open","ping_status":"closed","template":"","meta":[],"product_brand":[],"product_cat":[20],"product_tag":[35],"class_list":{"0":"post-365","1":"product","2":"type-product","3":"status-publish","4":"has-post-thumbnail","6":"product_cat-kimetsu-no-yaiba","7":"product_tag-bandai","9":"first","10":"instock","11":"shipping-taxable","12":"purchasable","13":"product-type-simple"},"_links":{"self":[{"href":"https:\/\/juanchitoys.com\/index.php\/wp-json\/wp\/v2\/product\/365","targetHints":{"allow":["GET"]}}],"collection":[{"href":"https:\/\/juanchitoys.com\/index.php\/wp-json\/wp\/v2\/product"}],"about":[{"href":"https:\/\/juanchitoys.com\/index.php\/wp-json\/wp\/v2\/types\/product"}],"replies":[{"embeddable":true,"href":"https:\/\/juanchitoys.com\/index.php\/wp-json\/wp\/v2\/comments?post=365"}],"wp:featuredmedia":[{"embeddable":true,"href":"https:\/\/juanchitoys.com\/index.php\/wp-json\/wp\/v2\/media\/368"}],"wp:attachment":[{"href":"https:\/\/juanchitoys.com\/index.php\/wp-json\/wp\/v2\/media?parent=365"}],"wp:term":[{"taxonomy":"product_brand","embeddable":true,"href":"https:\/\/juanchitoys.com\/index.php\/wp-json\/wp\/v2\/product_brand?post=365"},{"taxonomy":"product_cat","embeddable":true,"href":"https:\/\/juanchitoys.com\/index.php\/wp-json\/wp\/v2\/product_cat?post=365"},{"taxonomy":"product_tag","embeddable":true,"href":"https:\/\/juanchitoys.com\/index.php\/wp-json\/wp\/v2\/product_tag?post=365"}],"curies":[{"name":"wp","href":"https:\/\/api.w.org\/{rel}","templated":true}]}}