{"id":3444,"date":"2025-11-20T10:42:22","date_gmt":"2025-11-20T15:42:22","guid":{"rendered":"https:\/\/juanchitoys.com\/?post_type=product&#038;p=3444"},"modified":"2025-11-20T10:42:22","modified_gmt":"2025-11-20T15:42:22","slug":"poltchageist-171-167-twilight-masquerade","status":"publish","type":"product","link":"https:\/\/juanchitoys.com\/index.php\/producto\/poltchageist-171-167-twilight-masquerade\/","title":{"rendered":"POLTCHAGEIST &#8211; 171\/167 &#8211; TWILIGHT MASQUERADE"},"content":{"rendered":"<h2>\ud83d\udc7b Poltchaegist <span class=\"math-inline\" data-math=\"171\/167\">171\/167 <\/span>(Ilustraci\u00f3n Rara Secreta)<\/h2>\n<p>&nbsp;<\/p>\n<p data-path-to-node=\"3\">Esta carta de Poltchaegist es una joya de colecci\u00f3n, destacando por ser una de las <b>Ilustraciones Raras Secretas<\/b> con una numeraci\u00f3n que excede el conteo normal del set. Estas cartas son extremadamente valoradas por la calidad y exclusividad de su arte.<\/p>\n<p data-path-to-node=\"4\">\n<h3>Caracter\u00edsticas Clave:<\/h3>\n<p>&nbsp;<\/p>\n<ul data-path-to-node=\"5\">\n<li>\n<p data-path-to-node=\"5,0,0\"><b>Ilustraci\u00f3n de Arte Completo (Full Art\/SAR):<\/b> La ilustraci\u00f3n abarca toda la carta, mostrando a Poltchaegist, el Pok\u00e9mon T\u00e9 Matcha, en un entorno detallado y a menudo con un estilo pict\u00f3rico o narrativo \u00fanico. Estas ilustraciones suelen contar una peque\u00f1a historia o mostrar al Pok\u00e9mon en un momento especial.<\/p>\n<\/li>\n<li>\n<p data-path-to-node=\"5,1,0\"><b>Rareza Secreta:<\/b> Al tener un n\u00famero superior al total de cartas listadas regularmente (<span class=\"math-inline\" data-math=\"167\">167<\/span>), esta carta es una de las m\u00e1s raras y dif\u00edciles de conseguir de la expansi\u00f3n, lo que aumenta significativamente su valor para los coleccionistas.<\/p>\n<\/li>\n<li>\n<p data-path-to-node=\"5,2,0\"><b>Dise\u00f1o \u00danico de Paldea:<\/b> Poltchaegist es un Pok\u00e9mon introducido en la regi\u00f3n de Paldea. La carta captura la est\u00e9tica encantadora y un poco misteriosa de este Pok\u00e9mon de Tipo Fantasma\/Planta.<\/p>\n<\/li>\n<li>\n<p data-path-to-node=\"5,3,0\"><b>Coleccionabilidad M\u00e1xima:<\/b> Es un &#8220;chase card&#8221; (carta de persecuci\u00f3n) para quienes buscan completar las colecciones maestras y obtener las cartas m\u00e1s raras del set, especialmente por su impacto visual.<\/p>\n<\/li>\n<\/ul>\n","protected":false},"excerpt":{"rendered":"<p>Esta carta de Poltchaegist es una joya de colecci\u00f3n, destacando por ser una de las <b>Ilustraciones Raras Secretas<\/b> ,con una numeraci\u00f3n que excede el conteo normal del set. Estas cartas son extremadamente valoradas por la calidad y exclusividad de su arte.<\/p>\n","protected":false},"featured_media":3445,"comment_status":"open","ping_status":"closed","template":"","meta":[],"product_brand":[],"product_cat":[15,113],"product_tag":[115,114],"class_list":{"0":"post-3444","1":"product","2":"type-product","3":"status-publish","4":"has-post-thumbnail","6":"product_cat-sin-categorizar","7":"product_cat-pokemon-sin-categorizar","8":"product_tag-pokemon","9":"product_tag-tcg","11":"first","12":"instock","13":"shipping-taxable","14":"purchasable","15":"product-type-simple"},"_links":{"self":[{"href":"https:\/\/juanchitoys.com\/index.php\/wp-json\/wp\/v2\/product\/3444","targetHints":{"allow":["GET"]}}],"collection":[{"href":"https:\/\/juanchitoys.com\/index.php\/wp-json\/wp\/v2\/product"}],"about":[{"href":"https:\/\/juanchitoys.com\/index.php\/wp-json\/wp\/v2\/types\/product"}],"replies":[{"embeddable":true,"href":"https:\/\/juanchitoys.com\/index.php\/wp-json\/wp\/v2\/comments?post=3444"}],"wp:featuredmedia":[{"embeddable":true,"href":"https:\/\/juanchitoys.com\/index.php\/wp-json\/wp\/v2\/media\/3445"}],"wp:attachment":[{"href":"https:\/\/juanchitoys.com\/index.php\/wp-json\/wp\/v2\/media?parent=3444"}],"wp:term":[{"taxonomy":"product_brand","embeddable":true,"href":"https:\/\/juanchitoys.com\/index.php\/wp-json\/wp\/v2\/product_brand?post=3444"},{"taxonomy":"product_cat","embeddable":true,"href":"https:\/\/juanchitoys.com\/index.php\/wp-json\/wp\/v2\/product_cat?post=3444"},{"taxonomy":"product_tag","embeddable":true,"href":"https:\/\/juanchitoys.com\/index.php\/wp-json\/wp\/v2\/product_tag?post=3444"}],"curies":[{"name":"wp","href":"https:\/\/api.w.org\/{rel}","templated":true}]}}