{"id":3337,"date":"2025-11-15T18:20:26","date_gmt":"2025-11-15T23:20:26","guid":{"rendered":"https:\/\/juanchitoys.com\/?post_type=product&#038;p=3337"},"modified":"2026-01-06T14:45:19","modified_gmt":"2026-01-06T19:45:19","slug":"gotenks-super-saiyan-3","status":"publish","type":"product","link":"https:\/\/juanchitoys.com\/index.php\/producto\/gotenks-super-saiyan-3\/","title":{"rendered":"GOTENKS SUPER SAIYAN 3 BANDAI"},"content":{"rendered":"<h2>GOTENKS SUPER SAIYAN 3 (MATCH MAKERS)<\/h2>\n<p data-path-to-node=\"4\">ESTA FIGURA PERTENECE A LA L\u00cdNEA <b>MATCH MAKERS<\/b> DE <b>BANPRESTO<\/b> (BANDAI NAMCO SPIRITS), UNA COLECCI\u00d3N DISE\u00d1ADA PARA PRESENTAR PERSONAJES EN <b>POSES ALTAMENTE DIN\u00c1MICAS<\/b> QUE, CUANDO SE UNEN CON SU CONTRA-PARTE (O RIVAL) DE LA MISMA COLECCI\u00d3N, <b>RECREAN UNA ESCENA DE BATALLA \u00c9PICA<\/b>.<\/p>\n<p data-path-to-node=\"5\">LA PIEZA REPRESENTA A <b>GOTENKS<\/b>, EL GUERRERO RESULTADO DE LA FUSI\u00d3N ENTRE GOTEN Y TRUNKS, EN SU PODEROSA TRANSFORMACI\u00d3N DE <b>SUPER SAIYAN 3<\/b>.<\/p>\n<h3>FICHA T\u00c9CNICA:<\/h3>\n<ul data-path-to-node=\"7\">\n<li>\n<p data-path-to-node=\"7,0,0\"><b>FABRICANTE:<\/b> BANPRESTO \/ BANDAI NAMCO SPIRITS<\/p>\n<\/li>\n<li>\n<p data-path-to-node=\"7,1,0\"><b>L\u00cdNEA:<\/b> <b>MATCH MAKERS<\/b><\/p>\n<\/li>\n<li>\n<p data-path-to-node=\"7,2,0\"><b>SERIE:<\/b> DRAGON BALL Z<\/p>\n<\/li>\n<li>\n<p data-path-to-node=\"7,3,0\"><b>PERSONAJE:<\/b>\u00a0 <b>GOTENKS<\/b> \u00a0<b>SUPER SAIYAN 3 <\/b><\/p>\n<\/li>\n<li>\n<p data-path-to-node=\"7,3,0\"><b><\/b><b>DISE\u00d1O DE POSE:<\/b> UNA <b>POSE EXTREMADAMENTE DIN\u00c1MICA Y EN\u00c9RGICA<\/b>, CON EL CUERPO INCLINADO Y LAS MANOS LISTAS PARA UN ATAQUE, COMO SI ESTUVIERA EN MEDIO DE UNA R\u00c1FAGA DE GOLPES.<\/p>\n<\/li>\n<li>\n<p data-path-to-node=\"7,5,0\"><b>DETALLES CLAVE:<\/b><\/p>\n<ul data-path-to-node=\"7,5,1\">\n<li>\n<p data-path-to-node=\"7,5,1,0,0\"><b>TRANSFORMACI\u00d3N SSJ3:<\/b> CABELLO LARGO Y RUBIO QUE FLUYE CON GRAN DETALLE DE ESCULTURA, Y LA AUSENCIA DE CEJAS, CARACTER\u00cdSTICA DE ESTA FORMA.<\/p>\n<\/li>\n<li>\n<p data-path-to-node=\"7,5,1,1,0\"><b>AURA\/MOVIMIENTO:<\/b> EL FONDO DE LA CAJA UTILIZA <b>EFECTOS DE VELOCIDAD<\/b> EN AMARILLO Y NEGRO PARA ENFATIZAR EL MOVIMIENTO EXPLOSIVO DEL PERSONAJE.<\/p>\n<\/li>\n<li>\n<p data-path-to-node=\"7,5,1,2,0\"><b>VESTIMENTA:<\/b> VISTE EL TRAJE T\u00cdPICO DE LA DANZA DE LA FUSI\u00d3N.<\/p>\n<\/li>\n<li>\n<p data-path-to-node=\"7,5,1,3,0\"><b>COLECCI\u00d3N:<\/b> GENERALMENTE, HAY OTRA FIGURA MATCH MAKERS (EN ESTE CASO, PROBABLEMENTE DE MAJIN BUU) DISE\u00d1ADA PARA COLOCARSE FRENTE A ESTA Y COMPLETAR LA ESCENA DE BATALLA.<\/p>\n<\/li>\n<\/ul>\n<\/li>\n<li>\n<p data-path-to-node=\"7,6,0\"><b>MATERIALES:<\/b> PVC y ABS.<\/p>\n<\/li>\n<\/ul>\n<p data-path-to-node=\"9\"><b>\u00a1A\u00d1ADE EL PODER EXPLOSIVO DE LA FUSI\u00d3N JUVENIL CON ESTA FIGURA DE GOTENKS SUPER SAIYAN 3!<\/b><\/p>\n","protected":false},"excerpt":{"rendered":"<p>ESTA FIGURA PERTENECE A LA L\u00cdNEA <b>MATCH MAKERS<\/b> DE <b>BANPRESTO<\/b> (BANDAI NAMCO SPIRITS), UNA COLECCI\u00d3N DISE\u00d1ADA PARA PRESENTAR PERSONAJES EN <b>POSES ALTAMENTE DIN\u00c1MICAS<\/b> QUE, CUANDO SE UNEN CON SU CONTRA-PARTE (O RIVAL) DE LA MISMA COLECCI\u00d3N, <b>RECREAN UNA ESCENA DE BATALLA \u00c9PICA<\/b>.<\/p>\n","protected":false},"featured_media":3340,"comment_status":"open","ping_status":"closed","template":"","meta":[],"product_brand":[],"product_cat":[18,17,89],"product_tag":[35],"class_list":{"0":"post-3337","1":"product","2":"type-product","3":"status-publish","4":"has-post-thumbnail","6":"product_cat-dragon-ball","7":"product_cat-anime","8":"product_cat-novedades","9":"product_tag-bandai","11":"first","12":"outofstock","13":"shipping-taxable","14":"purchasable","15":"product-type-simple"},"_links":{"self":[{"href":"https:\/\/juanchitoys.com\/index.php\/wp-json\/wp\/v2\/product\/3337","targetHints":{"allow":["GET"]}}],"collection":[{"href":"https:\/\/juanchitoys.com\/index.php\/wp-json\/wp\/v2\/product"}],"about":[{"href":"https:\/\/juanchitoys.com\/index.php\/wp-json\/wp\/v2\/types\/product"}],"replies":[{"embeddable":true,"href":"https:\/\/juanchitoys.com\/index.php\/wp-json\/wp\/v2\/comments?post=3337"}],"wp:featuredmedia":[{"embeddable":true,"href":"https:\/\/juanchitoys.com\/index.php\/wp-json\/wp\/v2\/media\/3340"}],"wp:attachment":[{"href":"https:\/\/juanchitoys.com\/index.php\/wp-json\/wp\/v2\/media?parent=3337"}],"wp:term":[{"taxonomy":"product_brand","embeddable":true,"href":"https:\/\/juanchitoys.com\/index.php\/wp-json\/wp\/v2\/product_brand?post=3337"},{"taxonomy":"product_cat","embeddable":true,"href":"https:\/\/juanchitoys.com\/index.php\/wp-json\/wp\/v2\/product_cat?post=3337"},{"taxonomy":"product_tag","embeddable":true,"href":"https:\/\/juanchitoys.com\/index.php\/wp-json\/wp\/v2\/product_tag?post=3337"}],"curies":[{"name":"wp","href":"https:\/\/api.w.org\/{rel}","templated":true}]}}