{"id":3276,"date":"2025-11-14T15:12:11","date_gmt":"2025-11-14T20:12:11","guid":{"rendered":"https:\/\/juanchitoys.com\/?post_type=product&#038;p=3276"},"modified":"2025-11-17T12:12:42","modified_gmt":"2025-11-17T17:12:42","slug":"pinguino-spy-x-family","status":"publish","type":"product","link":"https:\/\/juanchitoys.com\/index.php\/producto\/pinguino-spy-x-family\/","title":{"rendered":"PING\u00dcINO SPY X FAMILY"},"content":{"rendered":"<h2>ESP\u00cdA ADORABLE: PING\u00dcINO (FLUFFY PUFFY &#8211; SPY X FAMILY)<\/h2>\n<p data-path-to-node=\"5\">ESTA PEQUE\u00d1A Y ENTRA\u00d1ABLE FIGURA PERTENECE A LA L\u00cdNEA <b>FLUFFY PUFFY<\/b> DE <b>BANPRESTO<\/b> (BANDAI NAMCO SPIRITS), UNA COLECCI\u00d3N FAMOSA POR SU <b>TEXTURA SUAVE TIPO FELPA<\/b> (<i>FLOCKED TEXTURE<\/i>) Y SU ENFOQUE EN PERSONAJES C\u00d3MICOS Y TIERNOS.<\/p>\n<p data-path-to-node=\"6\">LA PIEZA REPRESENTA AL <b>PING\u00dcINO DE PELUCHE<\/b> QUE PERTENECE A LA COLECCI\u00d3N DE <b>ANYA FORGER<\/b> EN LA SERIE <i>SPY X FAMILY<\/i>. ESTE PING\u00dcINO ES PARTICULARMENTE RECORDADO POR SU APARICI\u00d3N EN EL ACUARIO DONDE BOND RECUPERA A ANYA.<\/p>\n<h3>FICHA T\u00c9CNICA:<\/h3>\n<ul data-path-to-node=\"8\">\n<li>\n<p data-path-to-node=\"8,0,0\"><b>FABRICANTE:<\/b> BANPRESTO \/ BANDAI NAMCO SPIRITS<\/p>\n<\/li>\n<li>\n<p data-path-to-node=\"8,1,0\"><b>L\u00cdNEA:<\/b> <b>FLUFFY PUFFY<\/b><\/p>\n<\/li>\n<li>\n<p data-path-to-node=\"8,2,0\"><b>SERIE:<\/b> SPY X FAMILY<\/p>\n<\/li>\n<li>\n<p data-path-to-node=\"8,3,0\"><b>PERSONAJE:<\/b> <b>PING\u00dcINO DE ANYA<\/b> (PARTE DEL SET &#8220;BOND FORGER &amp; PING\u00dcINO&#8221;)<\/p>\n<\/li>\n<li>\n<p data-path-to-node=\"8,4,0\"><b>ACABADO CLAVE:<\/b> POSEE EL <b>ACABADO DE FELPA<\/b> QUE LE DA UNA APARIENCIA SUAVE Y ESPONJOSA.<\/p>\n<\/li>\n<li>\n<p data-path-to-node=\"8,5,0\"><b>MATERIALES:<\/b> PVC con acabado <i>Flocked<\/i>.<\/p>\n<\/li>\n<\/ul>\n","protected":false},"excerpt":{"rendered":"<p>ESTA PEQUE\u00d1A Y ENTRA\u00d1ABLE FIGURA PERTENECE A LA L\u00cdNEA <b>FLUFFY PUFFY<\/b> DE <b>BANPRESTO<\/b> (BANDAI NAMCO SPIRITS), UNA COLECCI\u00d3N FAMOSA POR SU <b>TEXTURA SUAVE TIPO FELPA<\/b> (<i>FLOCKED TEXTURE<\/i>) Y SU ENFOQUE EN PERSONAJES C\u00d3MICOS Y TIERNOS.<\/p>\n","protected":false},"featured_media":3279,"comment_status":"open","ping_status":"closed","template":"","meta":[],"product_brand":[],"product_cat":[65,17,89],"product_tag":[35],"class_list":{"0":"post-3276","1":"product","2":"type-product","3":"status-publish","4":"has-post-thumbnail","6":"product_cat-spy-x-family","7":"product_cat-anime","8":"product_cat-novedades","9":"product_tag-bandai","11":"first","12":"instock","13":"shipping-taxable","14":"purchasable","15":"product-type-simple"},"_links":{"self":[{"href":"https:\/\/juanchitoys.com\/index.php\/wp-json\/wp\/v2\/product\/3276","targetHints":{"allow":["GET"]}}],"collection":[{"href":"https:\/\/juanchitoys.com\/index.php\/wp-json\/wp\/v2\/product"}],"about":[{"href":"https:\/\/juanchitoys.com\/index.php\/wp-json\/wp\/v2\/types\/product"}],"replies":[{"embeddable":true,"href":"https:\/\/juanchitoys.com\/index.php\/wp-json\/wp\/v2\/comments?post=3276"}],"wp:featuredmedia":[{"embeddable":true,"href":"https:\/\/juanchitoys.com\/index.php\/wp-json\/wp\/v2\/media\/3279"}],"wp:attachment":[{"href":"https:\/\/juanchitoys.com\/index.php\/wp-json\/wp\/v2\/media?parent=3276"}],"wp:term":[{"taxonomy":"product_brand","embeddable":true,"href":"https:\/\/juanchitoys.com\/index.php\/wp-json\/wp\/v2\/product_brand?post=3276"},{"taxonomy":"product_cat","embeddable":true,"href":"https:\/\/juanchitoys.com\/index.php\/wp-json\/wp\/v2\/product_cat?post=3276"},{"taxonomy":"product_tag","embeddable":true,"href":"https:\/\/juanchitoys.com\/index.php\/wp-json\/wp\/v2\/product_tag?post=3276"}],"curies":[{"name":"wp","href":"https:\/\/api.w.org\/{rel}","templated":true}]}}