{"id":3116,"date":"2025-06-30T10:59:57","date_gmt":"2025-06-30T15:59:57","guid":{"rendered":"https:\/\/juanchitoys.com\/?post_type=product&#038;p=3116"},"modified":"2025-06-30T15:39:26","modified_gmt":"2025-06-30T20:39:26","slug":"eren-yeager-pop-up-parade-good-smile-company","status":"publish","type":"product","link":"https:\/\/juanchitoys.com\/index.php\/producto\/eren-yeager-pop-up-parade-good-smile-company\/","title":{"rendered":"EREN YEAGER POP UP PARADE GOOD SMILE COMPANY"},"content":{"rendered":"<p>\u00a1REVIVE EL PODER Y LA INTENSIDAD DE ATTACK ON TITAN CON ESTA INCRE\u00cdBLE FIGURA DE EREN YEAGER DE LA L\u00cdNEA POP UP PARADE DE GOOD SMILE COMPANY! REPRESENTADO CON SU ATUENDO DE EXPLORADOR Y UNA EXPRESI\u00d3N DECIDIDA, EREN SE MUESTRA EN UNA POSE DIN\u00c1MICA Y LISTA PARA LA BATALLA, CAPTURANDO A LA PERFECCI\u00d3N SU PERSONALIDAD DESAFIANTE Y SU DETERMINACI\u00d3N POR LA LIBERTAD.<\/p>\n<p>ESTA FIGURA CUENTA CON UN ESCULPIDO DETALLADO Y UNA PINTURA DE ALTA CALIDAD, IDEAL PARA FANS DEL ANIME QUE DESEAN UNA PIEZA ACCESIBLE PERO IMPACTANTE PARA SU COLECCI\u00d3N. SU TAMA\u00d1O COMPACTO PERMITE EXHIBIRLA F\u00c1CILMENTE EN CUALQUIER ESTANTE, ESCRITORIO O VITRINA SIN PERDER PRESENCIA VISUAL.<\/p>\n<p>FICHA TECNICA:<\/p>\n<p>FABRICANTE: GOOD SMILE COMPANY<br \/>\nL\u00cdNEA: POP UP PARADE<br \/>\nPERSONAJE: EREN YEAGER<br \/>\nFRANQUICIA: ATTACK ON TITAN \/ SHINGEKI NO KYOJIN<br \/>\nMATERIAL: PVC Y ABS<br \/>\nALTURA APROXIMADA: 17 CM<br \/>\nINCLUYE BASE DE SOPORTE<\/p>\n","protected":false},"excerpt":{"rendered":"<p>\u00a1REVIVE EL PODER Y LA INTENSIDAD DE ATTACK ON TITAN CON ESTA INCRE\u00cdBLE FIGURA DE EREN YEAGER DE LA L\u00cdNEA POP UP PARADE DE GOOD SMILE COMPANY! REPRESENTADO CON SU ATUENDO DE EXPLORADOR Y UNA EXPRESI\u00d3N DECIDIDA, EREN SE MUESTRA EN UNA POSE DIN\u00c1MICA Y LISTA PARA LA BATALLA, CAPTURANDO A LA PERFECCI\u00d3N SU PERSONALIDAD DESAFIANTE Y SU DETERMINACI\u00d3N POR LA LIBERTAD.<\/p>\n","protected":false},"featured_media":3119,"comment_status":"open","ping_status":"closed","template":"","meta":[],"product_brand":[],"product_cat":[104,89],"product_tag":[50],"class_list":{"0":"post-3116","1":"product","2":"type-product","3":"status-publish","4":"has-post-thumbnail","6":"product_cat-attack-on-titan","7":"product_cat-novedades","8":"product_tag-good-smile","10":"first","11":"outofstock","12":"shipping-taxable","13":"purchasable","14":"product-type-simple"},"_links":{"self":[{"href":"https:\/\/juanchitoys.com\/index.php\/wp-json\/wp\/v2\/product\/3116","targetHints":{"allow":["GET"]}}],"collection":[{"href":"https:\/\/juanchitoys.com\/index.php\/wp-json\/wp\/v2\/product"}],"about":[{"href":"https:\/\/juanchitoys.com\/index.php\/wp-json\/wp\/v2\/types\/product"}],"replies":[{"embeddable":true,"href":"https:\/\/juanchitoys.com\/index.php\/wp-json\/wp\/v2\/comments?post=3116"}],"wp:featuredmedia":[{"embeddable":true,"href":"https:\/\/juanchitoys.com\/index.php\/wp-json\/wp\/v2\/media\/3119"}],"wp:attachment":[{"href":"https:\/\/juanchitoys.com\/index.php\/wp-json\/wp\/v2\/media?parent=3116"}],"wp:term":[{"taxonomy":"product_brand","embeddable":true,"href":"https:\/\/juanchitoys.com\/index.php\/wp-json\/wp\/v2\/product_brand?post=3116"},{"taxonomy":"product_cat","embeddable":true,"href":"https:\/\/juanchitoys.com\/index.php\/wp-json\/wp\/v2\/product_cat?post=3116"},{"taxonomy":"product_tag","embeddable":true,"href":"https:\/\/juanchitoys.com\/index.php\/wp-json\/wp\/v2\/product_tag?post=3116"}],"curies":[{"name":"wp","href":"https:\/\/api.w.org\/{rel}","templated":true}]}}