{"id":3088,"date":"2025-06-23T16:07:26","date_gmt":"2025-06-23T21:07:26","guid":{"rendered":"https:\/\/juanchitoys.com\/?post_type=product&#038;p=3088"},"modified":"2025-10-29T10:00:31","modified_gmt":"2025-10-29T15:00:31","slug":"dracule-mihawk-senkozekkei-escena-zoro","status":"publish","type":"product","link":"https:\/\/juanchitoys.com\/index.php\/producto\/dracule-mihawk-senkozekkei-escena-zoro\/","title":{"rendered":"DRACULE MIHAWK SENKOZEKKEI ( ESCENA ZORO)"},"content":{"rendered":"<p>L ESPADACH\u00cdN M\u00c1S TEMIDO DEL MUNDO LLEGA CON TODA SU ELEGANCIA Y PODER EN ESTA FIGURA DE DRACULE MIHAWK, PARTE DE LA L\u00cdNEA SENKOZEKKEI DE BANPRESTO. REPRESENTANDO LA IC\u00d3NICA ESCENA TRAS SU ENFRENTAMIENTO CON RORONOA ZORO, MIHAWK APARECE DE ESPALDAS A SU OPONENTE, CON UNA EXPRESI\u00d3N SERENA Y FIRME, EMPU\u00d1ANDO SU GIGANTESCA ESPADA YORU, S\u00cdMBOLO DE SU SUPREMAC\u00cdA COMO EL MEJOR ESPADACH\u00cdN DEL MUNDO.<\/p>\n<p>ESTA FIGURA, AL COMBINARSE CON LA DE ZORO, RECREA UNO DE LOS MOMENTOS M\u00c1S SIMB\u00d3LICOS Y RECORDADOS DEL ANIME: EL INICIO DEL CAMINO DE ZORO HACIA LA CIMA, MARCADO POR EL RESPETO DE MIHAWK. EL PEDESTAL COMPARTIDO CON EFECTO DE VIENTO LE DA UN DINAMISMO VISUAL \u00daNICO, HACIENDO DE ESTA FIGURA UNA PIEZA IMPRESCINDIBLE PARA CUALQUIER FAN DE ONE PIECE.<\/p>\n<p>FICHA TECNICA:<\/p>\n<p>L\u00cdNEA: SENKOZEKKEI (ESCENA CON RORONOA ZORO)<br \/>\nFABRICANTE: BANPRESTO (BANDAI SPIRITS)<br \/>\nALTURA APROXIMADA: 13 CM<br \/>\nMATERIAL: PVC DE ALTA CALIDAD<br \/>\nPRESENTACI\u00d3N: CAJA ORIGINAL ILUSTRADA<br \/>\nBASE: COMPARTIDA CON EFECTO DE VIENTO (PUEDE UNIRSE A LA FIGURA DE ZORO)<br \/>\nESTADO: PRODUCTO NUEVO Y SELLADO<br \/>\nLICENCIA OFICIAL: S\u00cd, PRODUCTO 100% ORIGINAL<\/p>\n","protected":false},"excerpt":{"rendered":"<p>L ESPADACH\u00cdN M\u00c1S TEMIDO DEL MUNDO LLEGA CON TODA SU ELEGANCIA Y PODER EN ESTA FIGURA DE DRACULE MIHAWK, PARTE DE LA L\u00cdNEA SENKOZEKKEI DE BANPRESTO. REPRESENTANDO LA IC\u00d3NICA ESCENA TRAS SU ENFRENTAMIENTO CON RORONOA ZORO, MIHAWK APARECE DE ESPALDAS A SU OPONENTE, CON UNA EXPRESI\u00d3N SERENA Y FIRME, EMPU\u00d1ANDO SU GIGANTESCA ESPADA YORU, S\u00cdMBOLO DE SU SUPREMAC\u00cdA COMO EL MEJOR ESPADACH\u00cdN DEL MUNDO.<\/p>\n","protected":false},"featured_media":3089,"comment_status":"open","ping_status":"closed","template":"","meta":[],"product_brand":[],"product_cat":[19,89],"product_tag":[35],"class_list":{"0":"post-3088","1":"product","2":"type-product","3":"status-publish","4":"has-post-thumbnail","6":"product_cat-one-piece","7":"product_cat-novedades","8":"product_tag-bandai","10":"first","11":"outofstock","12":"shipping-taxable","13":"purchasable","14":"product-type-simple"},"_links":{"self":[{"href":"https:\/\/juanchitoys.com\/index.php\/wp-json\/wp\/v2\/product\/3088","targetHints":{"allow":["GET"]}}],"collection":[{"href":"https:\/\/juanchitoys.com\/index.php\/wp-json\/wp\/v2\/product"}],"about":[{"href":"https:\/\/juanchitoys.com\/index.php\/wp-json\/wp\/v2\/types\/product"}],"replies":[{"embeddable":true,"href":"https:\/\/juanchitoys.com\/index.php\/wp-json\/wp\/v2\/comments?post=3088"}],"wp:featuredmedia":[{"embeddable":true,"href":"https:\/\/juanchitoys.com\/index.php\/wp-json\/wp\/v2\/media\/3089"}],"wp:attachment":[{"href":"https:\/\/juanchitoys.com\/index.php\/wp-json\/wp\/v2\/media?parent=3088"}],"wp:term":[{"taxonomy":"product_brand","embeddable":true,"href":"https:\/\/juanchitoys.com\/index.php\/wp-json\/wp\/v2\/product_brand?post=3088"},{"taxonomy":"product_cat","embeddable":true,"href":"https:\/\/juanchitoys.com\/index.php\/wp-json\/wp\/v2\/product_cat?post=3088"},{"taxonomy":"product_tag","embeddable":true,"href":"https:\/\/juanchitoys.com\/index.php\/wp-json\/wp\/v2\/product_tag?post=3088"}],"curies":[{"name":"wp","href":"https:\/\/api.w.org\/{rel}","templated":true}]}}