{"id":3083,"date":"2025-06-23T15:44:05","date_gmt":"2025-06-23T20:44:05","guid":{"rendered":"https:\/\/juanchitoys.com\/?post_type=product&#038;p=3083"},"modified":"2025-10-29T10:00:43","modified_gmt":"2025-10-29T15:00:43","slug":"roronoa-zoro-senkozekkei-bandai-escena-mihawk","status":"publish","type":"product","link":"https:\/\/juanchitoys.com\/index.php\/producto\/roronoa-zoro-senkozekkei-bandai-escena-mihawk\/","title":{"rendered":"RORONOA ZORO SENKOZEKKEI BANDAI ( ESCENA MIHAWK )"},"content":{"rendered":"<p>ESTA PIEZA DE LA L\u00cdNEA SENKOZEKKEI DE BANPRESTO CAPTURA UN MOMENTO LEGENDARIO Y EMOTIVO: ZORO Y MIHAWK ESPALDA CON ESPALDA, TRAS EL DUELO EN BARATIE. AMBOS PERSONAJES COMPARTEN EL MISMO PEDESTAL DIN\u00c1MICO, CON ZORO SOSTENIENDO SUS DOS ESPADAS ROTAS Y MIHAWK CON SU GIGANTESCA YORU, HACIENDO ECO DE ESE IC\u00d3NICO JURAMENTO DE ZORO FRENTE AL M\u00c1S GRANDE ESPADACH\u00cdN DEL MUNDO .<\/p>\n<p>LA ESCENA TRANSMITE RESPETO MUTUO Y DETERMINACI\u00d3N: ZORO CON EXPRESI\u00d3N FEROZ Y MIRADA DECIDIDA, MIHAWK CON SU AURA IMPONENTE, AMBOS EN POSES QUE REFLEJAN TENSI\u00d3N COMPARTIDA Y HONOR. EL EFECTO DE VIENTO Y PEDESTAL ONDULANTE ACENT\u00daA EL DRAMATISMO Y A\u00d1ADE MOVIMIENTO A LA COMPOSICI\u00d3N.<\/p>\n<p>FICHA TECNICA:<\/p>\n<p>L\u00cdNEA: SENKOZEKKEI<br \/>\nFABRICANTE: BANPRESTO (BANDAI SPIRITS)<br \/>\nALTURA APROX.: 12\u202fCM<br \/>\nMATERIAL: PVC DE CALIDAD<br \/>\nESTADO: NUEVO, SELLADO, CON LICENCIA OFICIAL<\/p>\n<p>SOLO INCLUYE ZORO<\/p>\n<p>IDEAL PARA: COLECCIONISTAS DE FIGURAS DE ONE PIECE, ADMIRADORES DE ZORO Y MIHAWK, VITRINAS TEM\u00c1TICAS DE DUELO Y CAMARADER\u00cdA<\/p>\n","protected":false},"excerpt":{"rendered":"<p>ESTA PIEZA DE LA L\u00cdNEA SENKOZEKKEI DE BANPRESTO CAPTURA UN MOMENTO LEGENDARIO Y EMOTIVO: ZORO Y MIHAWK ESPALDA CON ESPALDA, TRAS EL DUELO EN BARATIE. AMBOS PERSONAJES COMPARTEN EL MISMO PEDESTAL DIN\u00c1MICO, CON ZORO SOSTENIENDO SUS DOS ESPADAS ROTAS Y MIHAWK CON SU GIGANTESCA YORU, HACIENDO ECO DE ESE IC\u00d3NICO JURAMENTO DE ZORO FRENTE AL M\u00c1S GRANDE ESPADACH\u00cdN DEL MUNDO .<\/p>\n","protected":false},"featured_media":3085,"comment_status":"open","ping_status":"closed","template":"","meta":[],"product_brand":[],"product_cat":[19],"product_tag":[35],"class_list":{"0":"post-3083","1":"product","2":"type-product","3":"status-publish","4":"has-post-thumbnail","6":"product_cat-one-piece","7":"product_tag-bandai","9":"first","10":"outofstock","11":"shipping-taxable","12":"purchasable","13":"product-type-simple"},"_links":{"self":[{"href":"https:\/\/juanchitoys.com\/index.php\/wp-json\/wp\/v2\/product\/3083","targetHints":{"allow":["GET"]}}],"collection":[{"href":"https:\/\/juanchitoys.com\/index.php\/wp-json\/wp\/v2\/product"}],"about":[{"href":"https:\/\/juanchitoys.com\/index.php\/wp-json\/wp\/v2\/types\/product"}],"replies":[{"embeddable":true,"href":"https:\/\/juanchitoys.com\/index.php\/wp-json\/wp\/v2\/comments?post=3083"}],"wp:featuredmedia":[{"embeddable":true,"href":"https:\/\/juanchitoys.com\/index.php\/wp-json\/wp\/v2\/media\/3085"}],"wp:attachment":[{"href":"https:\/\/juanchitoys.com\/index.php\/wp-json\/wp\/v2\/media?parent=3083"}],"wp:term":[{"taxonomy":"product_brand","embeddable":true,"href":"https:\/\/juanchitoys.com\/index.php\/wp-json\/wp\/v2\/product_brand?post=3083"},{"taxonomy":"product_cat","embeddable":true,"href":"https:\/\/juanchitoys.com\/index.php\/wp-json\/wp\/v2\/product_cat?post=3083"},{"taxonomy":"product_tag","embeddable":true,"href":"https:\/\/juanchitoys.com\/index.php\/wp-json\/wp\/v2\/product_tag?post=3083"}],"curies":[{"name":"wp","href":"https:\/\/api.w.org\/{rel}","templated":true}]}}