{"id":3071,"date":"2025-06-23T14:25:58","date_gmt":"2025-06-23T19:25:58","guid":{"rendered":"https:\/\/juanchitoys.com\/?post_type=product&#038;p=3071"},"modified":"2025-10-29T10:01:01","modified_gmt":"2025-10-29T15:01:01","slug":"soul-of-chogokin-gx-73-great-mazinger-d-c-dynamic-classics-20-aniversario","status":"publish","type":"product","link":"https:\/\/juanchitoys.com\/index.php\/producto\/soul-of-chogokin-gx-73-great-mazinger-d-c-dynamic-classics-20-aniversario\/","title":{"rendered":"SOUL OF CHOGOKIN GX-73 GREAT MAZINGER D. C. DYNAMIC CLASSICS 20 ANIVERSARIO"},"content":{"rendered":"<p>\u00a1EL LEGENDARIO GREAT MAZINGER REGRESA EN UNA EDICI\u00d3N DE LUJO PARA CELEBRAR EL LEGADO DE LOS SUPER ROBOTS! ESTA FIGURA PERTENECE A LA L\u00cdNEA SOUL OF CHOGOKIN DE BANDAI, ESPEC\u00cdFICAMENTE LA EDICI\u00d3N GX-73 DYNAMIC CLASSICS (D.C.), LANZADA COMO PARTE DEL 20\u00b0 ANIVERSARIO DE ESTA IC\u00d3NICA COLECCI\u00d3N PARA COLECCIONISTAS EXIGENTES.<\/p>\n<p>CON UN DISE\u00d1O QUE RINDE HOMENAJE AL ANIME CL\u00c1SICO Y UNA ESTRUCTURA INTERNA REFORZADA CON PARTES MET\u00c1LICAS (DIE-CAST), ESTA FIGURA COMBINA FIDELIDAD AL DISE\u00d1O ORIGINAL CON INGENIER\u00cdA MODERNA. INCLUYE UNA AMPLIA GAMA DE ACCESORIOS, EFECTOS, MANOS INTERCAMBIABLES Y EL CL\u00c1SICO SCRAMBLE DASH, PERMITIENDO M\u00daLTIPLES POSES DE ACCI\u00d3N O EXHIBICI\u00d3N IMPONENTE.<\/p>\n<p>UNA VERDADERA JOYA PARA LOS FAN\u00c1TICOS DEL UNIVERSO DE GO NAGAI, EL COLECCIONISMO MECHA Y LA L\u00cdNEA SOUL OF CHOGOKIN.<\/p>\n<p>FICHA TECNICA:<\/p>\n<p>NOMBRE DEL PERSONAJE: GREAT MAZINGER<br \/>\nL\u00cdNEA: SOUL OF CHOGOKIN (GX-73 DYNAMIC CLASSICS)<br \/>\nFRANQUICIA: MAZINGER \/ GO NAGAI SUPER ROBOT<br \/>\nFABRICANTE: BANDAI SPIRITS<br \/>\nMATERIALES: PVC, ABS Y PARTES MET\u00c1LICAS (DIE-CAST)<br \/>\nALTURA APROXIMADA: 18 CM<br \/>\nARTICULACI\u00d3N: TOTALMENTE ARTICULADA<br \/>\nACCESORIOS INCLUIDOS: SCRAMBLE DASH, ESPADAS MAZINGER BLADE, MANOS INTERCAMBIABLES, BASE DE EXHIBICI\u00d3N CON LOGO<br \/>\nPRESENTACI\u00d3N: CAJA DE COLECCI\u00d3N CON ARTE CONMEMORATIVO<br \/>\nEDICI\u00d3N: 20\u00b0 ANIVERSARIO SOUL OF CHOGOKIN<br \/>\nESTADO: PRODUCTO NUEVO Y SELLADO<br \/>\nLICENCIA OFICIAL: S\u00cd, PRODUCTO 100% ORIGINAL<\/p>\n<p>IDEAL PARA: COLECCIONISTAS PREMIUM, FANS DE LOS ROBOTS CL\u00c1SICOS, VITRINAS DE EXHIBICI\u00d3N DE ALTO NIVEL<\/p>\n","protected":false},"excerpt":{"rendered":"<p>\u00a1EL LEGENDARIO GREAT MAZINGER REGRESA EN UNA EDICI\u00d3N DE LUJO PARA CELEBRAR EL LEGADO DE LOS SUPER ROBOTS! ESTA FIGURA PERTENECE A LA L\u00cdNEA SOUL OF CHOGOKIN DE BANDAI, ESPEC\u00cdFICAMENTE LA EDICI\u00d3N GX-73 DYNAMIC CLASSICS (D.C.), LANZADA COMO PARTE DEL 20\u00b0 ANIVERSARIO DE ESTA IC\u00d3NICA COLECCI\u00d3N PARA COLECCIONISTAS EXIGENTES.<\/p>\n","protected":false},"featured_media":3075,"comment_status":"open","ping_status":"closed","template":"","meta":[],"product_brand":[],"product_cat":[105,89],"product_tag":[35],"class_list":{"0":"post-3071","1":"product","2":"type-product","3":"status-publish","4":"has-post-thumbnail","6":"product_cat-mazinger-z","7":"product_cat-novedades","8":"product_tag-bandai","10":"first","11":"outofstock","12":"shipping-taxable","13":"purchasable","14":"product-type-simple"},"_links":{"self":[{"href":"https:\/\/juanchitoys.com\/index.php\/wp-json\/wp\/v2\/product\/3071","targetHints":{"allow":["GET"]}}],"collection":[{"href":"https:\/\/juanchitoys.com\/index.php\/wp-json\/wp\/v2\/product"}],"about":[{"href":"https:\/\/juanchitoys.com\/index.php\/wp-json\/wp\/v2\/types\/product"}],"replies":[{"embeddable":true,"href":"https:\/\/juanchitoys.com\/index.php\/wp-json\/wp\/v2\/comments?post=3071"}],"wp:featuredmedia":[{"embeddable":true,"href":"https:\/\/juanchitoys.com\/index.php\/wp-json\/wp\/v2\/media\/3075"}],"wp:attachment":[{"href":"https:\/\/juanchitoys.com\/index.php\/wp-json\/wp\/v2\/media?parent=3071"}],"wp:term":[{"taxonomy":"product_brand","embeddable":true,"href":"https:\/\/juanchitoys.com\/index.php\/wp-json\/wp\/v2\/product_brand?post=3071"},{"taxonomy":"product_cat","embeddable":true,"href":"https:\/\/juanchitoys.com\/index.php\/wp-json\/wp\/v2\/product_cat?post=3071"},{"taxonomy":"product_tag","embeddable":true,"href":"https:\/\/juanchitoys.com\/index.php\/wp-json\/wp\/v2\/product_tag?post=3071"}],"curies":[{"name":"wp","href":"https:\/\/api.w.org\/{rel}","templated":true}]}}