{"id":3041,"date":"2025-06-23T10:01:40","date_gmt":"2025-06-23T15:01:40","guid":{"rendered":"https:\/\/juanchitoys.com\/?post_type=product&#038;p=3041"},"modified":"2025-10-29T10:02:00","modified_gmt":"2025-10-29T15:02:00","slug":"gogeta-super-saiyan-match-makers-vs-janemba-bandai","status":"publish","type":"product","link":"https:\/\/juanchitoys.com\/index.php\/producto\/gogeta-super-saiyan-match-makers-vs-janemba-bandai\/","title":{"rendered":"GOGETA SUPER SAIYAN MATCH MAKERS ( VS JANEMBA) BANDAI"},"content":{"rendered":"<p>\u00a1LA FUSI\u00d3N M\u00c1S PODEROSA DEL UNIVERSO DRAGON BALL COBRA VIDA EN ESTA IMPRESIONANTE FIGURA DE GOGETA SUPER SAIYAN! PARTE DE LA L\u00cdNEA MATCH MAKERS DE BANPRESTO, ESTA FIGURA REPRESENTA AL GUERRERO EN PLENA BATALLA CONTRA JANEMBA, CON UNA POSE DIN\u00c1MICA QUE TRANSMITE FUERZA, VELOCIDAD Y DETERMINACI\u00d3N.<\/p>\n<p>INSPIRADA EN LA IC\u00d3NICA PELEA DE LA PEL\u00cdCULA \u201cDRAGON BALL Z: \u00a1FUSI\u00d3N!\u201d, ESTA FIGURA MUESTRA A GOGETA EN SU M\u00c1XIMO ESPLENDOR: CABELLO DORADO BRILLANTE, MUSCULATURA MARCADA Y UN TRAJE METICULOSAMENTE ESCULPIDO. SU BASE PERMITE COMBINARLA CON LA FIGURA DE JANEMBA PARA RECREAR EL ENFRENTAMIENTO COMPLETO.<\/p>\n<p>FICHA TECNICA:<\/p>\n<p>L\u00cdNEA: MATCH MAKERS \u2013 VERSUS JANEMBA<br \/>\nFABRICANTE: BANPRESTO (BANDAI SPIRITS)<br \/>\nALTURA APROXIMADA: 15CM<br \/>\nMATERIAL: PVC DE ALTA CALIDAD<br \/>\nPRESENTACI\u00d3N: CAJA ORIGINAL CON ILUSTRACI\u00d3N TEM\u00c1TICA<br \/>\nESTADO: PRODUCTO NUEVO, SELLADO<\/p>\n","protected":false},"excerpt":{"rendered":"<p>\u00a1LA FUSI\u00d3N M\u00c1S PODEROSA DEL UNIVERSO DRAGON BALL COBRA VIDA EN ESTA IMPRESIONANTE FIGURA DE GOGETA SUPER SAIYAN! PARTE DE LA L\u00cdNEA MATCH MAKERS DE BANPRESTO, ESTA FIGURA REPRESENTA AL GUERRERO EN PLENA BATALLA CONTRA JANEMBA, CON UNA POSE DIN\u00c1MICA QUE TRANSMITE FUERZA, VELOCIDAD Y DETERMINACI\u00d3N.<\/p>\n","protected":false},"featured_media":3044,"comment_status":"open","ping_status":"closed","template":"","meta":[],"product_brand":[],"product_cat":[18,89],"product_tag":[35,41],"class_list":{"0":"post-3041","1":"product","2":"type-product","3":"status-publish","4":"has-post-thumbnail","6":"product_cat-dragon-ball","7":"product_cat-novedades","8":"product_tag-bandai","9":"product_tag-match-makers","11":"first","12":"outofstock","13":"shipping-taxable","14":"purchasable","15":"product-type-simple"},"_links":{"self":[{"href":"https:\/\/juanchitoys.com\/index.php\/wp-json\/wp\/v2\/product\/3041","targetHints":{"allow":["GET"]}}],"collection":[{"href":"https:\/\/juanchitoys.com\/index.php\/wp-json\/wp\/v2\/product"}],"about":[{"href":"https:\/\/juanchitoys.com\/index.php\/wp-json\/wp\/v2\/types\/product"}],"replies":[{"embeddable":true,"href":"https:\/\/juanchitoys.com\/index.php\/wp-json\/wp\/v2\/comments?post=3041"}],"wp:featuredmedia":[{"embeddable":true,"href":"https:\/\/juanchitoys.com\/index.php\/wp-json\/wp\/v2\/media\/3044"}],"wp:attachment":[{"href":"https:\/\/juanchitoys.com\/index.php\/wp-json\/wp\/v2\/media?parent=3041"}],"wp:term":[{"taxonomy":"product_brand","embeddable":true,"href":"https:\/\/juanchitoys.com\/index.php\/wp-json\/wp\/v2\/product_brand?post=3041"},{"taxonomy":"product_cat","embeddable":true,"href":"https:\/\/juanchitoys.com\/index.php\/wp-json\/wp\/v2\/product_cat?post=3041"},{"taxonomy":"product_tag","embeddable":true,"href":"https:\/\/juanchitoys.com\/index.php\/wp-json\/wp\/v2\/product_tag?post=3041"}],"curies":[{"name":"wp","href":"https:\/\/api.w.org\/{rel}","templated":true}]}}