{"id":304,"date":"2024-06-06T12:59:35","date_gmt":"2024-06-06T17:59:35","guid":{"rendered":"https:\/\/juanchitoys.com\/?post_type=product&#038;p=304"},"modified":"2025-01-23T17:33:00","modified_gmt":"2025-01-23T22:33:00","slug":"obanai-iguro","status":"publish","type":"product","link":"https:\/\/juanchitoys.com\/index.php\/producto\/obanai-iguro\/","title":{"rendered":"OBANAI IGURO"},"content":{"rendered":"<p>TE PRESENTAMOS ESTA INCREIBLE FIGURA DE OBANAI , TIENE ALGUNOS DETALLES ADICIONALES, COMO LOS VENDAJES EN EL ROSTRO DEL PERSONAJE, EST\u00c1N RECREADOS CON GRAN PRECISI\u00d3N, HA SIDO FABRICADA CON UN ALTO NIVEL DE DETALLE Y ACABADO, UTILIZANDO T\u00c9CNICAS DE PINTURA Y ENSAMBLAJE DE ALTA CALIDAD.<\/p>\n<p>FICHA TECNICA:<br \/>\n* KIMETSU NO YAIBA: BANPRESTO VOL.15 &#8211; OBANAI IGURO B<br \/>\n* MATERIAL: PVC<br \/>\n* TAMA\u00d1O 12 CM DE ALTO<br \/>\n* ORIGEN JAPON<\/p>\n","protected":false},"excerpt":{"rendered":"<p>TE PRESENTAMOS ESTA INCREIBLE FIGURA DE OBANAI , TIENE ALGUNOS DETALLES ADICIONALES, COMO LOS VENDAJES EN EL ROSTRO DEL PERSONAJE, EST\u00c1N RECREADOS CON GRAN PRECISI\u00d3N, HA SIDO FABRICADA CON UN ALTO NIVEL DE DETALLE Y ACABADO, UTILIZANDO T\u00c9CNICAS DE PINTURA Y ENSAMBLAJE DE ALTA CALIDAD.<\/p>\n","protected":false},"featured_media":305,"comment_status":"open","ping_status":"closed","template":"","meta":[],"product_brand":[],"product_cat":[20],"product_tag":[35],"class_list":{"0":"post-304","1":"product","2":"type-product","3":"status-publish","4":"has-post-thumbnail","6":"product_cat-kimetsu-no-yaiba","7":"product_tag-bandai","9":"first","10":"instock","11":"shipping-taxable","12":"purchasable","13":"product-type-simple"},"_links":{"self":[{"href":"https:\/\/juanchitoys.com\/index.php\/wp-json\/wp\/v2\/product\/304","targetHints":{"allow":["GET"]}}],"collection":[{"href":"https:\/\/juanchitoys.com\/index.php\/wp-json\/wp\/v2\/product"}],"about":[{"href":"https:\/\/juanchitoys.com\/index.php\/wp-json\/wp\/v2\/types\/product"}],"replies":[{"embeddable":true,"href":"https:\/\/juanchitoys.com\/index.php\/wp-json\/wp\/v2\/comments?post=304"}],"wp:featuredmedia":[{"embeddable":true,"href":"https:\/\/juanchitoys.com\/index.php\/wp-json\/wp\/v2\/media\/305"}],"wp:attachment":[{"href":"https:\/\/juanchitoys.com\/index.php\/wp-json\/wp\/v2\/media?parent=304"}],"wp:term":[{"taxonomy":"product_brand","embeddable":true,"href":"https:\/\/juanchitoys.com\/index.php\/wp-json\/wp\/v2\/product_brand?post=304"},{"taxonomy":"product_cat","embeddable":true,"href":"https:\/\/juanchitoys.com\/index.php\/wp-json\/wp\/v2\/product_cat?post=304"},{"taxonomy":"product_tag","embeddable":true,"href":"https:\/\/juanchitoys.com\/index.php\/wp-json\/wp\/v2\/product_tag?post=304"}],"curies":[{"name":"wp","href":"https:\/\/api.w.org\/{rel}","templated":true}]}}