{"id":3032,"date":"2025-06-23T09:43:01","date_gmt":"2025-06-23T14:43:01","guid":{"rendered":"https:\/\/juanchitoys.com\/?post_type=product&#038;p=3032"},"modified":"2026-01-06T14:49:42","modified_gmt":"2026-01-06T19:49:42","slug":"son-goku-super-saiyan-de-dragon-ball-z-chosenshiretsuden-iii-de-bandai","status":"publish","type":"product","link":"https:\/\/juanchitoys.com\/index.php\/producto\/son-goku-super-saiyan-de-dragon-ball-z-chosenshiretsuden-iii-de-bandai\/","title":{"rendered":"SON GOKU SUPER SAIYAN DE DRAGON BALL Z CHOSENSHIRETSUDEN III DE BANDAI"},"content":{"rendered":"<p>\u00a1REVIVE LOS MOMENTOS M\u00c1S \u00c9PICOS DE DRAGON BALL Z CON ESTA ESPECTACULAR FIGURA DE SON GOKU EN SU FORMA SUPER SAIYAN! PERTENECIENTE A LA RECONOCIDA L\u00cdNEA CHOSENSHIRETSUDEN III DE BANPRESTO, ESTA FIGURA CAPTURA TODA LA INTENSIDAD Y DETERMINACI\u00d3N DEL H\u00c9ROE SAIYAN DURANTE SUS BATALLAS M\u00c1S LEGENDARIAS.<\/p>\n<p>CON UN ESCULPIDO DIN\u00c1MICO, CABELLO DORADO DETALLADO Y UNA EXPRESI\u00d3N CARGADA DE PODER, GOKU SE PRESENTA EN UNA POSE LISTA PARA EL COMBATE. EL NIVEL DE DETALLE EN SU TRAJE DESGASTADO Y MUSCULATURA LO CONVIERTEN EN UNA PIEZA IMPRESCINDIBLE PARA CUALQUIER FAN\u00c1TICO DEL ANIME.<\/p>\n<p>FICHA TECNICA:<\/p>\n<p>L\u00cdNEA: CHOSENSHIRETSUDEN III<br \/>\nFABRICANTE: BANPRESTO (BANDAI SPIRITS)<br \/>\nALTURA: 15CM<br \/>\nMATERIAL: PVC DE ALTA CALIDAD<br \/>\nPRESENTACI\u00d3N: CAJA ORIGINAL ILUSTRADA<br \/>\nESTADO: PRODUCTO NUEVO, SELLADO<\/p>\n","protected":false},"excerpt":{"rendered":"<p>\u00a1REVIVE LOS MOMENTOS M\u00c1S \u00c9PICOS DE DRAGON BALL Z CON ESTA ESPECTACULAR FIGURA DE SON GOKU EN SU FORMA SUPER SAIYAN! PERTENECIENTE A LA RECONOCIDA L\u00cdNEA CHOSENSHIRETSUDEN III DE BANPRESTO, ESTA FIGURA CAPTURA TODA LA INTENSIDAD Y DETERMINACI\u00d3N DEL H\u00c9ROE SAIYAN DURANTE SUS BATALLAS M\u00c1S LEGENDARIAS.<\/p>\n","protected":false},"featured_media":3033,"comment_status":"open","ping_status":"closed","template":"","meta":[],"product_brand":[],"product_cat":[18,89],"product_tag":[35,52],"class_list":{"0":"post-3032","1":"product","2":"type-product","3":"status-publish","4":"has-post-thumbnail","6":"product_cat-dragon-ball","7":"product_cat-novedades","8":"product_tag-bandai","9":"product_tag-banpresto","11":"first","12":"outofstock","13":"shipping-taxable","14":"purchasable","15":"product-type-simple"},"_links":{"self":[{"href":"https:\/\/juanchitoys.com\/index.php\/wp-json\/wp\/v2\/product\/3032","targetHints":{"allow":["GET"]}}],"collection":[{"href":"https:\/\/juanchitoys.com\/index.php\/wp-json\/wp\/v2\/product"}],"about":[{"href":"https:\/\/juanchitoys.com\/index.php\/wp-json\/wp\/v2\/types\/product"}],"replies":[{"embeddable":true,"href":"https:\/\/juanchitoys.com\/index.php\/wp-json\/wp\/v2\/comments?post=3032"}],"wp:featuredmedia":[{"embeddable":true,"href":"https:\/\/juanchitoys.com\/index.php\/wp-json\/wp\/v2\/media\/3033"}],"wp:attachment":[{"href":"https:\/\/juanchitoys.com\/index.php\/wp-json\/wp\/v2\/media?parent=3032"}],"wp:term":[{"taxonomy":"product_brand","embeddable":true,"href":"https:\/\/juanchitoys.com\/index.php\/wp-json\/wp\/v2\/product_brand?post=3032"},{"taxonomy":"product_cat","embeddable":true,"href":"https:\/\/juanchitoys.com\/index.php\/wp-json\/wp\/v2\/product_cat?post=3032"},{"taxonomy":"product_tag","embeddable":true,"href":"https:\/\/juanchitoys.com\/index.php\/wp-json\/wp\/v2\/product_tag?post=3032"}],"curies":[{"name":"wp","href":"https:\/\/api.w.org\/{rel}","templated":true}]}}