{"id":3008,"date":"2025-06-18T11:47:29","date_gmt":"2025-06-18T16:47:29","guid":{"rendered":"https:\/\/juanchitoys.com\/?post_type=product&#038;p=3008"},"modified":"2025-06-30T15:39:09","modified_gmt":"2025-06-30T20:39:09","slug":"mikasa-ackerman-jamma-sega","status":"publish","type":"product","link":"https:\/\/juanchitoys.com\/index.php\/producto\/mikasa-ackerman-jamma-sega\/","title":{"rendered":"MIKASA ACKERMAN JAMMA SEGA"},"content":{"rendered":"<p>\u00a1MIKASA ACKERMAN ENTRA EN ACCI\u00d3N CON ESTA INCRE\u00cdBLE FIGURA DE LA L\u00cdNEA JAMMA SERIES DE SEGA! BASADA EN SU APARIENCIA EN ATTACK ON TITAN, MIKASA EST\u00c1 REPRESENTADA EN PLENA POSE DE ATAQUE, EQUIPADA CON SUS ESPADAS DOBLES Y EL EQUIPO DE MANIOBRAS TRIDIMENSIONALES, LISTA PARA ENFRENTARSE A CUALQUIER TIT\u00c1N.<\/p>\n<p>LA FIGURA DESTACA POR SU DINAMISMO Y NIVEL DE DETALLE: DESDE LA EXPRESI\u00d3N DECIDIDA, EL MOVIMIENTO DE SU CAPA, HASTA EL REALISMO DEL EQUIPO DE COMBATE. UNA REPRESENTACI\u00d3N PERFECTA DE LA VALENT\u00cdA Y AGILIDAD DE UNO DE LOS PERSONAJES M\u00c1S PODEROSOS DEL ANIME.<\/p>\n<p>FICHA TECNICAA:<\/p>\n<p>MARCA: SEGA<br \/>\nL\u00cdNEA: JAMMA SERIES<br \/>\nPERSONAJE: MIKASA ACKERMAN<br \/>\nSERIE: SHINGEKI NO KYOJIN \/ ATTACK ON TITAN<br \/>\nMATERIAL: PVC Y ABS<br \/>\nALTURA APROXIMADA: 18 CM<br \/>\nINCLUYE BASE DE SOPORTE<br \/>\nPOSE DIN\u00c1MICA DE ATAQUE CON ESPADAS Y EQUIPO 3D MANEUVER GEAR<\/p>\n<p>UNA FIGURA LLENA DE ACCI\u00d3N Y FIDELIDAD AL PERSONAJE, IDEAL PARA FANS QUE QUIEREN REVIVIR LOS MOMENTOS M\u00c1S INTENSOS DE ATTACK ON TITAN. \u00a1MIKASA NUNCA SE DETIENE, Y TAMPOCO DEBER\u00cdA FALTAR EN TU COLECCI\u00d3N!<\/p>\n","protected":false},"excerpt":{"rendered":"<p>\u00a1MIKASA ACKERMAN ENTRA EN ACCI\u00d3N CON ESTA INCRE\u00cdBLE FIGURA DE LA L\u00cdNEA JAMMA SERIES DE SEGA! BASADA EN SU APARIENCIA EN ATTACK ON TITAN, MIKASA EST\u00c1 REPRESENTADA EN PLENA POSE DE ATAQUE, EQUIPADA CON SUS ESPADAS DOBLES Y EL EQUIPO DE MANIOBRAS TRIDIMENSIONALES, LISTA PARA ENFRENTARSE A CUALQUIER TIT\u00c1N.<\/p>\n","protected":false},"featured_media":3009,"comment_status":"open","ping_status":"closed","template":"","meta":[],"product_brand":[],"product_cat":[104,89],"product_tag":[45],"class_list":{"0":"post-3008","1":"product","2":"type-product","3":"status-publish","4":"has-post-thumbnail","6":"product_cat-attack-on-titan","7":"product_cat-novedades","8":"product_tag-sega","10":"first","11":"outofstock","12":"shipping-taxable","13":"purchasable","14":"product-type-simple"},"_links":{"self":[{"href":"https:\/\/juanchitoys.com\/index.php\/wp-json\/wp\/v2\/product\/3008","targetHints":{"allow":["GET"]}}],"collection":[{"href":"https:\/\/juanchitoys.com\/index.php\/wp-json\/wp\/v2\/product"}],"about":[{"href":"https:\/\/juanchitoys.com\/index.php\/wp-json\/wp\/v2\/types\/product"}],"replies":[{"embeddable":true,"href":"https:\/\/juanchitoys.com\/index.php\/wp-json\/wp\/v2\/comments?post=3008"}],"wp:featuredmedia":[{"embeddable":true,"href":"https:\/\/juanchitoys.com\/index.php\/wp-json\/wp\/v2\/media\/3009"}],"wp:attachment":[{"href":"https:\/\/juanchitoys.com\/index.php\/wp-json\/wp\/v2\/media?parent=3008"}],"wp:term":[{"taxonomy":"product_brand","embeddable":true,"href":"https:\/\/juanchitoys.com\/index.php\/wp-json\/wp\/v2\/product_brand?post=3008"},{"taxonomy":"product_cat","embeddable":true,"href":"https:\/\/juanchitoys.com\/index.php\/wp-json\/wp\/v2\/product_cat?post=3008"},{"taxonomy":"product_tag","embeddable":true,"href":"https:\/\/juanchitoys.com\/index.php\/wp-json\/wp\/v2\/product_tag?post=3008"}],"curies":[{"name":"wp","href":"https:\/\/api.w.org\/{rel}","templated":true}]}}