{"id":299,"date":"2024-06-06T12:57:01","date_gmt":"2024-06-06T17:57:01","guid":{"rendered":"https:\/\/juanchitoys.com\/?post_type=product&#038;p=299"},"modified":"2025-11-19T13:19:14","modified_gmt":"2025-11-19T18:19:14","slug":"nezuko-kamado-vibration-stars","status":"publish","type":"product","link":"https:\/\/juanchitoys.com\/index.php\/producto\/nezuko-kamado-vibration-stars\/","title":{"rendered":"NEZUKO KAMADO VIBRATION STARS"},"content":{"rendered":"<p>BANPRESTO NOS PRESENTA A NEZUKO KAMADO CON UNA POSE DE LO M\u00c1S DIN\u00c1MICA Y UN POTENCIAL \u00daNICO, EN ELLAS NOS CENTRAMOS EN RECREAR EXACTAMENTE TANTO LA APARIENCIA F\u00cdSICA DEL PERSONAJE COMO SU CAR\u00c1CTER.<\/p>\n<p>FICHA TECNICA:<br \/>\n* KIMETSU NO YAIBA: BAMPRESTO VIBRATION STARS &#8211; NEZUKO KAMADO<br \/>\n* MATERIAL: PVC<br \/>\n* TAMA\u00d1O 14 CM DE ALTO<br \/>\n* ORIGEN JAPON<\/p>\n","protected":false},"excerpt":{"rendered":"<p>BANPRESTO NOS PRESENTA A NEZUKO KAMADO CON UNA POSE DE LO M\u00c1S DIN\u00c1MICA Y UN POTENCIAL \u00daNICO, EN ELLAS NOS CENTRAMOS EN RECREAR EXACTAMENTE TANTO LA APARIENCIA F\u00cdSICA DEL PERSONAJE COMO SU CAR\u00c1CTER.<\/p>\n","protected":false},"featured_media":300,"comment_status":"open","ping_status":"closed","template":"","meta":[],"product_brand":[],"product_cat":[20,89],"product_tag":[35,48],"class_list":{"0":"post-299","1":"product","2":"type-product","3":"status-publish","4":"has-post-thumbnail","6":"product_cat-kimetsu-no-yaiba","7":"product_cat-novedades","8":"product_tag-bandai","9":"product_tag-vibration-stars","11":"first","12":"outofstock","13":"shipping-taxable","14":"purchasable","15":"product-type-simple"},"_links":{"self":[{"href":"https:\/\/juanchitoys.com\/index.php\/wp-json\/wp\/v2\/product\/299","targetHints":{"allow":["GET"]}}],"collection":[{"href":"https:\/\/juanchitoys.com\/index.php\/wp-json\/wp\/v2\/product"}],"about":[{"href":"https:\/\/juanchitoys.com\/index.php\/wp-json\/wp\/v2\/types\/product"}],"replies":[{"embeddable":true,"href":"https:\/\/juanchitoys.com\/index.php\/wp-json\/wp\/v2\/comments?post=299"}],"wp:featuredmedia":[{"embeddable":true,"href":"https:\/\/juanchitoys.com\/index.php\/wp-json\/wp\/v2\/media\/300"}],"wp:attachment":[{"href":"https:\/\/juanchitoys.com\/index.php\/wp-json\/wp\/v2\/media?parent=299"}],"wp:term":[{"taxonomy":"product_brand","embeddable":true,"href":"https:\/\/juanchitoys.com\/index.php\/wp-json\/wp\/v2\/product_brand?post=299"},{"taxonomy":"product_cat","embeddable":true,"href":"https:\/\/juanchitoys.com\/index.php\/wp-json\/wp\/v2\/product_cat?post=299"},{"taxonomy":"product_tag","embeddable":true,"href":"https:\/\/juanchitoys.com\/index.php\/wp-json\/wp\/v2\/product_tag?post=299"}],"curies":[{"name":"wp","href":"https:\/\/api.w.org\/{rel}","templated":true}]}}