{"id":2985,"date":"2025-06-17T10:36:05","date_gmt":"2025-06-17T15:36:05","guid":{"rendered":"https:\/\/juanchitoys.com\/?post_type=product&#038;p=2985"},"modified":"2025-06-28T19:29:20","modified_gmt":"2025-06-29T00:29:20","slug":"son-goku-fes-vol-14-banpresto","status":"publish","type":"product","link":"https:\/\/juanchitoys.com\/index.php\/producto\/son-goku-fes-vol-14-banpresto\/","title":{"rendered":"SON GOKU FES VOL 14 BANPRESTO"},"content":{"rendered":"<p>GOKU ENTRA EN ACCI\u00d3N CON TODA SU ENERG\u00cdA SAIYAJIN! ESTA FIGURA DE SON GOKU \u2013 FES!! VOL. 14 DE BANPRESTO CAPTURA AL LEGENDARIO GUERRERO EN UNA PODEROSA POSE DE BATALLA, CON SU CL\u00c1SICO TRAJE NARANJA Y EXPRESI\u00d3N DE CONCENTRACI\u00d3N TOTAL.<\/p>\n<p>LA L\u00cdNEA SUPER SAIYAN FES!! SE HA GANADO EL CARI\u00d1O DE LOS FANS POR SUS ESCULTURAS DIN\u00c1MICAS Y LLENAS DE CAR\u00c1CTER. ESTA VERSI\u00d3N MUESTRA A GOKU EN SU FORMA BASE, CON EL CABELLO NEGRO Y MUSCULATURA MARCADA, REFLEJANDO FIELMENTE SU ESENCIA DE COMBATE. VIENE CON UNA BASE NEGRA PARA FACILITAR SU EXHIBICI\u00d3N.<\/p>\n<p>FICHA TECNICA:<\/p>\n<p>MARCA: BANPRESTO \/ BANDAI SPIRITS<br \/>\nL\u00cdNEA: SUPER SAIYAN FES!! VOL. 14<br \/>\nPERSONAJE: SON GOKU (FORMA BASE)<br \/>\nSERIE: DRAGON BALL SUPER<br \/>\nMATERIAL: PVC Y ABS<br \/>\nALTURA APROXIMADA: 11 CM<br \/>\nINCLUYE BASE NEGRA<br \/>\nPOSE DE COMBATE DIN\u00c1MICA<\/p>\n<p>UNA FIGURA COMPACTA, DETALLADA Y LLENA DE ENERG\u00cdA, PERFECTA PARA CUALQUIER FAN DE DRAGON BALL O COLECCIONISTA DE GOKU.<\/p>\n","protected":false},"excerpt":{"rendered":"<p>GOKU ENTRA EN ACCI\u00d3N CON TODA SU ENERG\u00cdA SAIYAJIN! ESTA FIGURA DE SON GOKU \u2013 FES!! VOL. 14 DE BANPRESTO CAPTURA AL LEGENDARIO GUERRERO EN UNA PODEROSA POSE DE BATALLA, CON SU CL\u00c1SICO TRAJE NARANJA Y EXPRESI\u00d3N DE CONCENTRACI\u00d3N TOTAL.<\/p>\n","protected":false},"featured_media":2986,"comment_status":"open","ping_status":"closed","template":"","meta":[],"product_brand":[],"product_cat":[18,89],"product_tag":[52],"class_list":{"0":"post-2985","1":"product","2":"type-product","3":"status-publish","4":"has-post-thumbnail","6":"product_cat-dragon-ball","7":"product_cat-novedades","8":"product_tag-banpresto","10":"first","11":"outofstock","12":"shipping-taxable","13":"purchasable","14":"product-type-simple"},"_links":{"self":[{"href":"https:\/\/juanchitoys.com\/index.php\/wp-json\/wp\/v2\/product\/2985","targetHints":{"allow":["GET"]}}],"collection":[{"href":"https:\/\/juanchitoys.com\/index.php\/wp-json\/wp\/v2\/product"}],"about":[{"href":"https:\/\/juanchitoys.com\/index.php\/wp-json\/wp\/v2\/types\/product"}],"replies":[{"embeddable":true,"href":"https:\/\/juanchitoys.com\/index.php\/wp-json\/wp\/v2\/comments?post=2985"}],"wp:featuredmedia":[{"embeddable":true,"href":"https:\/\/juanchitoys.com\/index.php\/wp-json\/wp\/v2\/media\/2986"}],"wp:attachment":[{"href":"https:\/\/juanchitoys.com\/index.php\/wp-json\/wp\/v2\/media?parent=2985"}],"wp:term":[{"taxonomy":"product_brand","embeddable":true,"href":"https:\/\/juanchitoys.com\/index.php\/wp-json\/wp\/v2\/product_brand?post=2985"},{"taxonomy":"product_cat","embeddable":true,"href":"https:\/\/juanchitoys.com\/index.php\/wp-json\/wp\/v2\/product_cat?post=2985"},{"taxonomy":"product_tag","embeddable":true,"href":"https:\/\/juanchitoys.com\/index.php\/wp-json\/wp\/v2\/product_tag?post=2985"}],"curies":[{"name":"wp","href":"https:\/\/api.w.org\/{rel}","templated":true}]}}