{"id":2982,"date":"2025-06-17T10:29:40","date_gmt":"2025-06-17T15:29:40","guid":{"rendered":"https:\/\/juanchitoys.com\/?post_type=product&#038;p=2982"},"modified":"2025-06-28T19:29:33","modified_gmt":"2025-06-29T00:29:33","slug":"dragon-ball-gt-son-goku-super-saiyan-fes-special-ver-banpresto","status":"publish","type":"product","link":"https:\/\/juanchitoys.com\/index.php\/producto\/dragon-ball-gt-son-goku-super-saiyan-fes-special-ver-banpresto\/","title":{"rendered":"DRAGON BALL GT SON GOKU SUPER SAIYAN FES SPECIAL VER. BANPRESTO"},"content":{"rendered":"<p>\u00a1EL GOKU ADULTO DE DRAGON BALL GT LLEGA CON TODA SU ENERG\u00cdA Y ESTILO CL\u00c1SICO! ESTA FIGURA DE SON GOKU \u2013 FES!! SPECIAL VER. DE BANPRESTO LO PRESENTA EN UNA PODEROSA POSE DE BATALLA, CON SU CARACTER\u00cdSTICO TRAJE ROJO, CABELLO NEGRO Y MIRADA DECIDIDA, LISTO PARA DESATAR UN PODEROSO ATAQUE.<\/p>\n<p>LA L\u00cdNEA SUPER SAIYAN FES!! DESTACA POR SU EXCELENTE ESCULPIDO Y DINAMISMO, Y AUNQUE ESTA VERSI\u00d3N MUESTRA A GOKU EN SU FORMA BASE (SIN TRANSFORMACI\u00d3N), SU PRESENCIA ES IMPONENTE GRACIAS A LOS DETALLES DEL ROSTRO, MUSCULATURA Y MOVIMIENTO EN LA ROPA. VIENE CON BASE NEGRA PARA UNA EXHIBICI\u00d3N ESTABLE Y ELEGANTE.<\/p>\n<p>FICHA TECNICA:<\/p>\n<p>MARCA: BANPRESTO \/ BANDAI SPIRITS<br \/>\nL\u00cdNEA: SUPER SAIYAN FES!! \u2013 SPECIAL VER.<br \/>\nSERIE: DRAGON BALL GT<br \/>\nMATERIAL: PVC Y ABS<br \/>\nALTURA APROXIMADA: 17 CM<br \/>\nINCLUYE BASE NEGRA<br \/>\nPOSE DIN\u00c1MICA LISTA PARA EL COMBATE<\/p>\n<p>UNA FIGURA IMPRESCINDIBLE PARA FANS DE DRAGON BALL GT Y COLECCIONISTAS QUE APRECIAN LAS VERSIONES DEL LEGENDARIO SAIYAJIN.<\/p>\n","protected":false},"excerpt":{"rendered":"<p>\u00a1EL GOKU ADULTO DE DRAGON BALL GT LLEGA CON TODA SU ENERG\u00cdA Y ESTILO CL\u00c1SICO! ESTA FIGURA DE SON GOKU \u2013 FES!! SPECIAL VER. DE BANPRESTO LO PRESENTA EN UNA PODEROSA POSE DE BATALLA, CON SU CARACTER\u00cdSTICO TRAJE ROJO, CABELLO NEGRO Y MIRADA DECIDIDA, LISTO PARA DESATAR UN PODEROSO ATAQUE.<\/p>\n","protected":false},"featured_media":2983,"comment_status":"open","ping_status":"closed","template":"","meta":[],"product_brand":[],"product_cat":[18,89],"product_tag":[52],"class_list":{"0":"post-2982","1":"product","2":"type-product","3":"status-publish","4":"has-post-thumbnail","6":"product_cat-dragon-ball","7":"product_cat-novedades","8":"product_tag-banpresto","10":"first","11":"outofstock","12":"shipping-taxable","13":"purchasable","14":"product-type-simple"},"_links":{"self":[{"href":"https:\/\/juanchitoys.com\/index.php\/wp-json\/wp\/v2\/product\/2982","targetHints":{"allow":["GET"]}}],"collection":[{"href":"https:\/\/juanchitoys.com\/index.php\/wp-json\/wp\/v2\/product"}],"about":[{"href":"https:\/\/juanchitoys.com\/index.php\/wp-json\/wp\/v2\/types\/product"}],"replies":[{"embeddable":true,"href":"https:\/\/juanchitoys.com\/index.php\/wp-json\/wp\/v2\/comments?post=2982"}],"wp:featuredmedia":[{"embeddable":true,"href":"https:\/\/juanchitoys.com\/index.php\/wp-json\/wp\/v2\/media\/2983"}],"wp:attachment":[{"href":"https:\/\/juanchitoys.com\/index.php\/wp-json\/wp\/v2\/media?parent=2982"}],"wp:term":[{"taxonomy":"product_brand","embeddable":true,"href":"https:\/\/juanchitoys.com\/index.php\/wp-json\/wp\/v2\/product_brand?post=2982"},{"taxonomy":"product_cat","embeddable":true,"href":"https:\/\/juanchitoys.com\/index.php\/wp-json\/wp\/v2\/product_cat?post=2982"},{"taxonomy":"product_tag","embeddable":true,"href":"https:\/\/juanchitoys.com\/index.php\/wp-json\/wp\/v2\/product_tag?post=2982"}],"curies":[{"name":"wp","href":"https:\/\/api.w.org\/{rel}","templated":true}]}}