{"id":296,"date":"2024-06-06T12:37:35","date_gmt":"2024-06-06T17:37:35","guid":{"rendered":"https:\/\/juanchitoys.com\/?post_type=product&#038;p=296"},"modified":"2025-01-23T17:43:36","modified_gmt":"2025-01-23T22:43:36","slug":"muzan-kid","status":"publish","type":"product","link":"https:\/\/juanchitoys.com\/index.php\/producto\/muzan-kid\/","title":{"rendered":"MUZAN KID"},"content":{"rendered":"<p>BANPRESTO LANZO UNA FIGURA DE MUZAN KID, EST\u00c1 HECHA DE MATERIALES DE ALTA CALIDAD COMO PVC Y ABS. LA FIGURA CAPTURA CON GRAN DETALLE Y PRECISI\u00d3N EL DISE\u00d1O Y LA APARIENCIA DEL PERSONAJE, CON UNA PINTURA Y ACABADO DE EXCELENTE CALIDAD QUE RECREA LOS DETALLES DEL TRAJE DE MUZAN KID EN UN COLOR MULTICOLOR.<\/p>\n<p>FICHA TECNICA:<br \/>\n* MARCA BANDAI<br \/>\n* MATERIAL: PVC<br \/>\n* TAMA\u00d1O 14 CM DE ALTO<br \/>\n* ORIGEN JAPON<\/p>\n","protected":false},"excerpt":{"rendered":"<p>BANPRESTO LANZO UNA FIGURA DE MUZAN KID<\/p>\n","protected":false},"featured_media":298,"comment_status":"open","ping_status":"closed","template":"","meta":[],"product_brand":[],"product_cat":[20],"product_tag":[35],"class_list":{"0":"post-296","1":"product","2":"type-product","3":"status-publish","4":"has-post-thumbnail","6":"product_cat-kimetsu-no-yaiba","7":"product_tag-bandai","9":"first","10":"instock","11":"sale","12":"shipping-taxable","13":"purchasable","14":"product-type-simple"},"_links":{"self":[{"href":"https:\/\/juanchitoys.com\/index.php\/wp-json\/wp\/v2\/product\/296","targetHints":{"allow":["GET"]}}],"collection":[{"href":"https:\/\/juanchitoys.com\/index.php\/wp-json\/wp\/v2\/product"}],"about":[{"href":"https:\/\/juanchitoys.com\/index.php\/wp-json\/wp\/v2\/types\/product"}],"replies":[{"embeddable":true,"href":"https:\/\/juanchitoys.com\/index.php\/wp-json\/wp\/v2\/comments?post=296"}],"wp:featuredmedia":[{"embeddable":true,"href":"https:\/\/juanchitoys.com\/index.php\/wp-json\/wp\/v2\/media\/298"}],"wp:attachment":[{"href":"https:\/\/juanchitoys.com\/index.php\/wp-json\/wp\/v2\/media?parent=296"}],"wp:term":[{"taxonomy":"product_brand","embeddable":true,"href":"https:\/\/juanchitoys.com\/index.php\/wp-json\/wp\/v2\/product_brand?post=296"},{"taxonomy":"product_cat","embeddable":true,"href":"https:\/\/juanchitoys.com\/index.php\/wp-json\/wp\/v2\/product_cat?post=296"},{"taxonomy":"product_tag","embeddable":true,"href":"https:\/\/juanchitoys.com\/index.php\/wp-json\/wp\/v2\/product_tag?post=296"}],"curies":[{"name":"wp","href":"https:\/\/api.w.org\/{rel}","templated":true}]}}