{"id":2943,"date":"2025-06-14T14:53:13","date_gmt":"2025-06-14T19:53:13","guid":{"rendered":"https:\/\/juanchitoys.com\/?post_type=product&#038;p=2943"},"modified":"2025-10-29T10:06:43","modified_gmt":"2025-10-29T15:06:43","slug":"monkey-d-luffy-the-grandline-men-vol-1-dxf","status":"publish","type":"product","link":"https:\/\/juanchitoys.com\/index.php\/producto\/monkey-d-luffy-the-grandline-men-vol-1-dxf\/","title":{"rendered":"MONKEY D. LUFFY THE GRANDLINE MEN VOL. 1 DXF"},"content":{"rendered":"<p>\u00a1LUFFY LIDERA TU COLECCI\u00d3N DESDE EL VOL. 1!<br \/>\nESTA FIGURA DE MONKEY D. LUFFY, PROTAGONISTA DE ONE PIECE, FORMA PARTE DEL PRIMER VOLUMEN DE LA EXITOSA L\u00cdNEA THE GRANDLINE MEN DXF DE BANPRESTO. CON SU IC\u00d3NICO SOMBRERO DE PAJA, POSE FIRME Y EXPRESI\u00d3N CONFIADA, ESTA PIEZA CAPTURA A LA PERFECCI\u00d3N EL ESP\u00cdRITU DEL CAPIT\u00c1N DE LOS SOMBRERO DE PAJA.<\/p>\n<p>FABRICADA EN PVC Y ABS DE ALTA CALIDAD, CUENTA CON GRAN NIVEL DE DETALLE EN LA ESCULTURA, LOS PLIEGUES DE LA ROPA Y EL PINTADO. ES IDEAL TANTO PARA COLECCIONISTAS VETERANOS COMO PARA QUIENES DESEAN INICIAR SU VITRINA DEL UNIVERSO ONE PIECE.<\/p>\n<p>FABRICANTE: BANPRESTO (BANDAI SPIRITS)<\/p>\n<p>COLECCI\u00d3N: DXF \u2013 THE GRANDLINE MEN VOL. 1<\/p>\n<p>FICHA TECNICA:<\/p>\n<p>ALTURA APROXIMADA: 17 CM<br \/>\nMATERIAL: PVC Y ABS<br \/>\nINCLUYE BASE PARA EXHIBICI\u00d3N<br \/>\nPRODUCTO 100% ORIGINAL, CON LICENCIA OFICIAL TOEI ANIMATION<\/p>\n","protected":false},"excerpt":{"rendered":"<p>ESTA FIGURA DE MONKEY D. LUFFY, PROTAGONISTA DE ONE PIECE, FORMA PARTE DEL PRIMER VOLUMEN DE LA EXITOSA L\u00cdNEA THE GRANDLINE MEN DXF DE BANPRESTO. CON SU IC\u00d3NICO SOMBRERO DE PAJA, POSE FIRME Y EXPRESI\u00d3N CONFIADA, ESTA PIEZA CAPTURA A LA PERFECCI\u00d3N EL ESP\u00cdRITU DEL CAPIT\u00c1N DE LOS SOMBRERO DE PAJA.<\/p>\n","protected":false},"featured_media":2944,"comment_status":"open","ping_status":"closed","template":"","meta":[],"product_brand":[],"product_cat":[19,89],"product_tag":[35,38],"class_list":{"0":"post-2943","1":"product","2":"type-product","3":"status-publish","4":"has-post-thumbnail","6":"product_cat-one-piece","7":"product_cat-novedades","8":"product_tag-bandai","9":"product_tag-dxf","11":"first","12":"outofstock","13":"shipping-taxable","14":"purchasable","15":"product-type-simple"},"_links":{"self":[{"href":"https:\/\/juanchitoys.com\/index.php\/wp-json\/wp\/v2\/product\/2943","targetHints":{"allow":["GET"]}}],"collection":[{"href":"https:\/\/juanchitoys.com\/index.php\/wp-json\/wp\/v2\/product"}],"about":[{"href":"https:\/\/juanchitoys.com\/index.php\/wp-json\/wp\/v2\/types\/product"}],"replies":[{"embeddable":true,"href":"https:\/\/juanchitoys.com\/index.php\/wp-json\/wp\/v2\/comments?post=2943"}],"wp:featuredmedia":[{"embeddable":true,"href":"https:\/\/juanchitoys.com\/index.php\/wp-json\/wp\/v2\/media\/2944"}],"wp:attachment":[{"href":"https:\/\/juanchitoys.com\/index.php\/wp-json\/wp\/v2\/media?parent=2943"}],"wp:term":[{"taxonomy":"product_brand","embeddable":true,"href":"https:\/\/juanchitoys.com\/index.php\/wp-json\/wp\/v2\/product_brand?post=2943"},{"taxonomy":"product_cat","embeddable":true,"href":"https:\/\/juanchitoys.com\/index.php\/wp-json\/wp\/v2\/product_cat?post=2943"},{"taxonomy":"product_tag","embeddable":true,"href":"https:\/\/juanchitoys.com\/index.php\/wp-json\/wp\/v2\/product_tag?post=2943"}],"curies":[{"name":"wp","href":"https:\/\/api.w.org\/{rel}","templated":true}]}}