{"id":2939,"date":"2025-06-14T14:43:37","date_gmt":"2025-06-14T19:43:37","guid":{"rendered":"https:\/\/juanchitoys.com\/?post_type=product&#038;p=2939"},"modified":"2026-01-06T14:50:17","modified_gmt":"2026-01-06T19:50:17","slug":"monkey-d-luffy-film-red-the-grandline-men-dxf","status":"publish","type":"product","link":"https:\/\/juanchitoys.com\/index.php\/producto\/monkey-d-luffy-film-red-the-grandline-men-dxf\/","title":{"rendered":"MONKEY D. LUFFY FILM RED THE GRANDLINE MEN DXF"},"content":{"rendered":"<p>FIGURA MONKEY D. LUFFY \u2013 FILM RED \u2013 THE GRANDLINE MEN DXF \u2013 BANPRESTO<\/p>\n<p>\u00a1LUFFY VUELVE A LA ACCI\u00d3N CON UN NUEVO ESTILO SACADO DIRECTAMENTE DE ONE PIECE FILM: RED! ESTA FIGURA FORMA PARTE DE LA COLECCI\u00d3N THE GRANDLINE MEN DXF DE BANPRESTO (BANDAI SPIRITS) Y MUESTRA AL CAPIT\u00c1N DEL SOMBRERO DE PAJA CON EL ATUENDO EXCLUSIVO QUE USA DURANTE LA PEL\u00cdCULA.<\/p>\n<p>CON UNA POSE DECIDIDA, SU SOMBRERO INSEPARABLE Y UN DISE\u00d1O DE VESTIMENTA \u00daNICO, ESTA FIGURA CAPTURA PERFECTAMENTE EL CARISMA Y ENERG\u00cdA DE LUFFY EN SU VERSI\u00d3N CINEMATOGR\u00c1FICA.<\/p>\n<p>FICHA TECNICA:<\/p>\n<p>ALTURA APROXIMADA: 17 CM<br \/>\nMATERIAL: PVC Y ABS DE EXCELENTE CALIDAD<br \/>\nCOLECCI\u00d3N: DXF \u2013 THE GRANDLINE MEN FILM RED<br \/>\nDISE\u00d1O FIEL AL ATUENDO VISTO EN ONE PIECE FILM: RED<br \/>\nPRODUCTO ORIGINAL BANPRESTO\/BANDAI CON LICENCIA OFICIAL<\/p>\n","protected":false},"excerpt":{"rendered":"<p>\u00a1LUFFY VUELVE A LA ACCI\u00d3N CON UN NUEVO ESTILO SACADO DIRECTAMENTE DE ONE PIECE FILM: RED! ESTA FIGURA FORMA PARTE DE LA COLECCI\u00d3N THE GRANDLINE MEN DXF DE BANPRESTO (BANDAI SPIRITS) Y MUESTRA AL CAPIT\u00c1N DEL SOMBRERO DE PAJA CON EL ATUENDO EXCLUSIVO QUE USA DURANTE LA PEL\u00cdCULA.<\/p>\n","protected":false},"featured_media":2941,"comment_status":"open","ping_status":"closed","template":"","meta":[],"product_brand":[],"product_cat":[19,89],"product_tag":[35,38],"class_list":{"0":"post-2939","1":"product","2":"type-product","3":"status-publish","4":"has-post-thumbnail","6":"product_cat-one-piece","7":"product_cat-novedades","8":"product_tag-bandai","9":"product_tag-dxf","11":"first","12":"outofstock","13":"shipping-taxable","14":"purchasable","15":"product-type-simple"},"_links":{"self":[{"href":"https:\/\/juanchitoys.com\/index.php\/wp-json\/wp\/v2\/product\/2939","targetHints":{"allow":["GET"]}}],"collection":[{"href":"https:\/\/juanchitoys.com\/index.php\/wp-json\/wp\/v2\/product"}],"about":[{"href":"https:\/\/juanchitoys.com\/index.php\/wp-json\/wp\/v2\/types\/product"}],"replies":[{"embeddable":true,"href":"https:\/\/juanchitoys.com\/index.php\/wp-json\/wp\/v2\/comments?post=2939"}],"wp:featuredmedia":[{"embeddable":true,"href":"https:\/\/juanchitoys.com\/index.php\/wp-json\/wp\/v2\/media\/2941"}],"wp:attachment":[{"href":"https:\/\/juanchitoys.com\/index.php\/wp-json\/wp\/v2\/media?parent=2939"}],"wp:term":[{"taxonomy":"product_brand","embeddable":true,"href":"https:\/\/juanchitoys.com\/index.php\/wp-json\/wp\/v2\/product_brand?post=2939"},{"taxonomy":"product_cat","embeddable":true,"href":"https:\/\/juanchitoys.com\/index.php\/wp-json\/wp\/v2\/product_cat?post=2939"},{"taxonomy":"product_tag","embeddable":true,"href":"https:\/\/juanchitoys.com\/index.php\/wp-json\/wp\/v2\/product_tag?post=2939"}],"curies":[{"name":"wp","href":"https:\/\/api.w.org\/{rel}","templated":true}]}}