{"id":2929,"date":"2025-06-14T14:23:33","date_gmt":"2025-06-14T19:23:33","guid":{"rendered":"https:\/\/juanchitoys.com\/?post_type=product&#038;p=2929"},"modified":"2025-10-29T10:07:00","modified_gmt":"2025-10-29T15:07:00","slug":"gol-d-roger-the-grandline-men-dxf","status":"publish","type":"product","link":"https:\/\/juanchitoys.com\/index.php\/producto\/gol-d-roger-the-grandline-men-dxf\/","title":{"rendered":"GOL D. ROGER THE GRANDLINE MEN DXF"},"content":{"rendered":"<p>FIGURA GOL D. ROGER \u2013 THE GRANDLINE MEN DXF \u2013 BANPRESTO<\/p>\n<p>\u00a1EL LEGENDARIO REY DE LOS PIRATAS LLEGA A TU COLECCI\u00d3N! ESTA IMPRESIONANTE FIGURA DE GOL D. ROGER, PARTE DE LA L\u00cdNEA THE GRANDLINE MEN DXF DE BANPRESTO, REPRESENTA AL IC\u00d3NICO CAPIT\u00c1N CON UNA PODEROSA PRESENCIA Y GRAN NIVEL DE DETALLE.<\/p>\n<p>CON SU CL\u00c1SICO ABRIGO ROJO, ESPADA AL CINTO Y UNA EXPRESI\u00d3N DESAFIANTE, ESTA FIGURA TRANSMITE TODA LA FUERZA Y DETERMINACI\u00d3N DEL HOMBRE QUE CONQUIST\u00d3 GRAND LINE. IDEAL PARA QUIENES DESEAN RENDIR HOMENAJE A UNO DE LOS PERSONAJES M\u00c1S IMPORTANTES DE ONE PIECE.<\/p>\n<p>FICHA TECNICA:<br \/>\nALTURA: 17 CM<br \/>\nMATERIAL: PVC Y ABS DE EXCELENTE CALIDAD<br \/>\nCOLECCI\u00d3N: THE GRANDLINE MEN \u2013 DXF<br \/>\nDETALLES FIELES AL DISE\u00d1O DEL ANIME<br \/>\nPRODUCTO ORIGINAL BANPRESTO (BANDAI SPIRITS) CON LICENCIA OFICIAL<\/p>\n","protected":false},"excerpt":{"rendered":"<p>\u00a1EL LEGENDARIO REY DE LOS PIRATAS LLEGA A TU COLECCI\u00d3N! ESTA IMPRESIONANTE FIGURA DE GOL D. ROGER, PARTE DE LA L\u00cdNEA THE GRANDLINE MEN DXF DE BANPRESTO, REPRESENTA AL IC\u00d3NICO CAPIT\u00c1N CON UNA PODEROSA PRESENCIA Y GRAN NIVEL DE DETALLE.<\/p>\n","protected":false},"featured_media":2930,"comment_status":"open","ping_status":"closed","template":"","meta":[],"product_brand":[],"product_cat":[19,89],"product_tag":[35,38],"class_list":{"0":"post-2929","1":"product","2":"type-product","3":"status-publish","4":"has-post-thumbnail","6":"product_cat-one-piece","7":"product_cat-novedades","8":"product_tag-bandai","9":"product_tag-dxf","11":"first","12":"outofstock","13":"shipping-taxable","14":"purchasable","15":"product-type-simple"},"_links":{"self":[{"href":"https:\/\/juanchitoys.com\/index.php\/wp-json\/wp\/v2\/product\/2929","targetHints":{"allow":["GET"]}}],"collection":[{"href":"https:\/\/juanchitoys.com\/index.php\/wp-json\/wp\/v2\/product"}],"about":[{"href":"https:\/\/juanchitoys.com\/index.php\/wp-json\/wp\/v2\/types\/product"}],"replies":[{"embeddable":true,"href":"https:\/\/juanchitoys.com\/index.php\/wp-json\/wp\/v2\/comments?post=2929"}],"wp:featuredmedia":[{"embeddable":true,"href":"https:\/\/juanchitoys.com\/index.php\/wp-json\/wp\/v2\/media\/2930"}],"wp:attachment":[{"href":"https:\/\/juanchitoys.com\/index.php\/wp-json\/wp\/v2\/media?parent=2929"}],"wp:term":[{"taxonomy":"product_brand","embeddable":true,"href":"https:\/\/juanchitoys.com\/index.php\/wp-json\/wp\/v2\/product_brand?post=2929"},{"taxonomy":"product_cat","embeddable":true,"href":"https:\/\/juanchitoys.com\/index.php\/wp-json\/wp\/v2\/product_cat?post=2929"},{"taxonomy":"product_tag","embeddable":true,"href":"https:\/\/juanchitoys.com\/index.php\/wp-json\/wp\/v2\/product_tag?post=2929"}],"curies":[{"name":"wp","href":"https:\/\/api.w.org\/{rel}","templated":true}]}}