{"id":2920,"date":"2025-06-14T14:15:13","date_gmt":"2025-06-14T19:15:13","guid":{"rendered":"https:\/\/juanchitoys.com\/?post_type=product&#038;p=2920"},"modified":"2026-01-06T14:51:39","modified_gmt":"2026-01-06T19:51:39","slug":"2920","status":"publish","type":"product","link":"https:\/\/juanchitoys.com\/index.php\/producto\/2920\/","title":{"rendered":"BUGGY THE GRANDLINE CHILDREN DXF"},"content":{"rendered":"<p>FIGURA BUGGY (NI\u00d1O) \u2013 THE GRANDLINE CHILDREN DXF \u2013 BANDAI<\/p>\n<p>\u00a1EL FUTURO PAYASO PIRATA TAMBI\u00c9N FUE UN NI\u00d1O CON GRANDES SUE\u00d1OS! ESTA FIGURA DE BUGGY EN SU VERSI\u00d3N INFANTIL FORMA PARTE DE LA COLECCI\u00d3N THE GRANDLINE CHILDREN DXF DE BANPRESTO\/BANDAI, Y CAPTURA CON GRAN DETALLE AL JOVEN ASPIRANTE A PIRATA DURANTE SUS D\u00cdAS EN EL BARCO DE GOL D. ROGER.<\/p>\n<p>CON UNA EXPRESI\u00d3N TRAVIESA Y SU CARACTER\u00cdSTICO GORRO, ESTA FIGURA ES PERFECTA PARA LOS FANS QUE QUIEREN REVIVIR LOS OR\u00cdGENES DE LOS PERSONAJES M\u00c1S IC\u00d3NICOS DE ONE PIECE.<\/p>\n<p>FICHA TECNICA:<br \/>\nALTURA: 12 CM<br \/>\nMATERIAL: PVC Y ABS DE ALTA CALIDAD<br \/>\nCOLECCI\u00d3N: THE GRANDLINE CHILDREN \u2013 DXF<br \/>\nDETALLES CUIDADOS Y POSE FIEL AL ANIME<\/p>\n","protected":false},"excerpt":{"rendered":"<p>\u00a1EL FUTURO PAYASO PIRATA TAMBI\u00c9N FUE UN NI\u00d1O CON GRANDES SUE\u00d1OS! ESTA FIGURA DE BUGGY EN SU VERSI\u00d3N INFANTIL FORMA PARTE DE LA COLECCI\u00d3N THE GRANDLINE CHILDREN DXF DE BANPRESTO\/BANDAI, Y CAPTURA CON GRAN DETALLE AL JOVEN ASPIRANTE A PIRATA DURANTE SUS D\u00cdAS EN EL BARCO DE GOL D. ROGER.<\/p>\n","protected":false},"featured_media":2923,"comment_status":"open","ping_status":"closed","template":"","meta":[],"product_brand":[],"product_cat":[19,89],"product_tag":[35,38],"class_list":{"0":"post-2920","1":"product","2":"type-product","3":"status-publish","4":"has-post-thumbnail","6":"product_cat-one-piece","7":"product_cat-novedades","8":"product_tag-bandai","9":"product_tag-dxf","11":"first","12":"outofstock","13":"shipping-taxable","14":"purchasable","15":"product-type-simple"},"_links":{"self":[{"href":"https:\/\/juanchitoys.com\/index.php\/wp-json\/wp\/v2\/product\/2920","targetHints":{"allow":["GET"]}}],"collection":[{"href":"https:\/\/juanchitoys.com\/index.php\/wp-json\/wp\/v2\/product"}],"about":[{"href":"https:\/\/juanchitoys.com\/index.php\/wp-json\/wp\/v2\/types\/product"}],"replies":[{"embeddable":true,"href":"https:\/\/juanchitoys.com\/index.php\/wp-json\/wp\/v2\/comments?post=2920"}],"wp:featuredmedia":[{"embeddable":true,"href":"https:\/\/juanchitoys.com\/index.php\/wp-json\/wp\/v2\/media\/2923"}],"wp:attachment":[{"href":"https:\/\/juanchitoys.com\/index.php\/wp-json\/wp\/v2\/media?parent=2920"}],"wp:term":[{"taxonomy":"product_brand","embeddable":true,"href":"https:\/\/juanchitoys.com\/index.php\/wp-json\/wp\/v2\/product_brand?post=2920"},{"taxonomy":"product_cat","embeddable":true,"href":"https:\/\/juanchitoys.com\/index.php\/wp-json\/wp\/v2\/product_cat?post=2920"},{"taxonomy":"product_tag","embeddable":true,"href":"https:\/\/juanchitoys.com\/index.php\/wp-json\/wp\/v2\/product_tag?post=2920"}],"curies":[{"name":"wp","href":"https:\/\/api.w.org\/{rel}","templated":true}]}}