{"id":2915,"date":"2025-06-14T12:03:56","date_gmt":"2025-06-14T17:03:56","guid":{"rendered":"https:\/\/juanchitoys.com\/?post_type=product&#038;p=2915"},"modified":"2025-06-14T12:03:57","modified_gmt":"2025-06-14T17:03:57","slug":"marco-the-grandline-dxf","status":"publish","type":"product","link":"https:\/\/juanchitoys.com\/index.php\/producto\/marco-the-grandline-dxf\/","title":{"rendered":"MARCO THE GRANDLINE DXF"},"content":{"rendered":"<p>MEJORA TU COLECCI\u00d3N DE ONE PIECE CON LA \u00daLTIMA INCORPORACI\u00d3N DE BANDAI BANPRESTO: LA FIGURA DXF THE GRANDLINE MEN WANO COUNTRY VOL.18 MARCO. ELABORADA CON METICULOSA ATENCI\u00d3N A LOS DETALLES, ESTA FIGURA CAPTURA LA ESENCIA DE MARCO, CON SU IC\u00d3NICA SONRISA. CON M\u00c1S DE 6 PULGADAS DE ALTO, MARCO COBRA VIDA EN UNA POSE DIN\u00c1MICA QUE ENCAPSULA SU PERSONALIDAD EN\u00c9RGICA DEL AMADO ANIME.<\/p>\n<p>ESTA PIEZA DE COLECCI\u00d3N FORMA PARTE DE LA FAMOSA SERIE DXF GRANDLINE MEN, CONOCIDA POR SU EXCEPCIONAL ARTESAN\u00cdA Y FIDELIDAD AL UNIVERSO DE ONE PIECE. YA SEA QUE LA MUESTRES EN UN ESTANTE O LA USES COMO PIEZA CENTRAL DE TU COLECCI\u00d3N, ESTA FIGURA SIN DUDA SER\u00c1 UNA PIEZA DESTACADA. FABRICADA EN PL\u00c1STICO DE ALTA CALIDAD, PROMETE DURABILIDAD Y LONGEVIDAD, LO QUE LA CONVIERTE EN UN TRIBUTO DURADERO A LA SAGA ONE PIECE.<\/p>\n<p>FICHA TECNICA:<\/p>\n<p>TAMA\u00d1O: MIDE APROXIMADAMENTE 17 CM DE ALTURA, PERFECTO PARA EXHIBIR.<\/p>\n<p>MATERIAL: FABRICADO CON PL\u00c1STICO DURADERO Y DE ALTA CALIDAD PARA UN ART\u00cdCULO DE COLECCI\u00d3N DURADERO.<\/p>\n<p>SERIE: PARTE DE LA ACLAMADA SERIE DXF Y THE GRANDLINE MEN, CONOCIDA POR SUS FIGURAS DETALLADAS.<\/p>\n<p>ORIGEN JAPON<\/p>\n","protected":false},"excerpt":{"rendered":"<p>MEJORA TU COLECCI\u00d3N DE ONE PIECE CON LA \u00daLTIMA INCORPORACI\u00d3N DE BANDAI BANPRESTO: LA FIGURA DXF THE GRANDLINE MEN WANO COUNTRY VOL.18 MARCO. ELABORADA CON METICULOSA ATENCI\u00d3N A LOS DETALLES, ESTA FIGURA CAPTURA LA ESENCIA DE MARCO, CON SU IC\u00d3NICA SONRISA. CON M\u00c1S DE 6 PULGADAS DE ALTO, MARCO COBRA VIDA EN UNA POSE DIN\u00c1MICA QUE ENCAPSULA SU PERSONALIDAD EN\u00c9RGICA DEL AMADO ANIME.<\/p>\n","protected":false},"featured_media":2916,"comment_status":"open","ping_status":"closed","template":"","meta":[],"product_brand":[],"product_cat":[19,89],"product_tag":[35,38],"class_list":{"0":"post-2915","1":"product","2":"type-product","3":"status-publish","4":"has-post-thumbnail","6":"product_cat-one-piece","7":"product_cat-novedades","8":"product_tag-bandai","9":"product_tag-dxf","11":"first","12":"instock","13":"shipping-taxable","14":"purchasable","15":"product-type-simple"},"_links":{"self":[{"href":"https:\/\/juanchitoys.com\/index.php\/wp-json\/wp\/v2\/product\/2915","targetHints":{"allow":["GET"]}}],"collection":[{"href":"https:\/\/juanchitoys.com\/index.php\/wp-json\/wp\/v2\/product"}],"about":[{"href":"https:\/\/juanchitoys.com\/index.php\/wp-json\/wp\/v2\/types\/product"}],"replies":[{"embeddable":true,"href":"https:\/\/juanchitoys.com\/index.php\/wp-json\/wp\/v2\/comments?post=2915"}],"wp:featuredmedia":[{"embeddable":true,"href":"https:\/\/juanchitoys.com\/index.php\/wp-json\/wp\/v2\/media\/2916"}],"wp:attachment":[{"href":"https:\/\/juanchitoys.com\/index.php\/wp-json\/wp\/v2\/media?parent=2915"}],"wp:term":[{"taxonomy":"product_brand","embeddable":true,"href":"https:\/\/juanchitoys.com\/index.php\/wp-json\/wp\/v2\/product_brand?post=2915"},{"taxonomy":"product_cat","embeddable":true,"href":"https:\/\/juanchitoys.com\/index.php\/wp-json\/wp\/v2\/product_cat?post=2915"},{"taxonomy":"product_tag","embeddable":true,"href":"https:\/\/juanchitoys.com\/index.php\/wp-json\/wp\/v2\/product_tag?post=2915"}],"curies":[{"name":"wp","href":"https:\/\/api.w.org\/{rel}","templated":true}]}}