{"id":2897,"date":"2025-06-14T11:29:31","date_gmt":"2025-06-14T16:29:31","guid":{"rendered":"https:\/\/juanchitoys.com\/?post_type=product&#038;p=2897"},"modified":"2026-01-06T14:51:51","modified_gmt":"2026-01-06T19:51:51","slug":"nami-new-world-figuarts-zero","status":"publish","type":"product","link":"https:\/\/juanchitoys.com\/index.php\/producto\/nami-new-world-figuarts-zero\/","title":{"rendered":"NAMI NEW WORLD FIGUARTS ZERO"},"content":{"rendered":"<p>NAMI NEW WORLD FIGUARTS ZERO<br \/>\nLA NAVEGANTE M\u00c1S ASTUTA DEL EAST BLUE LLEGA CON ESTILO. ESTA FIGURA DE NAMI DE LA COLECCI\u00d3N FIGUARTS ZERO PRESENTA SU APARIENCIA TRAS EL SALTO TEMPORAL EN ONE PIECE, LUCIENDO SU CARACTER\u00cdSTICO ATUENDO DEL NUEVO MUNDO Y UNA POSE ELEGANTE QUE DESTACA SU PERSONALIDAD SEGURA Y DECIDIDA.<\/p>\n<p>FICHA TECNICA:<br \/>\nALTURA: 15 CM<br \/>\nMATERIAL: PVC DE ALTA CALIDAD<br \/>\nDETALLE Y ESCULTURA: PINTURA PRECISA, ROSTRO EXPRESIVO Y GRAN ATENCI\u00d3N A LOS DETALLES<\/p>\n","protected":false},"excerpt":{"rendered":"<p>LA NAVEGANTE M\u00c1S ASTUTA DEL EAST BLUE LLEGA CON ESTILO. ESTA FIGURA DE NAMI DE LA COLECCI\u00d3N FIGUARTS ZERO PRESENTA SU APARIENCIA TRAS EL SALTO TEMPORAL EN ONE PIECE, LUCIENDO SU CARACTER\u00cdSTICO ATUENDO DEL NUEVO MUNDO Y UNA POSE ELEGANTE QUE DESTACA SU PERSONALIDAD SEGURA Y DECIDIDA.<\/p>\n","protected":false},"featured_media":2900,"comment_status":"open","ping_status":"closed","template":"","meta":[],"product_brand":[],"product_cat":[19,89],"product_tag":[35,83],"class_list":{"0":"post-2897","1":"product","2":"type-product","3":"status-publish","4":"has-post-thumbnail","6":"product_cat-one-piece","7":"product_cat-novedades","8":"product_tag-bandai","9":"product_tag-figuarts-zero","11":"first","12":"outofstock","13":"shipping-taxable","14":"purchasable","15":"product-type-simple"},"_links":{"self":[{"href":"https:\/\/juanchitoys.com\/index.php\/wp-json\/wp\/v2\/product\/2897","targetHints":{"allow":["GET"]}}],"collection":[{"href":"https:\/\/juanchitoys.com\/index.php\/wp-json\/wp\/v2\/product"}],"about":[{"href":"https:\/\/juanchitoys.com\/index.php\/wp-json\/wp\/v2\/types\/product"}],"replies":[{"embeddable":true,"href":"https:\/\/juanchitoys.com\/index.php\/wp-json\/wp\/v2\/comments?post=2897"}],"wp:featuredmedia":[{"embeddable":true,"href":"https:\/\/juanchitoys.com\/index.php\/wp-json\/wp\/v2\/media\/2900"}],"wp:attachment":[{"href":"https:\/\/juanchitoys.com\/index.php\/wp-json\/wp\/v2\/media?parent=2897"}],"wp:term":[{"taxonomy":"product_brand","embeddable":true,"href":"https:\/\/juanchitoys.com\/index.php\/wp-json\/wp\/v2\/product_brand?post=2897"},{"taxonomy":"product_cat","embeddable":true,"href":"https:\/\/juanchitoys.com\/index.php\/wp-json\/wp\/v2\/product_cat?post=2897"},{"taxonomy":"product_tag","embeddable":true,"href":"https:\/\/juanchitoys.com\/index.php\/wp-json\/wp\/v2\/product_tag?post=2897"}],"curies":[{"name":"wp","href":"https:\/\/api.w.org\/{rel}","templated":true}]}}