{"id":2882,"date":"2025-06-13T15:39:59","date_gmt":"2025-06-13T20:39:59","guid":{"rendered":"https:\/\/juanchitoys.com\/?post_type=product&#038;p=2882"},"modified":"2026-01-06T14:53:47","modified_gmt":"2026-01-06T19:53:47","slug":"denki-kaminari-the-amazing-heroes-plus","status":"publish","type":"product","link":"https:\/\/juanchitoys.com\/index.php\/producto\/denki-kaminari-the-amazing-heroes-plus\/","title":{"rendered":"DENKI KAMINARI THE AMAZING HEROES PLUS"},"content":{"rendered":"<p>A\u00d1ADE UN TOQUE ENERG\u00c9TICO A TU COLECCI\u00d3N CON ESTA FIGURA DE 15\u202fCM, FABRICADA EN PVC Y ABS DE ALTA CALIDAD. DENKI APARECE EN UNA POSE DIN\u00c1MICA, CANALIZANDO SU PODER EL\u00c9CTRICO CON DETALLES REALISTAS QUE CAPTURAN SU PERSONALIDAD CHISPEANTE Y CARISM\u00c1TICA.<\/p>\n<p>LA FIGURA INCLUYE UNA BASE PARA EXHIBICI\u00d3N ESTABLE, PERFECTA PARA REPISAS, VITRINAS O ESCRITORIOS. ENCAJA EN LA L\u00cdNEA\u202f\u201cTHE AMAZING HEROES PLUS\u201d, QUE DESTACA POR SU NIVEL DE DETALLE Y ATRACTIVO VISUAL A UN PRECIO ACCESIBLE.<\/p>\n<p>FICHA TECNICA:<br \/>\nALTURA: 15CM<br \/>\nMARCA: BANDAI<br \/>\nLINEA: THE AMAZING HEROES PLUS<br \/>\nFIGURA NO ARTICULABLE<br \/>\nDETALLES INCREIBLES<\/p>\n","protected":false},"excerpt":{"rendered":"<p>A\u00d1ADE UN TOQUE ENERG\u00c9TICO A TU COLECCI\u00d3N CON ESTA FIGURA DE 15\u202fCM, FABRICADA EN PVC Y ABS DE ALTA CALIDAD. DENKI APARECE EN UNA POSE DIN\u00c1MICA, CANALIZANDO SU PODER EL\u00c9CTRICO CON DETALLES REALISTAS QUE CAPTURAN SU PERSONALIDAD CHISPEANTE Y CARISM\u00c1TICA.<\/p>\n","protected":false},"featured_media":2886,"comment_status":"open","ping_status":"closed","template":"","meta":[],"product_brand":[],"product_cat":[21,89],"product_tag":[35],"class_list":{"0":"post-2882","1":"product","2":"type-product","3":"status-publish","4":"has-post-thumbnail","6":"product_cat-my-hero-academia","7":"product_cat-novedades","8":"product_tag-bandai","10":"first","11":"outofstock","12":"shipping-taxable","13":"purchasable","14":"product-type-simple"},"_links":{"self":[{"href":"https:\/\/juanchitoys.com\/index.php\/wp-json\/wp\/v2\/product\/2882","targetHints":{"allow":["GET"]}}],"collection":[{"href":"https:\/\/juanchitoys.com\/index.php\/wp-json\/wp\/v2\/product"}],"about":[{"href":"https:\/\/juanchitoys.com\/index.php\/wp-json\/wp\/v2\/types\/product"}],"replies":[{"embeddable":true,"href":"https:\/\/juanchitoys.com\/index.php\/wp-json\/wp\/v2\/comments?post=2882"}],"wp:featuredmedia":[{"embeddable":true,"href":"https:\/\/juanchitoys.com\/index.php\/wp-json\/wp\/v2\/media\/2886"}],"wp:attachment":[{"href":"https:\/\/juanchitoys.com\/index.php\/wp-json\/wp\/v2\/media?parent=2882"}],"wp:term":[{"taxonomy":"product_brand","embeddable":true,"href":"https:\/\/juanchitoys.com\/index.php\/wp-json\/wp\/v2\/product_brand?post=2882"},{"taxonomy":"product_cat","embeddable":true,"href":"https:\/\/juanchitoys.com\/index.php\/wp-json\/wp\/v2\/product_cat?post=2882"},{"taxonomy":"product_tag","embeddable":true,"href":"https:\/\/juanchitoys.com\/index.php\/wp-json\/wp\/v2\/product_tag?post=2882"}],"curies":[{"name":"wp","href":"https:\/\/api.w.org\/{rel}","templated":true}]}}