{"id":2876,"date":"2025-06-13T15:32:45","date_gmt":"2025-06-13T20:32:45","guid":{"rendered":"https:\/\/juanchitoys.com\/?post_type=product&#038;p=2876"},"modified":"2025-11-18T18:25:08","modified_gmt":"2025-11-18T23:25:08","slug":"tomura-shigaraki-pop-up-parade","status":"publish","type":"product","link":"https:\/\/juanchitoys.com\/index.php\/producto\/tomura-shigaraki-pop-up-parade\/","title":{"rendered":"TOMURA SHIGARAKI POP UP PARADE"},"content":{"rendered":"<p>\u00a1EL VILLANO DEFINITIVO HA LLEGADO!<br \/>\nDALE UN TOQUE OSCURO Y PODEROSO A TU COLECCI\u00d3N CON SHIGARAKI TOMURA \u2013 POP UP PARADE DE MY HERO ACADEMIA. ESTA FIGURA PRESENTA UN ACABADO DETALLADO, POSE DESAFIANTE Y UNA EXPRESI\u00d3N QUE REFLEJA TODA SU MALICIA. FABRICADA CON MATERIALES DE ALTA CALIDAD, ES PERFECTA PARA EXHIBIR EN REPISAS, ESCRITORIOS O VITRINAS.<\/p>\n<p>IDEAL PARA FANS DEL ANIME Y COLECCIONISTAS EXIGENTES, ESTA PIEZA COMBINA DISE\u00d1O FIEL AL PERSONAJE, TAMA\u00d1O PR\u00c1CTICO Y PRECIO ACCESIBLE. \u00a1NO DEJES PASAR LA OPORTUNIDAD DE TENER AL L\u00cdDER DE LA LIGA DE VILLANOS EN TU VITRINA!<\/p>\n<p>FICHA TECNICA:<br \/>\nALTURA: 17CM<br \/>\nMARCA: POPUP PARADE<br \/>\nFIGURA NO ARTICULABLE<br \/>\nDETALLES INCREIBLES<\/p>\n","protected":false},"excerpt":{"rendered":"<p>\u00a1EL VILLANO DEFINITIVO HA LLEGADO!<br \/>\nDALE UN TOQUE OSCURO Y PODEROSO A TU COLECCI\u00d3N CON SHIGARAKI TOMURA \u2013 POP UP PARADE DE MY HERO ACADEMIA. ESTA FIGURA PRESENTA UN ACABADO DETALLADO, POSE DESAFIANTE Y UNA EXPRESI\u00d3N QUE REFLEJA TODA SU MALICIA. FABRICADA CON MATERIALES DE ALTA CALIDAD, ES PERFECTA PARA EXHIBIR EN REPISAS, ESCRITORIOS O VITRINAS.<\/p>\n","protected":false},"featured_media":2879,"comment_status":"open","ping_status":"closed","template":"","meta":[],"product_brand":[],"product_cat":[21,89],"product_tag":[103],"class_list":{"0":"post-2876","1":"product","2":"type-product","3":"status-publish","4":"has-post-thumbnail","6":"product_cat-my-hero-academia","7":"product_cat-novedades","8":"product_tag-pop-up","10":"first","11":"outofstock","12":"shipping-taxable","13":"purchasable","14":"product-type-simple"},"_links":{"self":[{"href":"https:\/\/juanchitoys.com\/index.php\/wp-json\/wp\/v2\/product\/2876","targetHints":{"allow":["GET"]}}],"collection":[{"href":"https:\/\/juanchitoys.com\/index.php\/wp-json\/wp\/v2\/product"}],"about":[{"href":"https:\/\/juanchitoys.com\/index.php\/wp-json\/wp\/v2\/types\/product"}],"replies":[{"embeddable":true,"href":"https:\/\/juanchitoys.com\/index.php\/wp-json\/wp\/v2\/comments?post=2876"}],"wp:featuredmedia":[{"embeddable":true,"href":"https:\/\/juanchitoys.com\/index.php\/wp-json\/wp\/v2\/media\/2879"}],"wp:attachment":[{"href":"https:\/\/juanchitoys.com\/index.php\/wp-json\/wp\/v2\/media?parent=2876"}],"wp:term":[{"taxonomy":"product_brand","embeddable":true,"href":"https:\/\/juanchitoys.com\/index.php\/wp-json\/wp\/v2\/product_brand?post=2876"},{"taxonomy":"product_cat","embeddable":true,"href":"https:\/\/juanchitoys.com\/index.php\/wp-json\/wp\/v2\/product_cat?post=2876"},{"taxonomy":"product_tag","embeddable":true,"href":"https:\/\/juanchitoys.com\/index.php\/wp-json\/wp\/v2\/product_tag?post=2876"}],"curies":[{"name":"wp","href":"https:\/\/api.w.org\/{rel}","templated":true}]}}