{"id":2871,"date":"2025-06-13T11:44:26","date_gmt":"2025-06-13T16:44:26","guid":{"rendered":"https:\/\/juanchitoys.com\/?post_type=product&#038;p=2871"},"modified":"2026-01-06T14:53:54","modified_gmt":"2026-01-06T19:53:54","slug":"aqua-konosuba-gods-blessing-on-this-wonderful-world","status":"publish","type":"product","link":"https:\/\/juanchitoys.com\/index.php\/producto\/aqua-konosuba-gods-blessing-on-this-wonderful-world\/","title":{"rendered":"AQUA KONOSUBA GOD&#8217;S BLESSING ON THIS WONDERFUL WORLD"},"content":{"rendered":"<p>DESCUBRE ESTA ESPECTACULAR FIGURA QUE RE\u00daNE A DOS DE LAS HERO\u00cdNAS M\u00c1S IC\u00d3NICAS DE KONOSUBA: DARKNESS, LA VALIENTE CRUZADA CON UNA PERSONALIDAD \u00daNICA, Y AQUA, LA DIOSA ALEGRE Y DESPISTADA. ESTA PIEZA CAPTURA LA DIN\u00c1MICA DIVERTIDA Y ENTRA\u00d1ABLE QUE CARACTERIZA SU RELACI\u00d3N EN LA SERIE.<\/p>\n<p>CON DETALLES CUIDADOSAMENTE ESCULPIDOS Y ACABADOS DE ALTA CALIDAD, LA FIGURA MUESTRA A DARKNESS EN SU ARMADURA CARACTER\u00cdSTICA Y A AQUA CON SU VESTIMENTA CELESTE Y ALEGRE, AMBAS EN POSES QUE REFLEJAN SU CAR\u00c1CTER Y ESENCIA. ADEM\u00c1S, LOS COLORES VIVOS Y LA EXPRESI\u00d3N DETALLADA HACEN QUE ESTA FIGURA SEA UN MUST PARA LOS FANS Y COLECCIONISTAS.<\/p>\n<p>UNA ADICI\u00d3N IMPRESCINDIBLE PARA QUIENES AMAN LA MEZCLA DE ACCI\u00d3N Y COMEDIA QUE OFRECE KONOSUBA.<\/p>\n<p>FICHA TECNICA:<br \/>\nALTURA: 18 CM<br \/>\nHECHO DE PL\u00c1STICO<br \/>\nLINEA: LUMINASTA<br \/>\nMUY DETALLADO<br \/>\nNO ARTICULADO<\/p>\n","protected":false},"excerpt":{"rendered":"<p>DESCUBRE ESTA ESPECTACULAR FIGURA QUE RE\u00daNE A DOS DE LAS HERO\u00cdNAS M\u00c1S IC\u00d3NICAS DE KONOSUBA: DARKNESS, LA VALIENTE CRUZADA CON UNA PERSONALIDAD \u00daNICA, Y AQUA, LA DIOSA ALEGRE Y DESPISTADA. ESTA PIEZA CAPTURA LA DIN\u00c1MICA DIVERTIDA Y ENTRA\u00d1ABLE QUE CARACTERIZA SU RELACI\u00d3N EN LA SERIE.<\/p>\n","protected":false},"featured_media":2873,"comment_status":"open","ping_status":"closed","template":"","meta":[],"product_brand":[],"product_cat":[102,89],"product_tag":[82,45],"class_list":{"0":"post-2871","1":"product","2":"type-product","3":"status-publish","4":"has-post-thumbnail","6":"product_cat-konosuba","7":"product_cat-novedades","8":"product_tag-luminasta","9":"product_tag-sega","11":"first","12":"outofstock","13":"shipping-taxable","14":"purchasable","15":"product-type-simple"},"_links":{"self":[{"href":"https:\/\/juanchitoys.com\/index.php\/wp-json\/wp\/v2\/product\/2871","targetHints":{"allow":["GET"]}}],"collection":[{"href":"https:\/\/juanchitoys.com\/index.php\/wp-json\/wp\/v2\/product"}],"about":[{"href":"https:\/\/juanchitoys.com\/index.php\/wp-json\/wp\/v2\/types\/product"}],"replies":[{"embeddable":true,"href":"https:\/\/juanchitoys.com\/index.php\/wp-json\/wp\/v2\/comments?post=2871"}],"wp:featuredmedia":[{"embeddable":true,"href":"https:\/\/juanchitoys.com\/index.php\/wp-json\/wp\/v2\/media\/2873"}],"wp:attachment":[{"href":"https:\/\/juanchitoys.com\/index.php\/wp-json\/wp\/v2\/media?parent=2871"}],"wp:term":[{"taxonomy":"product_brand","embeddable":true,"href":"https:\/\/juanchitoys.com\/index.php\/wp-json\/wp\/v2\/product_brand?post=2871"},{"taxonomy":"product_cat","embeddable":true,"href":"https:\/\/juanchitoys.com\/index.php\/wp-json\/wp\/v2\/product_cat?post=2871"},{"taxonomy":"product_tag","embeddable":true,"href":"https:\/\/juanchitoys.com\/index.php\/wp-json\/wp\/v2\/product_tag?post=2871"}],"curies":[{"name":"wp","href":"https:\/\/api.w.org\/{rel}","templated":true}]}}