{"id":2859,"date":"2025-06-13T11:34:02","date_gmt":"2025-06-13T16:34:02","guid":{"rendered":"https:\/\/juanchitoys.com\/?post_type=product&#038;p=2859"},"modified":"2026-01-06T14:54:07","modified_gmt":"2026-01-06T19:54:07","slug":"megumin-konosuba-gods-blessing-on-this-wonderful-world","status":"publish","type":"product","link":"https:\/\/juanchitoys.com\/index.php\/producto\/megumin-konosuba-gods-blessing-on-this-wonderful-world\/","title":{"rendered":"MEGUMIN KONOSUBA GOD&#8217;S BLESSING ON THIS WONDERFUL WORLD"},"content":{"rendered":"<p>ESTA IMPRESIONANTE FIGURA DE MEGUMIN, VERSI\u00d3N TEMPORADA 3 DE LA L\u00cdNEA LUMINASTA, CAPTURA A LA MAGA EXPLOSIVA EN UNA POSE \u00daNICA Y CARGADA DE PERSONALIDAD. EN ESTA EDICI\u00d3N ESPECIAL, MEGUMIN SOSTIENE UN LIBRO M\u00c1GICO EN LA MANO, S\u00cdMBOLO DE SU PROFUNDO CONOCIMIENTO Y DEDICACI\u00d3N A LA MAGIA.<\/p>\n<p>PERFECTA PARA COLECCIONISTAS Y FANS DE KONOSUBA: GOD&#8217;S BLESSING ON THIS WONDERFUL WORLD!, ESTA FIGURA COMBINA CALIDAD, DETALLE Y EFECTOS LUMINOSOS PARA OFRECER UNA PIEZA DE COLECCI\u00d3N ESPECTACULAR Y LLENA DE VIDA.<\/p>\n<p>FICHA TECNICA:<br \/>\nALTURA: 18 CM<br \/>\nHECHO DE PL\u00c1STICO<br \/>\nLINEA: LUMINASTA<br \/>\nMUY DETALLADO<br \/>\nNO ARTICULADO<\/p>\n","protected":false},"excerpt":{"rendered":"<p>ESTA IMPRESIONANTE FIGURA DE MEGUMIN, VERSI\u00d3N TEMPORADA 3 DE LA L\u00cdNEA LUMINASTA, CAPTURA A LA MAGA EXPLOSIVA EN UNA POSE \u00daNICA Y CARGADA DE PERSONALIDAD. EN ESTA EDICI\u00d3N ESPECIAL, MEGUMIN SOSTIENE UN LIBRO M\u00c1GICO EN LA MANO, S\u00cdMBOLO DE SU PROFUNDO CONOCIMIENTO Y DEDICACI\u00d3N A LA MAGIA.<\/p>\n","protected":false},"featured_media":2860,"comment_status":"open","ping_status":"closed","template":"","meta":[],"product_brand":[],"product_cat":[102,89],"product_tag":[82,45],"class_list":{"0":"post-2859","1":"product","2":"type-product","3":"status-publish","4":"has-post-thumbnail","6":"product_cat-konosuba","7":"product_cat-novedades","8":"product_tag-luminasta","9":"product_tag-sega","11":"first","12":"outofstock","13":"shipping-taxable","14":"purchasable","15":"product-type-simple"},"_links":{"self":[{"href":"https:\/\/juanchitoys.com\/index.php\/wp-json\/wp\/v2\/product\/2859","targetHints":{"allow":["GET"]}}],"collection":[{"href":"https:\/\/juanchitoys.com\/index.php\/wp-json\/wp\/v2\/product"}],"about":[{"href":"https:\/\/juanchitoys.com\/index.php\/wp-json\/wp\/v2\/types\/product"}],"replies":[{"embeddable":true,"href":"https:\/\/juanchitoys.com\/index.php\/wp-json\/wp\/v2\/comments?post=2859"}],"wp:featuredmedia":[{"embeddable":true,"href":"https:\/\/juanchitoys.com\/index.php\/wp-json\/wp\/v2\/media\/2860"}],"wp:attachment":[{"href":"https:\/\/juanchitoys.com\/index.php\/wp-json\/wp\/v2\/media?parent=2859"}],"wp:term":[{"taxonomy":"product_brand","embeddable":true,"href":"https:\/\/juanchitoys.com\/index.php\/wp-json\/wp\/v2\/product_brand?post=2859"},{"taxonomy":"product_cat","embeddable":true,"href":"https:\/\/juanchitoys.com\/index.php\/wp-json\/wp\/v2\/product_cat?post=2859"},{"taxonomy":"product_tag","embeddable":true,"href":"https:\/\/juanchitoys.com\/index.php\/wp-json\/wp\/v2\/product_tag?post=2859"}],"curies":[{"name":"wp","href":"https:\/\/api.w.org\/{rel}","templated":true}]}}