{"id":2854,"date":"2025-06-13T11:24:01","date_gmt":"2025-06-13T16:24:01","guid":{"rendered":"https:\/\/juanchitoys.com\/?post_type=product&#038;p=2854"},"modified":"2026-01-06T14:54:13","modified_gmt":"2026-01-06T19:54:13","slug":"iris-konosuba-gods-blessing-on-this-wonderful-world","status":"publish","type":"product","link":"https:\/\/juanchitoys.com\/index.php\/producto\/iris-konosuba-gods-blessing-on-this-wonderful-world\/","title":{"rendered":"IRIS KONOSUBA GOD&#8217;S BLESSING ON THIS WONDERFUL WORLD"},"content":{"rendered":"<p>IRIS ES UN PERSONAJE DE LA FRANQUICIA KONOSUBA, QUE APARECE COMO UNA SACERDOTISA O UNA FIGURA RELACIONADA CON LA RELIGI\u00d3N DENTRO DEL MUNDO FANT\u00c1STICO DE LA SERIE. EN LA FIGURA, SUELE REPRESENTARSE CON SU VESTIMENTA CARACTER\u00cdSTICA, QUE COMBINA ELEMENTOS T\u00cdPICOS DE UNA SACERDOTISA, COMO T\u00daNICAS O ROPAJES CON DETALLES DORADOS O SAGRADOS, Y UN DISE\u00d1O QUE RESALTA SU PERSONALIDAD AMABLE Y SERVICIAL.<\/p>\n<p>LA FIGURA SUELE CAPTURAR LA ESENCIA DE SU CAR\u00c1CTER: UNA JOVEN DULCE, CON UNA EXPRESI\u00d3N SERENA O SONRIENTE, QUE TRANSMITE CALIDEZ Y BONDAD. LOS DETALLES EN LA FIGURA, COMO SUS ACCESORIOS, LA TEXTURA DE LA ROPA Y LA POSE, HACEN QUE SEA UN OBJETO MUY ATRACTIVO PARA LOS FANS DE LA SERIE.<\/p>\n<p>FICHA TECNICA:<br \/>\nALTURA: 17 CM<br \/>\nHECHO DE PL\u00c1STICO<br \/>\nLINEA: LUMINASTA<br \/>\nMUY DETALLADO<br \/>\nNO ARTICULADO<\/p>\n","protected":false},"excerpt":{"rendered":"<p>IRIS ES UN PERSONAJE DE LA FRANQUICIA KONOSUBA, QUE APARECE COMO UNA SACERDOTISA O UNA FIGURA RELACIONADA CON LA RELIGI\u00d3N DENTRO DEL MUNDO FANT\u00c1STICO DE LA SERIE. EN LA FIGURA, SUELE REPRESENTARSE CON SU VESTIMENTA CARACTER\u00cdSTICA, QUE COMBINA ELEMENTOS T\u00cdPICOS DE UNA SACERDOTISA, COMO T\u00daNICAS O ROPAJES CON DETALLES DORADOS O SAGRADOS, Y UN DISE\u00d1O QUE RESALTA SU PERSONALIDAD AMABLE Y SERVICIAL.<\/p>\n","protected":false},"featured_media":2857,"comment_status":"open","ping_status":"closed","template":"","meta":[],"product_brand":[],"product_cat":[102],"product_tag":[82,45],"class_list":{"0":"post-2854","1":"product","2":"type-product","3":"status-publish","4":"has-post-thumbnail","6":"product_cat-konosuba","7":"product_tag-luminasta","8":"product_tag-sega","10":"first","11":"outofstock","12":"shipping-taxable","13":"purchasable","14":"product-type-simple"},"_links":{"self":[{"href":"https:\/\/juanchitoys.com\/index.php\/wp-json\/wp\/v2\/product\/2854","targetHints":{"allow":["GET"]}}],"collection":[{"href":"https:\/\/juanchitoys.com\/index.php\/wp-json\/wp\/v2\/product"}],"about":[{"href":"https:\/\/juanchitoys.com\/index.php\/wp-json\/wp\/v2\/types\/product"}],"replies":[{"embeddable":true,"href":"https:\/\/juanchitoys.com\/index.php\/wp-json\/wp\/v2\/comments?post=2854"}],"wp:featuredmedia":[{"embeddable":true,"href":"https:\/\/juanchitoys.com\/index.php\/wp-json\/wp\/v2\/media\/2857"}],"wp:attachment":[{"href":"https:\/\/juanchitoys.com\/index.php\/wp-json\/wp\/v2\/media?parent=2854"}],"wp:term":[{"taxonomy":"product_brand","embeddable":true,"href":"https:\/\/juanchitoys.com\/index.php\/wp-json\/wp\/v2\/product_brand?post=2854"},{"taxonomy":"product_cat","embeddable":true,"href":"https:\/\/juanchitoys.com\/index.php\/wp-json\/wp\/v2\/product_cat?post=2854"},{"taxonomy":"product_tag","embeddable":true,"href":"https:\/\/juanchitoys.com\/index.php\/wp-json\/wp\/v2\/product_tag?post=2854"}],"curies":[{"name":"wp","href":"https:\/\/api.w.org\/{rel}","templated":true}]}}