{"id":2796,"date":"2024-11-07T08:47:59","date_gmt":"2024-11-07T13:47:59","guid":{"rendered":"https:\/\/juanchitoys.com\/?post_type=product&#038;p=2796"},"modified":"2025-11-18T18:25:45","modified_gmt":"2025-11-18T23:25:45","slug":"my-hero-academia-endeavor-the-amazing-heroes-plus-bandai","status":"publish","type":"product","link":"https:\/\/juanchitoys.com\/index.php\/producto\/my-hero-academia-endeavor-the-amazing-heroes-plus-bandai\/","title":{"rendered":"MY HERO ACADEMIA ENDEAVOR THE AMAZING HEROES PLUS BANDAI"},"content":{"rendered":"<p>LA FIGURA ENDEAVOR THE AMAZING HEROES PLUS DE MY HERO ACADEMIA DE BANDAI MUESTRA AL H\u00c9ROE N\u00daMERO UNO EN UNA POSE PODEROSA Y LLENA DE DETERMINACI\u00d3N. PARTE DE LA L\u00cdNEA THE AMAZING HEROES PLUS, ESTA FIGURA DESTACA LOS DETALLES PRECISOS EN SUS LLAMAS Y TRAJE DE H\u00c9ROE, CAPTURANDO SU INTENSIDAD Y FUERZA. ES UNA PIEZA IMPRESCINDIBLE PARA LOS FANS QUE BUSCAN UNA REPRESENTACI\u00d3N DE ALTA CALIDAD Y FIEL AL PERSONAJE DE LA SERIE.<\/p>\n<p>FICHA TECNICA:<br \/>\nALTURA 18CM<br \/>\nMARCA BANPRESTO<br \/>\nLINEA THE AMAZING HEROES<br \/>\nNO ARTICULABLE<\/p>\n","protected":false},"excerpt":{"rendered":"<p>LA FIGURA ENDEAVOR THE AMAZING HEROES PLUS DE MY HERO ACADEMIA DE BANDAI MUESTRA AL H\u00c9ROE N\u00daMERO UNO EN UNA POSE PODEROSA Y LLENA DE DETERMINACI\u00d3N.<\/p>\n","protected":false},"featured_media":2797,"comment_status":"open","ping_status":"closed","template":"","meta":[],"product_brand":[],"product_cat":[21,89],"product_tag":[52,55],"class_list":{"0":"post-2796","1":"product","2":"type-product","3":"status-publish","4":"has-post-thumbnail","6":"product_cat-my-hero-academia","7":"product_cat-novedades","8":"product_tag-banpresto","9":"product_tag-the-amazin-heroes","11":"first","12":"outofstock","13":"shipping-taxable","14":"purchasable","15":"product-type-simple"},"_links":{"self":[{"href":"https:\/\/juanchitoys.com\/index.php\/wp-json\/wp\/v2\/product\/2796","targetHints":{"allow":["GET"]}}],"collection":[{"href":"https:\/\/juanchitoys.com\/index.php\/wp-json\/wp\/v2\/product"}],"about":[{"href":"https:\/\/juanchitoys.com\/index.php\/wp-json\/wp\/v2\/types\/product"}],"replies":[{"embeddable":true,"href":"https:\/\/juanchitoys.com\/index.php\/wp-json\/wp\/v2\/comments?post=2796"}],"wp:featuredmedia":[{"embeddable":true,"href":"https:\/\/juanchitoys.com\/index.php\/wp-json\/wp\/v2\/media\/2797"}],"wp:attachment":[{"href":"https:\/\/juanchitoys.com\/index.php\/wp-json\/wp\/v2\/media?parent=2796"}],"wp:term":[{"taxonomy":"product_brand","embeddable":true,"href":"https:\/\/juanchitoys.com\/index.php\/wp-json\/wp\/v2\/product_brand?post=2796"},{"taxonomy":"product_cat","embeddable":true,"href":"https:\/\/juanchitoys.com\/index.php\/wp-json\/wp\/v2\/product_cat?post=2796"},{"taxonomy":"product_tag","embeddable":true,"href":"https:\/\/juanchitoys.com\/index.php\/wp-json\/wp\/v2\/product_tag?post=2796"}],"curies":[{"name":"wp","href":"https:\/\/api.w.org\/{rel}","templated":true}]}}