{"id":2786,"date":"2024-11-07T08:39:16","date_gmt":"2024-11-07T13:39:16","guid":{"rendered":"https:\/\/juanchitoys.com\/?post_type=product&#038;p=2786"},"modified":"2025-11-18T18:26:02","modified_gmt":"2025-11-18T23:26:02","slug":"one-piece-trafalgar-law-maximatic","status":"publish","type":"product","link":"https:\/\/juanchitoys.com\/index.php\/producto\/one-piece-trafalgar-law-maximatic\/","title":{"rendered":"ONE PIECE TRAFALGAR LAW MAXIMATIC"},"content":{"rendered":"<p>LA FIGURA TRAFALGAR LAW MAXIMATIC DE ONE PIECE ES UNA REPRESENTACI\u00d3N DIN\u00c1MICA Y DETALLADA DEL &#8220;CIRUJANO DE LA MUERTE&#8221;. FORMA PARTE DE LA SERIE MAXIMATIC, CONOCIDA POR SUS POSES EN\u00c9RGICAS Y GRAN ATENCI\u00d3N AL DETALLE, Y CAPTURA A LAW EN UNA POSTURA DE COMBATE IMPACTANTE CON SU KATANA KIKOKU. SUS TATUAJES, VESTIMENTA Y EXPRESI\u00d3N DESAFIANTE EST\u00c1N ESCULPIDOS CON PRECISI\u00d3N, SIENDO UNA PIEZA IDEAL PARA COLECCIONISTAS QUE BUSCAN FIGURAS DE ALTA CALIDAD.<\/p>\n<p>FICHA TECNICA:<br \/>\nALTURA 20CM<br \/>\nMARCA BANDAI<br \/>\nLINEA MAXIMATIC<br \/>\nNO ARTICULABLE<\/p>\n","protected":false},"excerpt":{"rendered":"<p>LA FIGURA TRAFALGAR LAW MAXIMATIC DE ONE PIECE ES UNA REPRESENTACI\u00d3N DIN\u00c1MICA Y DETALLADA DEL &#8220;CIRUJANO DE LA MUERTE&#8221;. FORMA PARTE DE LA SERIE MAXIMATIC, CONOCIDA POR SUS POSES EN\u00c9RGICAS Y GRAN ATENCI\u00d3N AL DETALLE, Y CAPTURA A LAW EN UNA POSTURA DE COMBATE IMPACTANTE CON SU KATANA KIKOKU.<\/p>\n","protected":false},"featured_media":2794,"comment_status":"open","ping_status":"closed","template":"","meta":[],"product_brand":[],"product_cat":[19,89],"product_tag":[35,44],"class_list":{"0":"post-2786","1":"product","2":"type-product","3":"status-publish","4":"has-post-thumbnail","6":"product_cat-one-piece","7":"product_cat-novedades","8":"product_tag-bandai","9":"product_tag-maximatic","11":"first","12":"outofstock","13":"shipping-taxable","14":"purchasable","15":"product-type-simple"},"_links":{"self":[{"href":"https:\/\/juanchitoys.com\/index.php\/wp-json\/wp\/v2\/product\/2786","targetHints":{"allow":["GET"]}}],"collection":[{"href":"https:\/\/juanchitoys.com\/index.php\/wp-json\/wp\/v2\/product"}],"about":[{"href":"https:\/\/juanchitoys.com\/index.php\/wp-json\/wp\/v2\/types\/product"}],"replies":[{"embeddable":true,"href":"https:\/\/juanchitoys.com\/index.php\/wp-json\/wp\/v2\/comments?post=2786"}],"wp:featuredmedia":[{"embeddable":true,"href":"https:\/\/juanchitoys.com\/index.php\/wp-json\/wp\/v2\/media\/2794"}],"wp:attachment":[{"href":"https:\/\/juanchitoys.com\/index.php\/wp-json\/wp\/v2\/media?parent=2786"}],"wp:term":[{"taxonomy":"product_brand","embeddable":true,"href":"https:\/\/juanchitoys.com\/index.php\/wp-json\/wp\/v2\/product_brand?post=2786"},{"taxonomy":"product_cat","embeddable":true,"href":"https:\/\/juanchitoys.com\/index.php\/wp-json\/wp\/v2\/product_cat?post=2786"},{"taxonomy":"product_tag","embeddable":true,"href":"https:\/\/juanchitoys.com\/index.php\/wp-json\/wp\/v2\/product_tag?post=2786"}],"curies":[{"name":"wp","href":"https:\/\/api.w.org\/{rel}","templated":true}]}}