{"id":2778,"date":"2024-11-07T08:16:49","date_gmt":"2024-11-07T13:16:49","guid":{"rendered":"https:\/\/juanchitoys.com\/?post_type=product&#038;p=2778"},"modified":"2025-06-12T18:31:13","modified_gmt":"2025-06-12T23:31:13","slug":"dragon-ball-super-gotenks-ichiban-kuji-d-masterlise","status":"publish","type":"product","link":"https:\/\/juanchitoys.com\/index.php\/producto\/dragon-ball-super-gotenks-ichiban-kuji-d-masterlise\/","title":{"rendered":"DRAGON BALL SUPER GOTENKS ICHIBAN KUJI D MASTERLISE"},"content":{"rendered":"<p>LA FIGURA GOTENKS D MASTERLISE DE LA SERIE DRAGON BALL SUPER DE ICHIBAN KUJI ES UNA PIEZA ESPECTACULAR QUE MUESTRA AL PERSONAJE FUSIONADO EN UNA POSE DIN\u00c1MICA Y DESAFIANTE, REFLEJANDO SU ENERG\u00cdA Y PERSONALIDAD \u00daNICA. PARTE DE LA L\u00cdNEA MASTERLISE, ESTA FIGURA DESTACA POR SU EXCELENTE ESCULPIDO, DETALLES REALISTAS EN EL CABELLO Y LA EXPRESI\u00d3N DE GOTENKS, AS\u00cd COMO POR LOS ACABADOS DE ALTA CALIDAD EN SU VESTIMENTA DE COMBATE. IDEAL PARA COLECCIONISTAS Y FANS DE DRAGON BALL QUE BUSCAN UNA PIEZA LLENA DE CAR\u00c1CTER Y CALIDAD.<\/p>\n<p>&nbsp;<\/p>\n<p>FICHA TECNICA:<br \/>\nALTURA 17CM<br \/>\nMARCA BANDAI<br \/>\nLINEA ICHIBAN KUJI D<br \/>\nNO ARTICULABLE<\/p>\n","protected":false},"excerpt":{"rendered":"<p>LA FIGURA GOTENKS D MASTERLISE DE LA SERIE DRAGON BALL SUPER DE ICHIBAN KUJI ES UNA PIEZA ESPECTACULAR QUE MUESTRA AL PERSONAJE FUSIONADO EN UNA POSE DIN\u00c1MICA Y DESAFIANTE, REFLEJANDO SU ENERG\u00cdA Y PERSONALIDAD \u00daNICA<\/p>\n","protected":false},"featured_media":2779,"comment_status":"open","ping_status":"closed","template":"","meta":[],"product_brand":[],"product_cat":[18,89],"product_tag":[35,39],"class_list":{"0":"post-2778","1":"product","2":"type-product","3":"status-publish","4":"has-post-thumbnail","6":"product_cat-dragon-ball","7":"product_cat-novedades","8":"product_tag-bandai","9":"product_tag-ichiban-kuji","11":"first","12":"outofstock","13":"shipping-taxable","14":"purchasable","15":"product-type-simple"},"_links":{"self":[{"href":"https:\/\/juanchitoys.com\/index.php\/wp-json\/wp\/v2\/product\/2778","targetHints":{"allow":["GET"]}}],"collection":[{"href":"https:\/\/juanchitoys.com\/index.php\/wp-json\/wp\/v2\/product"}],"about":[{"href":"https:\/\/juanchitoys.com\/index.php\/wp-json\/wp\/v2\/types\/product"}],"replies":[{"embeddable":true,"href":"https:\/\/juanchitoys.com\/index.php\/wp-json\/wp\/v2\/comments?post=2778"}],"wp:featuredmedia":[{"embeddable":true,"href":"https:\/\/juanchitoys.com\/index.php\/wp-json\/wp\/v2\/media\/2779"}],"wp:attachment":[{"href":"https:\/\/juanchitoys.com\/index.php\/wp-json\/wp\/v2\/media?parent=2778"}],"wp:term":[{"taxonomy":"product_brand","embeddable":true,"href":"https:\/\/juanchitoys.com\/index.php\/wp-json\/wp\/v2\/product_brand?post=2778"},{"taxonomy":"product_cat","embeddable":true,"href":"https:\/\/juanchitoys.com\/index.php\/wp-json\/wp\/v2\/product_cat?post=2778"},{"taxonomy":"product_tag","embeddable":true,"href":"https:\/\/juanchitoys.com\/index.php\/wp-json\/wp\/v2\/product_tag?post=2778"}],"curies":[{"name":"wp","href":"https:\/\/api.w.org\/{rel}","templated":true}]}}