{"id":2777,"date":"2024-11-07T08:04:47","date_gmt":"2024-11-07T13:04:47","guid":{"rendered":"https:\/\/juanchitoys.com\/?post_type=product&#038;p=2777"},"modified":"2026-01-06T14:54:39","modified_gmt":"2026-01-06T19:54:39","slug":"one-piece-marshall-law-senkozekkei-banpresto","status":"publish","type":"product","link":"https:\/\/juanchitoys.com\/index.php\/producto\/one-piece-marshall-law-senkozekkei-banpresto\/","title":{"rendered":"ONE PIECE MARSHALL LAW SENKOZEKKEI BANPRESTO"},"content":{"rendered":"<p>LA FIGURA MARSHALL D. TEACH SENKOZEKKEI DE BANPRESTO REPRESENTA AL INFAME PIRATA CONOCIDO COMO BARBANEGRA EN ONE PIECE, CAPTURANDO SU PODEROSA Y TEMIBLE PRESENCIA. ESTA FIGURA DE LA L\u00cdNEA SENKOZEKKEI MUESTRA A TEACH CON UNA EXPRESI\u00d3N DESAFIANTE Y DETALLADOS ACABADOS EN SU VESTIMENTA Y EXPRESI\u00d3N ESCENA MUY RECORDADA CONTRA TRAFALGAR LAW . LOS DETALLES DE ESTA FIGURA REFLEJAN SU CARACTER\u00cdSTICO ESTILO RUDO, IDEAL PARA COLECCIONISTAS Y FANS DE LOS PERSONAJES M\u00c1S IC\u00d3NICOS DE LA SERIE.<\/p>\n<p>FICHA TECNICA:<br \/>\nALTURA 8CM<br \/>\nMARCA BANPRESTO<br \/>\nLINEA SENKOZEKKEI<br \/>\nNO ARTICULABLE<\/p>\n","protected":false},"excerpt":{"rendered":"<p>LA FIGURA MARSHALL D. TEACH SENKOZEKKEI DE BANPRESTO REPRESENTA AL INFAME PIRATA CONOCIDO COMO BARBANEGRA EN ONE PIECE, CAPTURANDO SU PODEROSA Y TEMIBLE PRESENCIA. ESTA FIGURA DE LA L\u00cdNEA SENKOZEKKEI MUESTRA A TEACH CON UNA EXPRESI\u00d3N DESAFIANTE Y DETALLADOS ACABADOS EN SU VESTIMENTA Y EXPRESI\u00d3N ESCENA MUY RECORDADA CONTRA TRAFALGAR LAW<\/p>\n","protected":false},"featured_media":2775,"comment_status":"open","ping_status":"closed","template":"","meta":[],"product_brand":[],"product_cat":[19,89],"product_tag":[35,52],"class_list":{"0":"post-2777","1":"product","2":"type-product","3":"status-publish","4":"has-post-thumbnail","6":"product_cat-one-piece","7":"product_cat-novedades","8":"product_tag-bandai","9":"product_tag-banpresto","11":"first","12":"outofstock","13":"shipping-taxable","14":"purchasable","15":"product-type-simple"},"_links":{"self":[{"href":"https:\/\/juanchitoys.com\/index.php\/wp-json\/wp\/v2\/product\/2777","targetHints":{"allow":["GET"]}}],"collection":[{"href":"https:\/\/juanchitoys.com\/index.php\/wp-json\/wp\/v2\/product"}],"about":[{"href":"https:\/\/juanchitoys.com\/index.php\/wp-json\/wp\/v2\/types\/product"}],"replies":[{"embeddable":true,"href":"https:\/\/juanchitoys.com\/index.php\/wp-json\/wp\/v2\/comments?post=2777"}],"wp:featuredmedia":[{"embeddable":true,"href":"https:\/\/juanchitoys.com\/index.php\/wp-json\/wp\/v2\/media\/2775"}],"wp:attachment":[{"href":"https:\/\/juanchitoys.com\/index.php\/wp-json\/wp\/v2\/media?parent=2777"}],"wp:term":[{"taxonomy":"product_brand","embeddable":true,"href":"https:\/\/juanchitoys.com\/index.php\/wp-json\/wp\/v2\/product_brand?post=2777"},{"taxonomy":"product_cat","embeddable":true,"href":"https:\/\/juanchitoys.com\/index.php\/wp-json\/wp\/v2\/product_cat?post=2777"},{"taxonomy":"product_tag","embeddable":true,"href":"https:\/\/juanchitoys.com\/index.php\/wp-json\/wp\/v2\/product_tag?post=2777"}],"curies":[{"name":"wp","href":"https:\/\/api.w.org\/{rel}","templated":true}]}}