{"id":2765,"date":"2024-11-07T07:48:44","date_gmt":"2024-11-07T12:48:44","guid":{"rendered":"https:\/\/juanchitoys.com\/?post_type=product&#038;p=2765"},"modified":"2025-11-18T18:26:13","modified_gmt":"2025-11-18T23:26:13","slug":"nezuko-kamado-spm-sega","status":"publish","type":"product","link":"https:\/\/juanchitoys.com\/index.php\/producto\/nezuko-kamado-spm-sega\/","title":{"rendered":"NEZUKO KAMADO SPM SEGA"},"content":{"rendered":"<p>LA FIGURA NEZUKO KAMADO SPM DE SEGA ES UNA DETALLADA REPRESENTACI\u00d3N DE LA POPULAR PROTAGONISTA DE KIMETSU NO YAIBA (DEMON SLAYER) PARTE DE LA L\u00cdNEA SEGA SPM (SUPER PREMIUM), ESTA FIGURA CAPTA A NEZUKO EN UNA POSTURA DIN\u00c1MICA, CON UN ACABADO DE ALTA CALIDAD EN SU KIMONO ROSADO Y DETALLES MINUCIOSOS EN SU EXPRESI\u00d3N Y CABELLO. ES IDEAL PARA LOS FAN\u00c1TICOS QUE BUSCAN UNA PIEZA ATRACTIVA Y FIEL A LA SERIE.<\/p>\n<p>FICHA TECNICA:<br \/>\nALTURA 20CM<br \/>\nMARCA SEGA<br \/>\nLINEA SUPER PREMIUM FIGURE<br \/>\nNO ARTICULABLE<\/p>\n","protected":false},"excerpt":{"rendered":"<p>LA FIGURA NEZUKO KAMADO SPM DE SEGA ES UNA DETALLADA REPRESENTACI\u00d3N DE LA POPULAR PROTAGONISTA DE KIMETSU NO YAIBA (DEMON SLAYER) PARTE DE LA L\u00cdNEA SEGA SPM (SUPER PREMIUM), ESTA FIGURA CAPTA A NEZUKO EN UNA POSTURA DIN\u00c1MICA, CON UN ACABADO DE ALTA CALIDAD EN SU KIMONO ROSADO Y DETALLES MINUCIOSOS EN SU EXPRESI\u00d3N Y CABELLO. ES IDEAL PARA LOS FAN\u00c1TICOS QUE BUSCAN UNA PIEZA ATRACTIVA Y FIEL A LA SERIE.<\/p>\n","protected":false},"featured_media":2766,"comment_status":"open","ping_status":"closed","template":"","meta":[],"product_brand":[],"product_cat":[20,89],"product_tag":[45,46],"class_list":{"0":"post-2765","1":"product","2":"type-product","3":"status-publish","4":"has-post-thumbnail","6":"product_cat-kimetsu-no-yaiba","7":"product_cat-novedades","8":"product_tag-sega","9":"product_tag-spm","11":"first","12":"outofstock","13":"shipping-taxable","14":"purchasable","15":"product-type-simple"},"_links":{"self":[{"href":"https:\/\/juanchitoys.com\/index.php\/wp-json\/wp\/v2\/product\/2765","targetHints":{"allow":["GET"]}}],"collection":[{"href":"https:\/\/juanchitoys.com\/index.php\/wp-json\/wp\/v2\/product"}],"about":[{"href":"https:\/\/juanchitoys.com\/index.php\/wp-json\/wp\/v2\/types\/product"}],"replies":[{"embeddable":true,"href":"https:\/\/juanchitoys.com\/index.php\/wp-json\/wp\/v2\/comments?post=2765"}],"wp:featuredmedia":[{"embeddable":true,"href":"https:\/\/juanchitoys.com\/index.php\/wp-json\/wp\/v2\/media\/2766"}],"wp:attachment":[{"href":"https:\/\/juanchitoys.com\/index.php\/wp-json\/wp\/v2\/media?parent=2765"}],"wp:term":[{"taxonomy":"product_brand","embeddable":true,"href":"https:\/\/juanchitoys.com\/index.php\/wp-json\/wp\/v2\/product_brand?post=2765"},{"taxonomy":"product_cat","embeddable":true,"href":"https:\/\/juanchitoys.com\/index.php\/wp-json\/wp\/v2\/product_cat?post=2765"},{"taxonomy":"product_tag","embeddable":true,"href":"https:\/\/juanchitoys.com\/index.php\/wp-json\/wp\/v2\/product_tag?post=2765"}],"curies":[{"name":"wp","href":"https:\/\/api.w.org\/{rel}","templated":true}]}}