{"id":2758,"date":"2024-11-06T16:48:46","date_gmt":"2024-11-06T21:48:46","guid":{"rendered":"https:\/\/juanchitoys.com\/?post_type=product&#038;p=2758"},"modified":"2025-06-12T18:31:33","modified_gmt":"2025-06-12T23:31:33","slug":"nezuko-demonio-vibration-stars-plus-bandai","status":"publish","type":"product","link":"https:\/\/juanchitoys.com\/index.php\/producto\/nezuko-demonio-vibration-stars-plus-bandai\/","title":{"rendered":"NEZUKO DEMONIO VIBRATION STARS PLUS BANDAI"},"content":{"rendered":"<p>LA FIGURA NEZUKO DEMONIO VIBRATION STARS PLUS DE BANDAI PRESENTA A NEZUKO KAMADO EN SU FORMA DEMON\u00cdACA, CON DETALLES IMPRESIONANTES QUE CAPTURAN SU FUERZA Y ELEGANCIA. CON UNA EXPRESI\u00d3N FEROZ Y SU CARACTER\u00cdSTICO ATUENDO, LA FIGURA RESALTA SU PRESENCIA COMO UNO DE LOS PERSONAJES M\u00c1S EMBLEM\u00c1TICOS DE DEMON SLAYER. LA BASE VIBRANTE DE LA L\u00cdNEA VIBRATION STARS APORTA DINAMISMO A LA PIEZA, MIENTRAS QUE LOS DETALLES EN SU CABELLO Y LA POSTURA AGRESIVA HACEN DE ESTA FIGURA UNA ADICI\u00d3N DESTACADA PARA LOS COLECCIONISTAS.<\/p>\n<p>FICHA TECNICA:<\/p>\n<p>ALTURA 14CM<br \/>\nMARCA BANDAI<br \/>\nLINEA VIBRATION STARS PLUS<br \/>\nNO ARTICULABLE<\/p>\n","protected":false},"excerpt":{"rendered":"<p>LA FIGURA NEZUKO DEMONIO VIBRATION STARS PLUS DE BANDAI PRESENTA A NEZUKO KAMADO EN SU FORMA DEMON\u00cdACA, CON DETALLES IMPRESIONANTES QUE CAPTURAN SU FUERZA Y ELEGANCIA<\/p>\n","protected":false},"featured_media":2760,"comment_status":"open","ping_status":"closed","template":"","meta":[],"product_brand":[],"product_cat":[20,89],"product_tag":[35,48],"class_list":{"0":"post-2758","1":"product","2":"type-product","3":"status-publish","4":"has-post-thumbnail","6":"product_cat-kimetsu-no-yaiba","7":"product_cat-novedades","8":"product_tag-bandai","9":"product_tag-vibration-stars","11":"first","12":"outofstock","13":"shipping-taxable","14":"purchasable","15":"product-type-simple"},"_links":{"self":[{"href":"https:\/\/juanchitoys.com\/index.php\/wp-json\/wp\/v2\/product\/2758","targetHints":{"allow":["GET"]}}],"collection":[{"href":"https:\/\/juanchitoys.com\/index.php\/wp-json\/wp\/v2\/product"}],"about":[{"href":"https:\/\/juanchitoys.com\/index.php\/wp-json\/wp\/v2\/types\/product"}],"replies":[{"embeddable":true,"href":"https:\/\/juanchitoys.com\/index.php\/wp-json\/wp\/v2\/comments?post=2758"}],"wp:featuredmedia":[{"embeddable":true,"href":"https:\/\/juanchitoys.com\/index.php\/wp-json\/wp\/v2\/media\/2760"}],"wp:attachment":[{"href":"https:\/\/juanchitoys.com\/index.php\/wp-json\/wp\/v2\/media?parent=2758"}],"wp:term":[{"taxonomy":"product_brand","embeddable":true,"href":"https:\/\/juanchitoys.com\/index.php\/wp-json\/wp\/v2\/product_brand?post=2758"},{"taxonomy":"product_cat","embeddable":true,"href":"https:\/\/juanchitoys.com\/index.php\/wp-json\/wp\/v2\/product_cat?post=2758"},{"taxonomy":"product_tag","embeddable":true,"href":"https:\/\/juanchitoys.com\/index.php\/wp-json\/wp\/v2\/product_tag?post=2758"}],"curies":[{"name":"wp","href":"https:\/\/api.w.org\/{rel}","templated":true}]}}