{"id":275,"date":"2024-06-06T12:26:01","date_gmt":"2024-06-06T17:26:01","guid":{"rendered":"https:\/\/juanchitoys.com\/?post_type=product&#038;p=275"},"modified":"2026-01-08T15:30:05","modified_gmt":"2026-01-08T20:30:05","slug":"enmu-ichiban-kuji-b","status":"publish","type":"product","link":"https:\/\/juanchitoys.com\/index.php\/producto\/enmu-ichiban-kuji-b\/","title":{"rendered":"ENMU ICHIBAN KUJI B"},"content":{"rendered":"<p>BANPRESTO PRESENTA A LA INCREIBLE ENMU EN SU LINEA ICHIBAN KUJI B, VIENE ALTAMENTE DETALLADA DESDE SUS POSE EN\u00c9RGICA DEL MIEMBRO DE LAS DOCE LUNAS DEMON\u00cdACAS Y CADA ASPECTO DE ESTA ESCULTURA LOGRA RECREAR LOS DETALLES IMPRESIONANTES DEL ANIME. LA ESTATUA DE ENMU SHAKE EST\u00c1 DISE\u00d1ADA POR EXPERTOS Y ESCULPIDA METICULOSAMENTE PARA PARECERSE AL PERSONAJE TAL Y COMO SE VEN EN EL ANIME DE DEMON SLAYE<\/p>\n<p>FICHA TECNICA:<br \/>\n* KIMETSU NO YAIBA: BANDAI ICHIBAN KUJI<br \/>\n* MATERIAL: PVC<br \/>\n* TAMA\u00d1O 12 CM DE ALTO<br \/>\n* ORIGEN JAPON<\/p>\n","protected":false},"excerpt":{"rendered":"<p>BANPRESTO PRESENTA A LA INCREIBLE ENMU EN SU LINEA ICHIBAN KUJI B, VIENE ALTAMENTE DETALLADA DESDE SUS POSE EN\u00c9RGICA DEL MIEMBRO DE LAS DOCE LUNAS DEMON\u00cdACAS Y CADA ASPECTO DE ESTA ESCULTURA LOGRA RECREAR LOS DETALLES IMPRESIONANTES DEL ANIME<\/p>\n","protected":false},"featured_media":279,"comment_status":"open","ping_status":"closed","template":"","meta":[],"product_brand":[],"product_cat":[20],"product_tag":[35],"class_list":{"0":"post-275","1":"product","2":"type-product","3":"status-publish","4":"has-post-thumbnail","6":"product_cat-kimetsu-no-yaiba","7":"product_tag-bandai","9":"first","10":"outofstock","11":"shipping-taxable","12":"purchasable","13":"product-type-simple"},"_links":{"self":[{"href":"https:\/\/juanchitoys.com\/index.php\/wp-json\/wp\/v2\/product\/275","targetHints":{"allow":["GET"]}}],"collection":[{"href":"https:\/\/juanchitoys.com\/index.php\/wp-json\/wp\/v2\/product"}],"about":[{"href":"https:\/\/juanchitoys.com\/index.php\/wp-json\/wp\/v2\/types\/product"}],"replies":[{"embeddable":true,"href":"https:\/\/juanchitoys.com\/index.php\/wp-json\/wp\/v2\/comments?post=275"}],"wp:featuredmedia":[{"embeddable":true,"href":"https:\/\/juanchitoys.com\/index.php\/wp-json\/wp\/v2\/media\/279"}],"wp:attachment":[{"href":"https:\/\/juanchitoys.com\/index.php\/wp-json\/wp\/v2\/media?parent=275"}],"wp:term":[{"taxonomy":"product_brand","embeddable":true,"href":"https:\/\/juanchitoys.com\/index.php\/wp-json\/wp\/v2\/product_brand?post=275"},{"taxonomy":"product_cat","embeddable":true,"href":"https:\/\/juanchitoys.com\/index.php\/wp-json\/wp\/v2\/product_cat?post=275"},{"taxonomy":"product_tag","embeddable":true,"href":"https:\/\/juanchitoys.com\/index.php\/wp-json\/wp\/v2\/product_tag?post=275"}],"curies":[{"name":"wp","href":"https:\/\/api.w.org\/{rel}","templated":true}]}}