{"id":2749,"date":"2024-11-06T16:12:47","date_gmt":"2024-11-06T21:12:47","guid":{"rendered":"https:\/\/juanchitoys.com\/?post_type=product&#038;p=2749"},"modified":"2025-11-18T18:26:21","modified_gmt":"2025-11-18T23:26:21","slug":"muzan-kibutsuji-vibration-stars-bandai","status":"publish","type":"product","link":"https:\/\/juanchitoys.com\/index.php\/producto\/muzan-kibutsuji-vibration-stars-bandai\/","title":{"rendered":"MUZAN KIBUTSUJI VIBRATION STARS BANDAI"},"content":{"rendered":"<p>LA FIGURA MUZAN KIBUTSUJI VIBRATION STARS DE BANDAI PRESENTA AL TEMIBLE L\u00cdDER DE LOS DEMONIOS EN DEMON SLAYER CON UNA INCRE\u00cdBLE ATENCI\u00d3N AL DETALLE. CON SU EXPRESI\u00d3N FR\u00cdA Y SU POSTURA IMPONENTE, ESTA FIGURA CAPTURA LA ESENCIA DEL VILLANO PRINCIPAL DE LA SERIE. SU ELEGANTE TRAJE Y LA PRECISA ESCULTURA DEL ROSTRO REFLEJAN SU PELIGROSA PRESENCIA, MIENTRAS QUE LA BASE VIBRANTE DE LA L\u00cdNEA VIBRATION STARS A\u00d1ADE UN TOQUE DIN\u00c1MICO A LA PIEZA. ES UNA FIGURA IDEAL PARA LOS COLECCIONISTAS QUE BUSCAN REPRESENTAR A UNO DE LOS ANTAGONISTAS M\u00c1S TEMIBLES DEL ANIME.<\/p>\n<p>FICHA TECNICA:<\/p>\n<p>ALTURA 17CM<br \/>\nMARCA BANDAI<br \/>\nLINEA VIBRATION STARS<br \/>\nNO ARTICULABLE<\/p>\n","protected":false},"excerpt":{"rendered":"<p>LA FIGURA MUZAN KIBUTSUJI VIBRATION STARS DE BANDAI PRESENTA AL TEMIBLE L\u00cdDER DE LOS DEMONIOS EN DEMON SLAYER CON UNA INCRE\u00cdBLE ATENCI\u00d3N AL DETALLE. CON SU EXPRESI\u00d3N FR\u00cdA Y SU POSTURA IMPONENTE, ESTA FIGURA CAPTURA LA ESENCIA DEL VILLANO PRINCIPAL DE LA SERIE<\/p>\n","protected":false},"featured_media":2750,"comment_status":"open","ping_status":"closed","template":"","meta":[],"product_brand":[],"product_cat":[20,89],"product_tag":[35,48],"class_list":{"0":"post-2749","1":"product","2":"type-product","3":"status-publish","4":"has-post-thumbnail","6":"product_cat-kimetsu-no-yaiba","7":"product_cat-novedades","8":"product_tag-bandai","9":"product_tag-vibration-stars","11":"first","12":"outofstock","13":"shipping-taxable","14":"purchasable","15":"product-type-simple"},"_links":{"self":[{"href":"https:\/\/juanchitoys.com\/index.php\/wp-json\/wp\/v2\/product\/2749","targetHints":{"allow":["GET"]}}],"collection":[{"href":"https:\/\/juanchitoys.com\/index.php\/wp-json\/wp\/v2\/product"}],"about":[{"href":"https:\/\/juanchitoys.com\/index.php\/wp-json\/wp\/v2\/types\/product"}],"replies":[{"embeddable":true,"href":"https:\/\/juanchitoys.com\/index.php\/wp-json\/wp\/v2\/comments?post=2749"}],"wp:featuredmedia":[{"embeddable":true,"href":"https:\/\/juanchitoys.com\/index.php\/wp-json\/wp\/v2\/media\/2750"}],"wp:attachment":[{"href":"https:\/\/juanchitoys.com\/index.php\/wp-json\/wp\/v2\/media?parent=2749"}],"wp:term":[{"taxonomy":"product_brand","embeddable":true,"href":"https:\/\/juanchitoys.com\/index.php\/wp-json\/wp\/v2\/product_brand?post=2749"},{"taxonomy":"product_cat","embeddable":true,"href":"https:\/\/juanchitoys.com\/index.php\/wp-json\/wp\/v2\/product_cat?post=2749"},{"taxonomy":"product_tag","embeddable":true,"href":"https:\/\/juanchitoys.com\/index.php\/wp-json\/wp\/v2\/product_tag?post=2749"}],"curies":[{"name":"wp","href":"https:\/\/api.w.org\/{rel}","templated":true}]}}