{"id":2742,"date":"2024-11-06T16:04:20","date_gmt":"2024-11-06T21:04:20","guid":{"rendered":"https:\/\/juanchitoys.com\/?post_type=product&#038;p=2742"},"modified":"2026-01-06T14:55:01","modified_gmt":"2026-01-06T19:55:01","slug":"nico-robin-the-shukko-bandai","status":"publish","type":"product","link":"https:\/\/juanchitoys.com\/index.php\/producto\/nico-robin-the-shukko-bandai\/","title":{"rendered":"NICO ROBIN THE SHUKKO BANDAI"},"content":{"rendered":"<p>LA FIGURA NICO ROBIN THE SHUKKO DE BANDAI CAPTURA A LA ARQUE\u00d3LOGA DE ONE PIECE EN UNA POSE ELEGANTE Y DETALLADA. CON UNA ESCULTURA METICULOSA QUE RESALTA SUS CARACTER\u00cdSTICAS DISTINTIVAS, COMO SU CABELLO LARGO Y SU EXPRESI\u00d3N SERENA, ESTA FIGURA REFLEJA LA GRACIA Y FORTALEZA DEL PERSONAJE. SU ATUENDO, FIEL AL DISE\u00d1O DEL ANIME, Y LOS DETALLES EN SUS MANOS, QUE EVOCAN SU HABILIDAD \u00daNICA, HACEN DE ESTA PIEZA UNA ADICI\u00d3N IMPRESCINDIBLE PARA LOS FAN\u00c1TICOS Y COLECCIONISTAS DE LA SERIE.<\/p>\n<p>FICHA TECNICA:<\/p>\n<p>ALTURA 16CM<br \/>\nMARCA BANDAI<br \/>\nLINEA THE SHUKKO<br \/>\nNO ARTICULABLE<\/p>\n","protected":false},"excerpt":{"rendered":"<p>LA FIGURA NICO ROBIN THE SHUKKO DE BANDAI CAPTURA A LA ARQUE\u00d3LOGA DE ONE PIECE EN UNA POSE ELEGANTE Y DETALLADA. CON UNA ESCULTURA METICULOSA QUE RESALTA SUS CARACTER\u00cdSTICAS DISTINTIVAS, COMO SU CABELLO LARGO Y SU EXPRESI\u00d3N SERENA, ESTA FIGURA REFLEJA LA GRACIA Y FORTALEZA DEL PERSONAJE<\/p>\n","protected":false},"featured_media":2748,"comment_status":"open","ping_status":"closed","template":"","meta":[],"product_brand":[],"product_cat":[19,89],"product_tag":[35],"class_list":{"0":"post-2742","1":"product","2":"type-product","3":"status-publish","4":"has-post-thumbnail","6":"product_cat-one-piece","7":"product_cat-novedades","8":"product_tag-bandai","10":"first","11":"outofstock","12":"shipping-taxable","13":"purchasable","14":"product-type-simple"},"_links":{"self":[{"href":"https:\/\/juanchitoys.com\/index.php\/wp-json\/wp\/v2\/product\/2742","targetHints":{"allow":["GET"]}}],"collection":[{"href":"https:\/\/juanchitoys.com\/index.php\/wp-json\/wp\/v2\/product"}],"about":[{"href":"https:\/\/juanchitoys.com\/index.php\/wp-json\/wp\/v2\/types\/product"}],"replies":[{"embeddable":true,"href":"https:\/\/juanchitoys.com\/index.php\/wp-json\/wp\/v2\/comments?post=2742"}],"wp:featuredmedia":[{"embeddable":true,"href":"https:\/\/juanchitoys.com\/index.php\/wp-json\/wp\/v2\/media\/2748"}],"wp:attachment":[{"href":"https:\/\/juanchitoys.com\/index.php\/wp-json\/wp\/v2\/media?parent=2742"}],"wp:term":[{"taxonomy":"product_brand","embeddable":true,"href":"https:\/\/juanchitoys.com\/index.php\/wp-json\/wp\/v2\/product_brand?post=2742"},{"taxonomy":"product_cat","embeddable":true,"href":"https:\/\/juanchitoys.com\/index.php\/wp-json\/wp\/v2\/product_cat?post=2742"},{"taxonomy":"product_tag","embeddable":true,"href":"https:\/\/juanchitoys.com\/index.php\/wp-json\/wp\/v2\/product_tag?post=2742"}],"curies":[{"name":"wp","href":"https:\/\/api.w.org\/{rel}","templated":true}]}}