{"id":2731,"date":"2024-11-06T15:54:01","date_gmt":"2024-11-06T20:54:01","guid":{"rendered":"https:\/\/juanchitoys.com\/?post_type=product&#038;p=2731"},"modified":"2025-06-12T18:31:48","modified_gmt":"2025-06-12T23:31:48","slug":"himiko-toga-the-evil-villains-dx-bandai","status":"publish","type":"product","link":"https:\/\/juanchitoys.com\/index.php\/producto\/himiko-toga-the-evil-villains-dx-bandai\/","title":{"rendered":"HIMIKO TOGA THE EVIL VILLAINS DX BANDAI"},"content":{"rendered":"<p>LA FIGURA HIMIKO TOGA DE LA L\u00cdNEA THE EVIL VILLAINS DX DE BANDAI PRESENTA A LA VILLANA DE MY HERO ACADEMIA EN UNA POSTURA DIN\u00c1MICA Y DESAFIANTE. CON DETALLES EXCEPCIONALES EN SU VESTIMENTA, EXPRESI\u00d3N Y CABELLO, CAPTURA PERFECTAMENTE LA PERSONALIDAD IMPREDECIBLE Y PELIGROSA DE TOGA. LA FIGURA MUESTRA SU ESTILO CARACTER\u00cdSTICO, CON SU TRAJE DE COMBATE Y EL CUCHILLO EN MANO, REFLEJANDO SU NATURALEZA TRAVIESA Y ATERRADORA. ES UNA PIEZA IDEAL PARA LOS COLECCIONISTAS QUE BUSCAN UNA REPRESENTACI\u00d3N DETALLADA DE UNA DE LAS VILLANAS M\u00c1S EMBLEM\u00c1TICAS DE LA SERIE.<\/p>\n<p>FICHA TECNICA:<\/p>\n<p>ALTURA 17CM<br \/>\nMARCA BANDAI<br \/>\nLINEA THE EVIL VILLAINS<br \/>\nNO ARTICULABLE<\/p>\n","protected":false},"excerpt":{"rendered":"<p>LA FIGURA HIMIKO TOGA DE LA L\u00cdNEA THE EVIL VILLAINS DX DE BANDAI PRESENTA A LA VILLANA DE MY HERO ACADEMIA EN UNA POSTURA DIN\u00c1MICA Y DESAFIANTE. CON DETALLES EXCEPCIONALES EN SU VESTIMENTA, EXPRESI\u00d3N Y CABELLO, CAPTURA PERFECTAMENTE LA PERSONALIDAD IMPREDECIBLE Y PELIGROSA DE TOGA<\/p>\n","protected":false},"featured_media":2740,"comment_status":"open","ping_status":"closed","template":"","meta":[],"product_brand":[],"product_cat":[21,89],"product_tag":[35],"class_list":{"0":"post-2731","1":"product","2":"type-product","3":"status-publish","4":"has-post-thumbnail","6":"product_cat-my-hero-academia","7":"product_cat-novedades","8":"product_tag-bandai","10":"first","11":"outofstock","12":"shipping-taxable","13":"purchasable","14":"product-type-simple"},"_links":{"self":[{"href":"https:\/\/juanchitoys.com\/index.php\/wp-json\/wp\/v2\/product\/2731","targetHints":{"allow":["GET"]}}],"collection":[{"href":"https:\/\/juanchitoys.com\/index.php\/wp-json\/wp\/v2\/product"}],"about":[{"href":"https:\/\/juanchitoys.com\/index.php\/wp-json\/wp\/v2\/types\/product"}],"replies":[{"embeddable":true,"href":"https:\/\/juanchitoys.com\/index.php\/wp-json\/wp\/v2\/comments?post=2731"}],"wp:featuredmedia":[{"embeddable":true,"href":"https:\/\/juanchitoys.com\/index.php\/wp-json\/wp\/v2\/media\/2740"}],"wp:attachment":[{"href":"https:\/\/juanchitoys.com\/index.php\/wp-json\/wp\/v2\/media?parent=2731"}],"wp:term":[{"taxonomy":"product_brand","embeddable":true,"href":"https:\/\/juanchitoys.com\/index.php\/wp-json\/wp\/v2\/product_brand?post=2731"},{"taxonomy":"product_cat","embeddable":true,"href":"https:\/\/juanchitoys.com\/index.php\/wp-json\/wp\/v2\/product_cat?post=2731"},{"taxonomy":"product_tag","embeddable":true,"href":"https:\/\/juanchitoys.com\/index.php\/wp-json\/wp\/v2\/product_tag?post=2731"}],"curies":[{"name":"wp","href":"https:\/\/api.w.org\/{rel}","templated":true}]}}