{"id":2717,"date":"2024-11-06T14:13:58","date_gmt":"2024-11-06T19:13:58","guid":{"rendered":"https:\/\/juanchitoys.com\/?post_type=product&#038;p=2717"},"modified":"2026-01-06T14:55:06","modified_gmt":"2026-01-06T19:55:06","slug":"nezuko-glitter-and-glamours-banpresto","status":"publish","type":"product","link":"https:\/\/juanchitoys.com\/index.php\/producto\/nezuko-glitter-and-glamours-banpresto\/","title":{"rendered":"NEZUKO GLITTER AND GLAMOURS BANPRESTO"},"content":{"rendered":"<p>LA NEZUKO GLITTER AND GLAMOURS DE BANPRESTO ES UNA FIGURA DE ALTA CALIDAD QUE MUESTRA A NEZUKO KAMADO, DE DEMON SLAYER: KIMETSU NO YAIBA, EN UNA VERSI\u00d3N ELEGANTE Y DETALLADA. PARTE DE LA L\u00cdNEA GLITTER AND GLAMOURS, ESTA FIGURA RESALTA EL ENCANTO Y LA BELLEZA DEL PERSONAJE, CON ACABADOS CUIDADOSOS EN SU EXPRESI\u00d3N Y VESTIMENTA. CON UN DISE\u00d1O ESTILIZADO Y DETALLES PRECISOS, ES UNA PIEZA IMPRESCINDIBLE PARA LOS FAN\u00c1TICOS DE NEZUKO Y COLECCIONISTAS QUE BUSCAN A\u00d1ADIR UNA FIGURA ESPECIAL A SU COLECCI\u00d3N.<\/p>\n<p>FICHA TECNICA:<\/p>\n<p>ALTURA 22CM<br \/>\nMARCA BANPRESTO<br \/>\nLINEA GLITTER AND GLAMOURS<br \/>\nNO ARTICULABLE<\/p>\n","protected":false},"excerpt":{"rendered":"<p>LA NEZUKO GLITTER AND GLAMOURS DE BANPRESTO ES UNA FIGURA DE ALTA CALIDAD QUE MUESTRA A NEZUKO KAMADO, DE DEMON SLAYER: KIMETSU NO YAIBA, EN UNA VERSI\u00d3N ELEGANTE Y DETALLADA.<\/p>\n","protected":false},"featured_media":2720,"comment_status":"open","ping_status":"closed","template":"","meta":[],"product_brand":[],"product_cat":[20,89],"product_tag":[35],"class_list":{"0":"post-2717","1":"product","2":"type-product","3":"status-publish","4":"has-post-thumbnail","6":"product_cat-kimetsu-no-yaiba","7":"product_cat-novedades","8":"product_tag-bandai","10":"first","11":"outofstock","12":"shipping-taxable","13":"purchasable","14":"product-type-simple"},"_links":{"self":[{"href":"https:\/\/juanchitoys.com\/index.php\/wp-json\/wp\/v2\/product\/2717","targetHints":{"allow":["GET"]}}],"collection":[{"href":"https:\/\/juanchitoys.com\/index.php\/wp-json\/wp\/v2\/product"}],"about":[{"href":"https:\/\/juanchitoys.com\/index.php\/wp-json\/wp\/v2\/types\/product"}],"replies":[{"embeddable":true,"href":"https:\/\/juanchitoys.com\/index.php\/wp-json\/wp\/v2\/comments?post=2717"}],"wp:featuredmedia":[{"embeddable":true,"href":"https:\/\/juanchitoys.com\/index.php\/wp-json\/wp\/v2\/media\/2720"}],"wp:attachment":[{"href":"https:\/\/juanchitoys.com\/index.php\/wp-json\/wp\/v2\/media?parent=2717"}],"wp:term":[{"taxonomy":"product_brand","embeddable":true,"href":"https:\/\/juanchitoys.com\/index.php\/wp-json\/wp\/v2\/product_brand?post=2717"},{"taxonomy":"product_cat","embeddable":true,"href":"https:\/\/juanchitoys.com\/index.php\/wp-json\/wp\/v2\/product_cat?post=2717"},{"taxonomy":"product_tag","embeddable":true,"href":"https:\/\/juanchitoys.com\/index.php\/wp-json\/wp\/v2\/product_tag?post=2717"}],"curies":[{"name":"wp","href":"https:\/\/api.w.org\/{rel}","templated":true}]}}