{"id":2713,"date":"2024-11-06T14:07:48","date_gmt":"2024-11-06T19:07:48","guid":{"rendered":"https:\/\/juanchitoys.com\/?post_type=product&#038;p=2713"},"modified":"2025-11-19T13:27:26","modified_gmt":"2025-11-19T18:27:26","slug":"akaza-sega-spm","status":"publish","type":"product","link":"https:\/\/juanchitoys.com\/index.php\/producto\/akaza-sega-spm\/","title":{"rendered":"AKAZA SEGA SPM"},"content":{"rendered":"<p>LA AKAZA SEGA SPM ES UNA FIGURA PREMIUM DE SEGA QUE REPRESENTA AL PODEROSO DEMONIO AKAZA DE DEMON SLAYER: KIMETSU NO YAIBA. ESTA FIGURA DESTACA POR SUS DETALLES REALISTAS Y SU POSTURA DE COMBATE, CAPTURANDO PERFECTAMENTE LA FEROCIDAD Y AGILIDAD DEL PERSONAJE. CON ACABADOS DE ALTA CALIDAD Y UN DISE\u00d1O DIN\u00c1MICO, ES IDEAL PARA FANS DE LA SERIE Y COLECCIONISTAS QUE BUSCAN UNA REPRESENTACI\u00d3N FIEL Y DETALLADA DE ESTE FORMIDABLE ANTAGONISTA.<\/p>\n<p>FICHA TECNICA:<\/p>\n<p>ALTURA 19CM<br \/>\nMARCA SEGA<br \/>\nLINEA SPM<br \/>\nNO ARTICULABLE<\/p>\n","protected":false},"excerpt":{"rendered":"<p>LA AKAZA SEGA SPM ES UNA FIGURA PREMIUM DE SEGA QUE REPRESENTA AL PODEROSO DEMONIO AKAZA DE DEMON SLAYER: KIMETSU NO YAIBA. ESTA FIGURA DESTACA POR SUS DETALLES REALISTAS Y SU POSTURA DE COMBATE, CAPTURANDO PERFECTAMENTE LA FEROCIDAD Y AGILIDAD DEL PERSONAJE.<\/p>\n","protected":false},"featured_media":2714,"comment_status":"open","ping_status":"closed","template":"","meta":[],"product_brand":[],"product_cat":[20,89],"product_tag":[45,46],"class_list":{"0":"post-2713","1":"product","2":"type-product","3":"status-publish","4":"has-post-thumbnail","6":"product_cat-kimetsu-no-yaiba","7":"product_cat-novedades","8":"product_tag-sega","9":"product_tag-spm","11":"first","12":"outofstock","13":"shipping-taxable","14":"purchasable","15":"product-type-simple"},"_links":{"self":[{"href":"https:\/\/juanchitoys.com\/index.php\/wp-json\/wp\/v2\/product\/2713","targetHints":{"allow":["GET"]}}],"collection":[{"href":"https:\/\/juanchitoys.com\/index.php\/wp-json\/wp\/v2\/product"}],"about":[{"href":"https:\/\/juanchitoys.com\/index.php\/wp-json\/wp\/v2\/types\/product"}],"replies":[{"embeddable":true,"href":"https:\/\/juanchitoys.com\/index.php\/wp-json\/wp\/v2\/comments?post=2713"}],"wp:featuredmedia":[{"embeddable":true,"href":"https:\/\/juanchitoys.com\/index.php\/wp-json\/wp\/v2\/media\/2714"}],"wp:attachment":[{"href":"https:\/\/juanchitoys.com\/index.php\/wp-json\/wp\/v2\/media?parent=2713"}],"wp:term":[{"taxonomy":"product_brand","embeddable":true,"href":"https:\/\/juanchitoys.com\/index.php\/wp-json\/wp\/v2\/product_brand?post=2713"},{"taxonomy":"product_cat","embeddable":true,"href":"https:\/\/juanchitoys.com\/index.php\/wp-json\/wp\/v2\/product_cat?post=2713"},{"taxonomy":"product_tag","embeddable":true,"href":"https:\/\/juanchitoys.com\/index.php\/wp-json\/wp\/v2\/product_tag?post=2713"}],"curies":[{"name":"wp","href":"https:\/\/api.w.org\/{rel}","templated":true}]}}