{"id":2699,"date":"2024-11-06T13:49:52","date_gmt":"2024-11-06T18:49:52","guid":{"rendered":"https:\/\/juanchitoys.com\/?post_type=product&#038;p=2699"},"modified":"2025-02-22T10:26:39","modified_gmt":"2025-02-22T15:26:39","slug":"one-piece-film-red-senkozekkei-usopp","status":"publish","type":"product","link":"https:\/\/juanchitoys.com\/index.php\/producto\/one-piece-film-red-senkozekkei-usopp\/","title":{"rendered":"ONE PIECE FILM RED SENKOZEKKEI USOPP"},"content":{"rendered":"<p>LA ONE PIECE FILM: RED SENKOZEKKEI USOPP ES UNA FIGURA DE COLECCI\u00d3N INSPIRADA EN LA PEL\u00cdCULA ONE PIECE FILM: RED. ESTE MODELO CAPTURA A USOPP CON SU CARACTER\u00cdSTICO ESTILO Y EXPRESIVIDAD, EN UNA POSE DIN\u00c1MICA QUE REFLEJA SU PERSONALIDAD VALIENTE Y CREATIVA. CON DETALLES PRECISOS EN SU VESTUARIO Y ACCESORIOS, ESTA FIGURA ES PERFECTA PARA FANS DE ONE PIECE QUE BUSCAN AGREGAR UNA PIEZA DE ALTA CALIDAD Y FIEL AL PERSONAJE A SU COLECCI\u00d3N.<\/p>\n<p>FICHA TECNICA:<\/p>\n<p>ALTURA 13CM<br \/>\nMARCA BANDAI<br \/>\nLINEA SENKOZEKKEI<br \/>\nNO ARTICULABLE<\/p>\n","protected":false},"excerpt":{"rendered":"<p>LA ONE PIECE FILM: RED SENKOZEKKEI USOPP ES UNA FIGURA DE COLECCI\u00d3N INSPIRADA EN LA PEL\u00cdCULA ONE PIECE FILM: RED. ESTE MODELO CAPTURA A USOPP CON SU CARACTER\u00cdSTICO ESTILO Y EXPRESIVIDAD, EN UNA POSE DIN\u00c1MICA QUE REFLEJA SU PERSONALIDAD VALIENTE Y CREATIVA.<\/p>\n","protected":false},"featured_media":2700,"comment_status":"open","ping_status":"closed","template":"","meta":[],"product_brand":[],"product_cat":[19,89,69],"product_tag":[35],"class_list":{"0":"post-2699","1":"product","2":"type-product","3":"status-publish","4":"has-post-thumbnail","6":"product_cat-one-piece","7":"product_cat-novedades","8":"product_cat-proximos-en-llegar","9":"product_tag-bandai","11":"first","12":"instock","13":"shipping-taxable","14":"purchasable","15":"product-type-simple"},"_links":{"self":[{"href":"https:\/\/juanchitoys.com\/index.php\/wp-json\/wp\/v2\/product\/2699","targetHints":{"allow":["GET"]}}],"collection":[{"href":"https:\/\/juanchitoys.com\/index.php\/wp-json\/wp\/v2\/product"}],"about":[{"href":"https:\/\/juanchitoys.com\/index.php\/wp-json\/wp\/v2\/types\/product"}],"replies":[{"embeddable":true,"href":"https:\/\/juanchitoys.com\/index.php\/wp-json\/wp\/v2\/comments?post=2699"}],"wp:featuredmedia":[{"embeddable":true,"href":"https:\/\/juanchitoys.com\/index.php\/wp-json\/wp\/v2\/media\/2700"}],"wp:attachment":[{"href":"https:\/\/juanchitoys.com\/index.php\/wp-json\/wp\/v2\/media?parent=2699"}],"wp:term":[{"taxonomy":"product_brand","embeddable":true,"href":"https:\/\/juanchitoys.com\/index.php\/wp-json\/wp\/v2\/product_brand?post=2699"},{"taxonomy":"product_cat","embeddable":true,"href":"https:\/\/juanchitoys.com\/index.php\/wp-json\/wp\/v2\/product_cat?post=2699"},{"taxonomy":"product_tag","embeddable":true,"href":"https:\/\/juanchitoys.com\/index.php\/wp-json\/wp\/v2\/product_tag?post=2699"}],"curies":[{"name":"wp","href":"https:\/\/api.w.org\/{rel}","templated":true}]}}