{"id":2685,"date":"2024-11-06T12:25:28","date_gmt":"2024-11-06T17:25:28","guid":{"rendered":"https:\/\/juanchitoys.com\/?post_type=product&#038;p=2685"},"modified":"2025-06-12T18:31:55","modified_gmt":"2025-06-12T23:31:55","slug":"hatsune-miku-yuichi-15-aniversario-spm-sega","status":"publish","type":"product","link":"https:\/\/juanchitoys.com\/index.php\/producto\/hatsune-miku-yuichi-15-aniversario-spm-sega\/","title":{"rendered":"HATSUNE MIKU YUICHI 15 ANIVERSARIO SPM SEGA"},"content":{"rendered":"<p>LA HATSUNE MIKU YUICHI 15\u00ba ANIVERSARIO SPM DE SEGA ES UNA FIGURA ESPECIAL DE LA POPULAR VOCALOID, CREADA PARA CONMEMORAR SUS 15 A\u00d1OS. ESTA EDICI\u00d3N DE SUPER PREMIUM (SPM) DESTACA POR SU DETALLE Y COLORIDO, CAPTURANDO A MIKU EN UN ATUENDO FESTIVO Y DIN\u00c1MICO, CON UN ESTILO VIBRANTE Y ALEGRE. SU POSE Y DETALLES EN CABELLO Y VESTUARIO HACEN DE ESTA FIGURA UNA PIEZA IMPRESCINDIBLE PARA LOS FAN\u00c1TICOS DE MIKU, IDEAL PARA CELEBRAR LA TRAYECTORIA DE ESTE \u00cdCONO DE LA CULTURA POP JAPONESA.<\/p>\n<p>FICHA TECNICA:<\/p>\n<p>ALTURA 21CM<br \/>\nMARCA BANDAI<br \/>\nLINEA SPM<br \/>\nNO ARTICULABLE<\/p>\n","protected":false},"excerpt":{"rendered":"<p>LA HATSUNE MIKU YUICHI 15\u00ba ANIVERSARIO SPM DE SEGA ES UNA FIGURA ESPECIAL DE LA POPULAR VOCALOID, CREADA PARA CONMEMORAR SUS 15 A\u00d1OS. ESTA EDICI\u00d3N DE SUPER PREMIUM (SPM) DESTACA POR SU DETALLE Y COLORIDO, CAPTURANDO A MIKU EN UN ATUENDO FESTIVO Y DIN\u00c1MICO, CON UN ESTILO VIBRANTE Y ALEGRE. SU POSE Y DETALLES EN CABELLO Y VESTUARIO HACEN DE ESTA FIGURA UNA PIEZA IMPRESCINDIBLE PARA LOS FAN\u00c1TICOS DE MIKU, IDEAL PARA CELEBRAR LA TRAYECTORIA DE ESTE \u00cdCONO DE LA CULTURA POP JAPONESA.<\/p>\n","protected":false},"featured_media":2686,"comment_status":"open","ping_status":"closed","template":"","meta":[],"product_brand":[],"product_cat":[92,89],"product_tag":[45,46],"class_list":{"0":"post-2685","1":"product","2":"type-product","3":"status-publish","4":"has-post-thumbnail","6":"product_cat-hatsune-miku","7":"product_cat-novedades","8":"product_tag-sega","9":"product_tag-spm","11":"first","12":"outofstock","13":"shipping-taxable","14":"purchasable","15":"product-type-simple"},"_links":{"self":[{"href":"https:\/\/juanchitoys.com\/index.php\/wp-json\/wp\/v2\/product\/2685","targetHints":{"allow":["GET"]}}],"collection":[{"href":"https:\/\/juanchitoys.com\/index.php\/wp-json\/wp\/v2\/product"}],"about":[{"href":"https:\/\/juanchitoys.com\/index.php\/wp-json\/wp\/v2\/types\/product"}],"replies":[{"embeddable":true,"href":"https:\/\/juanchitoys.com\/index.php\/wp-json\/wp\/v2\/comments?post=2685"}],"wp:featuredmedia":[{"embeddable":true,"href":"https:\/\/juanchitoys.com\/index.php\/wp-json\/wp\/v2\/media\/2686"}],"wp:attachment":[{"href":"https:\/\/juanchitoys.com\/index.php\/wp-json\/wp\/v2\/media?parent=2685"}],"wp:term":[{"taxonomy":"product_brand","embeddable":true,"href":"https:\/\/juanchitoys.com\/index.php\/wp-json\/wp\/v2\/product_brand?post=2685"},{"taxonomy":"product_cat","embeddable":true,"href":"https:\/\/juanchitoys.com\/index.php\/wp-json\/wp\/v2\/product_cat?post=2685"},{"taxonomy":"product_tag","embeddable":true,"href":"https:\/\/juanchitoys.com\/index.php\/wp-json\/wp\/v2\/product_tag?post=2685"}],"curies":[{"name":"wp","href":"https:\/\/api.w.org\/{rel}","templated":true}]}}