{"id":268,"date":"2024-06-06T12:22:01","date_gmt":"2024-06-06T17:22:01","guid":{"rendered":"https:\/\/juanchitoys.com\/?post_type=product&#038;p=268"},"modified":"2025-01-23T17:32:39","modified_gmt":"2025-01-23T22:32:39","slug":"enmu","status":"publish","type":"product","link":"https:\/\/juanchitoys.com\/index.php\/producto\/enmu\/","title":{"rendered":"ENMU"},"content":{"rendered":"<p>BANPRESTO PRESENTA PARA LA NUEVA COLECCI\u00d3N DE FIGURAS DEMON SERIES, LA FIGURA DE ENMU DEL POPULAR MANGA Y ANIME \u00abDEMON SLAYER KIMETSU NO YAIBA\u00bb. ENMU ES UN PERSONAJE DE LA FRANQUICIA KIMETSU NO YAIBA. FUE UN DEMONIO QUE PERTENECI\u00d3 AL GRUPO DE LAS DOCE LUNAS DEMON\u00cdACAS OSTENTANDO LA POSICI\u00d3N DE LA LUNA INFERIOR UNO. ENMU ERA UN DEMONIO S\u00c1DICO. DISFRUTABA MOSTRARLE PESADILLAS A SUS VICTIMAS LUEGO DE MOSTRARLES UN SUE\u00d1O FELIZ; LE AGRADABA VER LAS CARAS DISTORSIONADA DE LOS HUMANOS, VER A LAS PERSONAS GOLPEADAS POR LA DESGRACIA CUANDO GIMEN Y SE RETUERCEN DEL DOLOR.<\/p>\n<p>FICHA TECNICA:<br \/>\n* KIMETSU NO YAIBA: BAMPRESTO DEMON SERIES &#8211; ENMU<br \/>\n* MATERIAL: PVC<br \/>\n* TAMA\u00d1O 15 CM DE ALTO<br \/>\n* ORIGEN JAPON<\/p>\n","protected":false},"excerpt":{"rendered":"<p>BANPRESTO PRESENTA PARA LA NUEVA COLECCI\u00d3N DE FIGURAS DEMON SERIES, LA FIGURA DE ENMU DEL POPULAR MANGA Y ANIME \u00abDEMON SLAYER KIMETSU NO YAIBA\u00bb<\/p>\n","protected":false},"featured_media":271,"comment_status":"open","ping_status":"closed","template":"","meta":[],"product_brand":[],"product_cat":[20],"product_tag":[35],"class_list":{"0":"post-268","1":"product","2":"type-product","3":"status-publish","4":"has-post-thumbnail","6":"product_cat-kimetsu-no-yaiba","7":"product_tag-bandai","9":"first","10":"instock","11":"shipping-taxable","12":"purchasable","13":"product-type-simple"},"_links":{"self":[{"href":"https:\/\/juanchitoys.com\/index.php\/wp-json\/wp\/v2\/product\/268","targetHints":{"allow":["GET"]}}],"collection":[{"href":"https:\/\/juanchitoys.com\/index.php\/wp-json\/wp\/v2\/product"}],"about":[{"href":"https:\/\/juanchitoys.com\/index.php\/wp-json\/wp\/v2\/types\/product"}],"replies":[{"embeddable":true,"href":"https:\/\/juanchitoys.com\/index.php\/wp-json\/wp\/v2\/comments?post=268"}],"wp:featuredmedia":[{"embeddable":true,"href":"https:\/\/juanchitoys.com\/index.php\/wp-json\/wp\/v2\/media\/271"}],"wp:attachment":[{"href":"https:\/\/juanchitoys.com\/index.php\/wp-json\/wp\/v2\/media?parent=268"}],"wp:term":[{"taxonomy":"product_brand","embeddable":true,"href":"https:\/\/juanchitoys.com\/index.php\/wp-json\/wp\/v2\/product_brand?post=268"},{"taxonomy":"product_cat","embeddable":true,"href":"https:\/\/juanchitoys.com\/index.php\/wp-json\/wp\/v2\/product_cat?post=268"},{"taxonomy":"product_tag","embeddable":true,"href":"https:\/\/juanchitoys.com\/index.php\/wp-json\/wp\/v2\/product_tag?post=268"}],"curies":[{"name":"wp","href":"https:\/\/api.w.org\/{rel}","templated":true}]}}