{"id":2671,"date":"2024-11-06T12:00:05","date_gmt":"2024-11-06T17:00:05","guid":{"rendered":"https:\/\/juanchitoys.com\/?post_type=product&#038;p=2671"},"modified":"2025-06-12T18:32:14","modified_gmt":"2025-06-12T23:32:14","slug":"gundam-00-driver-solid-clear-prize-g-hg-bandai","status":"publish","type":"product","link":"https:\/\/juanchitoys.com\/index.php\/producto\/gundam-00-driver-solid-clear-prize-g-hg-bandai\/","title":{"rendered":"GUNDAM 00 DRIVER SOLID CLEAR PRIZE G HG BANDAI"},"content":{"rendered":"<p>EL GUNDAM 00 DIVER SOLID CLEAR PRIZE HG ES UNA FIGURA DE BANDAI DE ALTA CALIDAD QUE PERTENECE A LA L\u00cdNEA HIGH GRADE (HG) . ESTE MODELO, INSPIRADO EN LA SERIE GUNDAM BUILD DIVERS , DESTACA POR SU DISE\u00d1O TRANSL\u00daCIDO QUE PERMITE VER DETALLES INTERNOS Y OFRECE UN ASPECTO \u00daNICO Y BRILLANTE. SU CONSTRUCCI\u00d3N PERMITE UNA GRAN MOVILIDAD EN SUS ARTICULACIONES Y UN ACABADO S\u00d3LIDO, IDEAL PARA EXHIBICI\u00d3N.<\/p>\n<p>&nbsp;<\/p>\n<p>FICHA TECNICA:<\/p>\n<p>MARCA BANDAI<br \/>\nESCALA 1\/444<br \/>\nLINEA HG SERIES<br \/>\nARTICULABLE<br \/>\nREQUIERE ENSAMBLADO<br \/>\nDETALLES PRECISOS<\/p>\n","protected":false},"excerpt":{"rendered":"<p>EL GUNDAM 00 DIVER SOLID CLEAR PRIZE HG ES UNA FIGURA DE BANDAI DE ALTA CALIDAD QUE PERTENECE A LA L\u00cdNEA HIGH GRADE (HG) . ESTE MODELO, INSPIRADO EN LA SERIE GUNDAM BUILD DIVERS , DESTACA POR SU DISE\u00d1O TRANSL\u00daCIDO QUE PERMITE VER DETALLES INTERNOS Y OFRECE UN ASPECTO \u00daNICO Y BRILLANTE. SU CONSTRUCCI\u00d3N PERMITE UNA GRAN MOVILIDAD EN SUS ARTICULACIONES Y UN ACABADO S\u00d3LIDO, IDEAL PARA EXHIBICI\u00d3N.<\/p>\n","protected":false},"featured_media":2675,"comment_status":"open","ping_status":"closed","template":"","meta":[],"product_brand":[],"product_cat":[101,89],"product_tag":[35,67],"class_list":{"0":"post-2671","1":"product","2":"type-product","3":"status-publish","4":"has-post-thumbnail","6":"product_cat-gundam-anime","7":"product_cat-novedades","8":"product_tag-bandai","9":"product_tag-plastic-model","11":"first","12":"outofstock","13":"shipping-taxable","14":"purchasable","15":"product-type-simple"},"_links":{"self":[{"href":"https:\/\/juanchitoys.com\/index.php\/wp-json\/wp\/v2\/product\/2671","targetHints":{"allow":["GET"]}}],"collection":[{"href":"https:\/\/juanchitoys.com\/index.php\/wp-json\/wp\/v2\/product"}],"about":[{"href":"https:\/\/juanchitoys.com\/index.php\/wp-json\/wp\/v2\/types\/product"}],"replies":[{"embeddable":true,"href":"https:\/\/juanchitoys.com\/index.php\/wp-json\/wp\/v2\/comments?post=2671"}],"wp:featuredmedia":[{"embeddable":true,"href":"https:\/\/juanchitoys.com\/index.php\/wp-json\/wp\/v2\/media\/2675"}],"wp:attachment":[{"href":"https:\/\/juanchitoys.com\/index.php\/wp-json\/wp\/v2\/media?parent=2671"}],"wp:term":[{"taxonomy":"product_brand","embeddable":true,"href":"https:\/\/juanchitoys.com\/index.php\/wp-json\/wp\/v2\/product_brand?post=2671"},{"taxonomy":"product_cat","embeddable":true,"href":"https:\/\/juanchitoys.com\/index.php\/wp-json\/wp\/v2\/product_cat?post=2671"},{"taxonomy":"product_tag","embeddable":true,"href":"https:\/\/juanchitoys.com\/index.php\/wp-json\/wp\/v2\/product_tag?post=2671"}],"curies":[{"name":"wp","href":"https:\/\/api.w.org\/{rel}","templated":true}]}}